{"id":39563,"date":"2023-01-06T14:46:37","date_gmt":"2023-01-06T07:46:37","guid":{"rendered":"https:\/\/mouldking.store\/?post_type=product&#038;p=39563"},"modified":"2025-12-25T09:11:48","modified_gmt":"2025-12-25T02:11:48","slug":"moc-89503-horizon-zero-dawn-tallneck-robot-with-238-pieces","status":"publish","type":"product","link":"https:\/\/mouldking.store\/nb\/shop\/moc-89503-horizon-zero-dawn-tallneck-robot-with-238-pieces\/","title":{"rendered":"MOC-89503 Horizon Zero Dawn Tallneck-robot med 238 deler"},"content":{"rendered":"<ol>\n<li>Merke: MOC<\/li>\n<li>Kj\u00f8nn: Unisex<\/li>\n<li>Name: Horizon Zero Dawn Tallneck Robot<\/li>\n<li>Aldersgruppe: &gt; 6 \u00e5r gammel<\/li>\n<li>Model Number: 89503<\/li>\n<li>Klassifisering: Montering<\/li>\n<li>Plastblokkform: Selvl\u00e5sende murstein<\/li>\n<li>Materiale: Plast<\/li>\n<li>Plasttype: ABS<\/li>\n<li>Bricks Blocks:238 PCS<\/li>\n<li>Size: 8 x 7 x 24 cm<\/li>\n<li>Weight: 0.12 kg<\/li>\n<li>Inneholder detaljerte monteringsanvisninger.<\/li>\n<\/ol>\n<p>Legge merke til:<br \/>\n1. Uten original eske, men vi garanterer at v\u00e5re produkter har kvalitetssikring og pen emballasje.<br \/>\n2. Som alle delene vi har sjekket f\u00f8r frakt, s\u00e5 hvis du finner noen deler savnet eller skadet, ikke bekymre deg og bare kontakt oss, s\u00e5 kan vi sende dem til deg p\u00e5 nytt umiddelbart gratis.<\/p>\n<figure id=\"attachment_39564\" aria-describedby=\"caption-attachment-39564\" style=\"width: 1004px\" class=\"wp-caption aligncenter\"><img fetchpriority=\"high\" decoding=\"async\" class=\"wp-image-39564 size-full\" src=\"https:\/\/mouldking.store\/wp-content\/uploads\/2023\/01\/MOC-89503-Creator-Horizon-Zero-Dawn-Tallneck-Robot-MOC-FACTORY.png\" alt=\"MOC-89503 Horizon Zero Dawn Tallneck Robot With 238 Pieces\" width=\"1004\" height=\"1004\" title=\"-\"><figcaption id=\"caption-attachment-39564\" class=\"wp-caption-text\">MOC-89503 Horizon Zero Dawn Tallneck-robot med 238 deler<\/figcaption><\/figure>\n<figure id=\"attachment_39565\" aria-describedby=\"caption-attachment-39565\" style=\"width: 800px\" class=\"wp-caption aligncenter\"><img decoding=\"async\" class=\"wp-image-39565 size-full\" src=\"https:\/\/mouldking.store\/wp-content\/uploads\/2023\/01\/Horizon-Zero-Dawn-Tallneck-Robot-MOC-89503-2.jpg\" alt=\"MOC-89503 Horizon Zero Dawn Tallneck Robot With 238 Pieces\" width=\"800\" height=\"800\" title=\"-\"><figcaption id=\"caption-attachment-39565\" class=\"wp-caption-text\">MOC-89503 Horizon Zero Dawn Tallneck-robot med 238 deler<\/figcaption><\/figure>\n<figure id=\"attachment_39566\" aria-describedby=\"caption-attachment-39566\" style=\"width: 800px\" class=\"wp-caption aligncenter\"><img decoding=\"async\" class=\"wp-image-39566 size-full\" src=\"https:\/\/mouldking.store\/wp-content\/uploads\/2023\/01\/Horizon-Zero-Dawn-Tallneck-Robot-MOC-89503-3.jpg\" alt=\"MOC-89503 Horizon Zero Dawn Tallneck Robot With 238 Pieces\" width=\"800\" height=\"800\" title=\"-\"><figcaption id=\"caption-attachment-39566\" class=\"wp-caption-text\">MOC-89503 Horizon Zero Dawn Tallneck-robot med 238 deler<\/figcaption><\/figure>\n<figure id=\"attachment_39567\" aria-describedby=\"caption-attachment-39567\" style=\"width: 800px\" class=\"wp-caption aligncenter\"><img loading=\"lazy\" decoding=\"async\" class=\"wp-image-39567 size-full\" src=\"https:\/\/mouldking.store\/wp-content\/uploads\/2023\/01\/Horizon-Zero-Dawn-Tallneck-Robot-MOC-89503-4.jpg\" alt=\"MOC-89503 Horizon Zero Dawn Tallneck Robot With 238 Pieces\" width=\"800\" height=\"800\" title=\"-\"><figcaption id=\"caption-attachment-39567\" class=\"wp-caption-text\">MOC-89503 Horizon Zero Dawn Tallneck-robot med 238 deler<\/figcaption><\/figure>\n<figure id=\"attachment_39568\" aria-describedby=\"caption-attachment-39568\" style=\"width: 800px\" class=\"wp-caption aligncenter\"><img loading=\"lazy\" decoding=\"async\" class=\"wp-image-39568 size-full\" src=\"https:\/\/mouldking.store\/wp-content\/uploads\/2023\/01\/Horizon-Zero-Dawn-Tallneck-Robot-MOC-89503-5.jpg\" alt=\"MOC-89503 Horizon Zero Dawn Tallneck Robot With 238 Pieces\" width=\"800\" height=\"800\" title=\"-\"><figcaption id=\"caption-attachment-39568\" class=\"wp-caption-text\">MOC-89503 Horizon Zero Dawn Tallneck-robot med 238 deler<\/figcaption><\/figure>\n<figure id=\"attachment_39569\" aria-describedby=\"caption-attachment-39569\" style=\"width: 800px\" class=\"wp-caption aligncenter\"><img loading=\"lazy\" decoding=\"async\" class=\"wp-image-39569 size-full\" src=\"https:\/\/mouldking.store\/wp-content\/uploads\/2023\/01\/Horizon-Zero-Dawn-Tallneck-Robot-MOC-89503-6.jpg\" alt=\"MOC-89503 Horizon Zero Dawn Tallneck Robot With 238 Pieces\" width=\"800\" height=\"1523\" title=\"-\"><figcaption id=\"caption-attachment-39569\" class=\"wp-caption-text\">MOC-89503 Horizon Zero Dawn Tallneck-robot med 238 deler<\/figcaption><\/figure>","protected":false},"excerpt":{"rendered":"<p>Brand: MOC Gender: Unisex Name: Horizon Zero Dawn Tallneck Robot Age Range: &gt; 6 years old Model Number: 89503 Classification: Assemblage Plastic Block Shape: Self-Locking Bricks Material: Plastic Plastic Type: ABS Bricks Blocks:238 PCS Size: 8 x 7 x 24 cm Weight: 0.12 kg Contains detailed assembly instructions. Notice: 1. Without an original box, but [&hellip;]<\/p>","protected":false},"featured_media":39564,"comment_status":"closed","ping_status":"closed","template":"","meta":{"_acf_changed":false},"product_cat":[1365,371],"product_tag":[8168,5808,10840,430,10837,10841,10836,590,10838,10839,8169],"class_list":["product","first","instock","shipping-taxable","purchasable","product-type-simple"],"acf":[],"_links":{"self":[{"href":"https:\/\/mouldking.store\/nb\/wp-json\/wp\/v2\/product\/39563","targetHints":{"allow":["GET"]}}],"collection":[{"href":"https:\/\/mouldking.store\/nb\/wp-json\/wp\/v2\/product"}],"about":[{"href":"https:\/\/mouldking.store\/nb\/wp-json\/wp\/v2\/types\/product"}],"replies":[{"embeddable":true,"href":"https:\/\/mouldking.store\/nb\/wp-json\/wp\/v2\/comments?post=39563"}],"wp:featuredmedia":[{"embeddable":true,"href":"https:\/\/mouldking.store\/nb\/wp-json\/wp\/v2\/media\/39564"}],"wp:attachment":[{"href":"https:\/\/mouldking.store\/nb\/wp-json\/wp\/v2\/media?parent=39563"}],"wp:term":[{"taxonomy":"product_cat","embeddable":true,"href":"https:\/\/mouldking.store\/nb\/wp-json\/wp\/v2\/product_cat?post=39563"},{"taxonomy":"product_tag","embeddable":true,"href":"https:\/\/mouldking.store\/nb\/wp-json\/wp\/v2\/product_tag?post=39563"}],"curies":[{"name":"wp","href":"https:\/\/api.w.org\/{rel}","templated":true}]}}