{"id":39581,"date":"2023-01-06T15:06:17","date_gmt":"2023-01-06T08:06:17","guid":{"rendered":"https:\/\/mouldking.store\/?post_type=product&#038;p=39581"},"modified":"2025-12-25T09:11:48","modified_gmt":"2025-12-25T02:11:48","slug":"moc-89501-educational-alphabet-lore-cab-taxi-with-295-pieces","status":"publish","type":"product","link":"https:\/\/mouldking.store\/nb\/shop\/moc-89501-educational-alphabet-lore-cab-taxi-with-295-pieces\/","title":{"rendered":"MOC-89501 Educational Alphabet Lore CAB taxi With 295 Pieces"},"content":{"rendered":"<ol>\n<li>Merke: MOC<\/li>\n<li>Kj\u00f8nn: Unisex<\/li>\n<li>Name: Educational Alphabet Lore CAB taxi<\/li>\n<li>Aldersgruppe: &gt; 6 \u00e5r gammel<\/li>\n<li>Model Number: 89501<\/li>\n<li>Klassifisering: Montering<\/li>\n<li>Plastblokkform: Selvl\u00e5sende murstein<\/li>\n<li>Materiale: Plast<\/li>\n<li>Plasttype: ABS<\/li>\n<li>Bricks Blocks:295 PCS<\/li>\n<li>Size: 16.9 x 7 x 10.2 cm<\/li>\n<li>Vekt: 0,2 kg<\/li>\n<li>Inneholder detaljerte monteringsanvisninger.<\/li>\n<\/ol>\n<p>Legge merke til:<br \/>\n1. Uten original eske, men vi garanterer at v\u00e5re produkter har kvalitetssikring og pen emballasje.<br \/>\n2. Som alle delene vi har sjekket f\u00f8r frakt, s\u00e5 hvis du finner noen deler savnet eller skadet, ikke bekymre deg og bare kontakt oss, s\u00e5 kan vi sende dem til deg p\u00e5 nytt umiddelbart gratis.<\/p>\n<figure id=\"attachment_39583\" aria-describedby=\"caption-attachment-39583\" style=\"width: 1004px\" class=\"wp-caption aligncenter\"><img fetchpriority=\"high\" decoding=\"async\" class=\"wp-image-39583 size-full\" src=\"https:\/\/mouldking.store\/wp-content\/uploads\/2023\/01\/MOC-89501-Creator-Educational-Alphabet-Lore-CAB-taxi-MOC-FACTORY.png\" alt=\"MOC-89501 Educational Alphabet Lore CAB taxi With 295 Pieces\" width=\"1004\" height=\"1004\" title=\"-\"><figcaption id=\"caption-attachment-39583\" class=\"wp-caption-text\">MOC-89501 Educational Alphabet Lore CAB taxi With 295 Pieces<\/figcaption><\/figure>\n<figure id=\"attachment_39584\" aria-describedby=\"caption-attachment-39584\" style=\"width: 800px\" class=\"wp-caption aligncenter\"><img decoding=\"async\" class=\"wp-image-39584 size-full\" src=\"https:\/\/mouldking.store\/wp-content\/uploads\/2023\/01\/Educational-Alphabet-Lore-CAB-taxi-MOC-89501-1.jpg\" alt=\"MOC-89501 Educational Alphabet Lore CAB taxi With 295 Pieces\" width=\"800\" height=\"800\" title=\"-\"><figcaption id=\"caption-attachment-39584\" class=\"wp-caption-text\">MOC-89501 Educational Alphabet Lore CAB taxi With 295 Pieces<\/figcaption><\/figure>\n<figure id=\"attachment_39585\" aria-describedby=\"caption-attachment-39585\" style=\"width: 800px\" class=\"wp-caption aligncenter\"><img decoding=\"async\" class=\"wp-image-39585 size-full\" src=\"https:\/\/mouldking.store\/wp-content\/uploads\/2023\/01\/Educational-Alphabet-Lore-CAB-taxi-MOC-89501-2.jpg\" alt=\"MOC-89501 Educational Alphabet Lore CAB taxi With 295 Pieces\" width=\"800\" height=\"800\" title=\"-\"><figcaption id=\"caption-attachment-39585\" class=\"wp-caption-text\">MOC-89501 Educational Alphabet Lore CAB taxi With 295 Pieces<\/figcaption><\/figure>\n<figure id=\"attachment_39586\" aria-describedby=\"caption-attachment-39586\" style=\"width: 800px\" class=\"wp-caption aligncenter\"><img loading=\"lazy\" decoding=\"async\" class=\"wp-image-39586 size-full\" src=\"https:\/\/mouldking.store\/wp-content\/uploads\/2023\/01\/Educational-Alphabet-Lore-CAB-taxi-MOC-89501-3.jpg\" alt=\"MOC-89501 Educational Alphabet Lore CAB taxi With 295 Pieces\" width=\"800\" height=\"800\" title=\"-\"><figcaption id=\"caption-attachment-39586\" class=\"wp-caption-text\">MOC-89501 Educational Alphabet Lore CAB taxi With 295 Pieces<\/figcaption><\/figure>\n<figure id=\"attachment_39587\" aria-describedby=\"caption-attachment-39587\" style=\"width: 800px\" class=\"wp-caption aligncenter\"><img loading=\"lazy\" decoding=\"async\" class=\"wp-image-39587 size-full\" src=\"https:\/\/mouldking.store\/wp-content\/uploads\/2023\/01\/Educational-Alphabet-Lore-CAB-taxi-MOC-89501-4.jpg\" alt=\"MOC-89501 Educational Alphabet Lore CAB taxi With 295 Pieces\" width=\"800\" height=\"800\" title=\"-\"><figcaption id=\"caption-attachment-39587\" class=\"wp-caption-text\">MOC-89501 Educational Alphabet Lore CAB taxi With 295 Pieces<\/figcaption><\/figure>\n<figure id=\"attachment_39588\" aria-describedby=\"caption-attachment-39588\" style=\"width: 800px\" class=\"wp-caption aligncenter\"><img loading=\"lazy\" decoding=\"async\" class=\"wp-image-39588 size-full\" src=\"https:\/\/mouldking.store\/wp-content\/uploads\/2023\/01\/Educational-Alphabet-Lore-CAB-taxi-MOC-89501-5.jpg\" alt=\"MOC-89501 Educational Alphabet Lore CAB taxi With 295 Pieces\" width=\"800\" height=\"800\" title=\"-\"><figcaption id=\"caption-attachment-39588\" class=\"wp-caption-text\">MOC-89501 Educational Alphabet Lore CAB taxi With 295 Pieces<\/figcaption><\/figure>\n<figure id=\"attachment_39589\" aria-describedby=\"caption-attachment-39589\" style=\"width: 800px\" class=\"wp-caption aligncenter\"><img loading=\"lazy\" decoding=\"async\" class=\"wp-image-39589 size-full\" src=\"https:\/\/mouldking.store\/wp-content\/uploads\/2023\/01\/Educational-Alphabet-Lore-CAB-taxi-MOC-89501-6.jpg\" alt=\"MOC-89501 Educational Alphabet Lore CAB taxi With 295 Pieces\" width=\"800\" height=\"800\" title=\"-\"><figcaption id=\"caption-attachment-39589\" class=\"wp-caption-text\">MOC-89501 Educational Alphabet Lore CAB taxi With 295 Pieces<\/figcaption><\/figure>\n<figure id=\"attachment_39590\" aria-describedby=\"caption-attachment-39590\" style=\"width: 800px\" class=\"wp-caption aligncenter\"><img loading=\"lazy\" decoding=\"async\" class=\"wp-image-39590 size-full\" src=\"https:\/\/mouldking.store\/wp-content\/uploads\/2023\/01\/Educational-Alphabet-Lore-CAB-taxi-MOC-89501-7.jpg\" alt=\"MOC-89501 Educational Alphabet Lore CAB taxi With 295 Pieces\" width=\"800\" height=\"800\" title=\"-\"><figcaption id=\"caption-attachment-39590\" class=\"wp-caption-text\">MOC-89501 Educational Alphabet Lore CAB taxi With 295 Pieces<\/figcaption><\/figure>\n<figure id=\"attachment_39591\" aria-describedby=\"caption-attachment-39591\" style=\"width: 800px\" class=\"wp-caption aligncenter\"><img loading=\"lazy\" decoding=\"async\" class=\"wp-image-39591 size-full\" src=\"https:\/\/mouldking.store\/wp-content\/uploads\/2023\/01\/Educational-Alphabet-Lore-CAB-taxi-MOC-89501-8.jpg\" alt=\"MOC-89501 Educational Alphabet Lore CAB taxi With 295 Pieces\" width=\"800\" height=\"800\" title=\"-\"><figcaption id=\"caption-attachment-39591\" class=\"wp-caption-text\">MOC-89501 Educational Alphabet Lore CAB taxi With 295 Pieces<\/figcaption><\/figure>\n<figure id=\"attachment_39592\" aria-describedby=\"caption-attachment-39592\" style=\"width: 800px\" class=\"wp-caption aligncenter\"><img loading=\"lazy\" decoding=\"async\" class=\"wp-image-39592 size-full\" src=\"https:\/\/mouldking.store\/wp-content\/uploads\/2023\/01\/Educational-Alphabet-Lore-CAB-taxi-MOC-89501-9.jpg\" alt=\"MOC-89501 Educational Alphabet Lore CAB taxi With 295 Pieces\" width=\"800\" height=\"800\" title=\"-\"><figcaption id=\"caption-attachment-39592\" class=\"wp-caption-text\">MOC-89501 Educational Alphabet Lore CAB taxi With 295 Pieces<\/figcaption><\/figure>\n<figure id=\"attachment_39593\" aria-describedby=\"caption-attachment-39593\" style=\"width: 800px\" class=\"wp-caption aligncenter\"><img loading=\"lazy\" decoding=\"async\" class=\"wp-image-39593 size-full\" src=\"https:\/\/mouldking.store\/wp-content\/uploads\/2023\/01\/Educational-Alphabet-Lore-CAB-taxi-MOC-89501-10.jpg\" alt=\"MOC-89501 Educational Alphabet Lore CAB taxi With 295 Pieces\" width=\"800\" height=\"800\" title=\"-\"><figcaption id=\"caption-attachment-39593\" class=\"wp-caption-text\">MOC-89501 Educational Alphabet Lore CAB taxi With 295 Pieces<\/figcaption><\/figure>","protected":false},"excerpt":{"rendered":"<p>Brand: MOC Gender: Unisex Name: Educational Alphabet Lore CAB taxi Age Range: &gt; 6 years old Model Number: 89501 Classification: Assemblage Plastic Block Shape: Self-Locking Bricks Material: Plastic Plastic Type: ABS Bricks Blocks:295 PCS Size: 16.9 x 7 x 10.2 cm Weight: 0.2 kg Contains detailed assembly instructions. Notice: 1. Without an original box, but [&hellip;]<\/p>","protected":false},"featured_media":39583,"comment_status":"closed","ping_status":"closed","template":"","meta":{"_acf_changed":false},"product_cat":[1365,371],"product_tag":[10850,10853,1486,10851,10855,10852,10854,430,10849,10856,10848,10386],"class_list":["product","first","instock","shipping-taxable","purchasable","product-type-simple"],"acf":[],"_links":{"self":[{"href":"https:\/\/mouldking.store\/nb\/wp-json\/wp\/v2\/product\/39581","targetHints":{"allow":["GET"]}}],"collection":[{"href":"https:\/\/mouldking.store\/nb\/wp-json\/wp\/v2\/product"}],"about":[{"href":"https:\/\/mouldking.store\/nb\/wp-json\/wp\/v2\/types\/product"}],"replies":[{"embeddable":true,"href":"https:\/\/mouldking.store\/nb\/wp-json\/wp\/v2\/comments?post=39581"}],"wp:featuredmedia":[{"embeddable":true,"href":"https:\/\/mouldking.store\/nb\/wp-json\/wp\/v2\/media\/39583"}],"wp:attachment":[{"href":"https:\/\/mouldking.store\/nb\/wp-json\/wp\/v2\/media?parent=39581"}],"wp:term":[{"taxonomy":"product_cat","embeddable":true,"href":"https:\/\/mouldking.store\/nb\/wp-json\/wp\/v2\/product_cat?post=39581"},{"taxonomy":"product_tag","embeddable":true,"href":"https:\/\/mouldking.store\/nb\/wp-json\/wp\/v2\/product_tag?post=39581"}],"curies":[{"name":"wp","href":"https:\/\/api.w.org\/{rel}","templated":true}]}}