{"id":39594,"date":"2023-01-06T15:13:02","date_gmt":"2023-01-06T08:13:02","guid":{"rendered":"https:\/\/mouldking.store\/?post_type=product&#038;p=39594"},"modified":"2025-12-25T09:11:48","modified_gmt":"2025-12-25T02:11:48","slug":"moc-89500-doctor-who-1st-doctor-with-131-pieces","status":"publish","type":"product","link":"https:\/\/mouldking.store\/nb\/shop\/moc-89500-doctor-who-1st-doctor-with-131-pieces\/","title":{"rendered":"MOC-89500 Doctor Who 1. DOCTOR Med 131 stk"},"content":{"rendered":"<ol>\n<li>Merke: MOC<\/li>\n<li>Kj\u00f8nn: Unisex<\/li>\n<li>Name: Doctor Who 1ST DOCTOR<\/li>\n<li>Aldersgruppe: &gt; 6 \u00e5r gammel<\/li>\n<li>Model Number: 89500<\/li>\n<li>Klassifisering: Montering<\/li>\n<li>Plastblokkform: Selvl\u00e5sende murstein<\/li>\n<li>Materiale: Plast<\/li>\n<li>Plasttype: ABS<\/li>\n<li>Bricks Blocks:131 PCS<\/li>\n<li>Size: 5 x 5 x 10 cm<\/li>\n<li>Weight: 0.09 kg<\/li>\n<li>Inneholder detaljerte monteringsanvisninger.<\/li>\n<\/ol>\n<p>Legge merke til:<br \/>\n1. Uten original eske, men vi garanterer at v\u00e5re produkter har kvalitetssikring og pen emballasje.<br \/>\n2. Som alle delene vi har sjekket f\u00f8r frakt, s\u00e5 hvis du finner noen deler savnet eller skadet, ikke bekymre deg og bare kontakt oss, s\u00e5 kan vi sende dem til deg p\u00e5 nytt umiddelbart gratis.<\/p>\n<figure id=\"attachment_39595\" aria-describedby=\"caption-attachment-39595\" style=\"width: 1004px\" class=\"wp-caption aligncenter\"><img fetchpriority=\"high\" decoding=\"async\" class=\"wp-image-39595 size-full\" src=\"https:\/\/mouldking.store\/wp-content\/uploads\/2023\/01\/Creator-MOC-89500-Doctor-Who-1ST-DOCTOR-MOC-FACTORY.png\" alt=\"MOC-89500 Doctor Who 1ST DOCTOR With 131 Pieces\" width=\"1004\" height=\"1004\" title=\"-\"><figcaption id=\"caption-attachment-39595\" class=\"wp-caption-text\">MOC-89500 Doctor Who 1. DOCTOR Med 131 stk<\/figcaption><\/figure>\n<figure id=\"attachment_39596\" aria-describedby=\"caption-attachment-39596\" style=\"width: 800px\" class=\"wp-caption aligncenter\"><img decoding=\"async\" class=\"wp-image-39596 size-full\" src=\"https:\/\/mouldking.store\/wp-content\/uploads\/2023\/01\/Doctor-Who-1ST-DOCTOR-MOC-89500-1.jpg\" alt=\"MOC-89500 Doctor Who 1ST DOCTOR With 131 Pieces\" width=\"800\" height=\"800\" title=\"-\"><figcaption id=\"caption-attachment-39596\" class=\"wp-caption-text\">MOC-89500 Doctor Who 1. DOCTOR Med 131 stk<\/figcaption><\/figure>\n<figure id=\"attachment_39597\" aria-describedby=\"caption-attachment-39597\" style=\"width: 800px\" class=\"wp-caption aligncenter\"><img decoding=\"async\" class=\"wp-image-39597 size-full\" src=\"https:\/\/mouldking.store\/wp-content\/uploads\/2023\/01\/Doctor-Who-1ST-DOCTOR-MOC-89500-2.jpg\" alt=\"MOC-89500 Doctor Who 1ST DOCTOR With 131 Pieces\" width=\"800\" height=\"800\" title=\"-\"><figcaption id=\"caption-attachment-39597\" class=\"wp-caption-text\">MOC-89500 Doctor Who 1. DOCTOR Med 131 stk<\/figcaption><\/figure>\n<figure id=\"attachment_39598\" aria-describedby=\"caption-attachment-39598\" style=\"width: 800px\" class=\"wp-caption aligncenter\"><img loading=\"lazy\" decoding=\"async\" class=\"wp-image-39598 size-full\" src=\"https:\/\/mouldking.store\/wp-content\/uploads\/2023\/01\/Doctor-Who-1ST-DOCTOR-MOC-89500-3.jpg\" alt=\"MOC-89500 Doctor Who 1ST DOCTOR With 131 Pieces\" width=\"800\" height=\"800\" title=\"-\"><figcaption id=\"caption-attachment-39598\" class=\"wp-caption-text\">MOC-89500 Doctor Who 1. DOCTOR Med 131 stk<\/figcaption><\/figure>\n<figure id=\"attachment_39599\" aria-describedby=\"caption-attachment-39599\" style=\"width: 800px\" class=\"wp-caption aligncenter\"><img loading=\"lazy\" decoding=\"async\" class=\"wp-image-39599 size-full\" src=\"https:\/\/mouldking.store\/wp-content\/uploads\/2023\/01\/Doctor-Who-1ST-DOCTOR-MOC-89500-4.jpg\" alt=\"MOC-89500 Doctor Who 1ST DOCTOR With 131 Pieces\" width=\"800\" height=\"800\" title=\"-\"><figcaption id=\"caption-attachment-39599\" class=\"wp-caption-text\">MOC-89500 Doctor Who 1. DOCTOR Med 131 stk<\/figcaption><\/figure>","protected":false},"excerpt":{"rendered":"<p>Brand: MOC Gender: Unisex Name: Doctor Who 1ST DOCTOR Age Range: &gt; 6 years old Model Number: 89500 Classification: Assemblage Plastic Block Shape: Self-Locking Bricks Material: Plastic Plastic Type: ABS Bricks Blocks:131 PCS Size: 5 x 5 x 10 cm Weight: 0.09 kg Contains detailed assembly instructions. Notice: 1. Without an original box, but we [&hellip;]<\/p>","protected":false},"featured_media":39595,"comment_status":"closed","ping_status":"closed","template":"","meta":{"_acf_changed":false},"product_cat":[1365,371],"product_tag":[10861,10859,6748,10862,430,10858,10863,10857,10860],"class_list":["product","first","instock","shipping-taxable","purchasable","product-type-simple"],"acf":[],"_links":{"self":[{"href":"https:\/\/mouldking.store\/nb\/wp-json\/wp\/v2\/product\/39594","targetHints":{"allow":["GET"]}}],"collection":[{"href":"https:\/\/mouldking.store\/nb\/wp-json\/wp\/v2\/product"}],"about":[{"href":"https:\/\/mouldking.store\/nb\/wp-json\/wp\/v2\/types\/product"}],"replies":[{"embeddable":true,"href":"https:\/\/mouldking.store\/nb\/wp-json\/wp\/v2\/comments?post=39594"}],"wp:featuredmedia":[{"embeddable":true,"href":"https:\/\/mouldking.store\/nb\/wp-json\/wp\/v2\/media\/39595"}],"wp:attachment":[{"href":"https:\/\/mouldking.store\/nb\/wp-json\/wp\/v2\/media?parent=39594"}],"wp:term":[{"taxonomy":"product_cat","embeddable":true,"href":"https:\/\/mouldking.store\/nb\/wp-json\/wp\/v2\/product_cat?post=39594"},{"taxonomy":"product_tag","embeddable":true,"href":"https:\/\/mouldking.store\/nb\/wp-json\/wp\/v2\/product_tag?post=39594"}],"curies":[{"name":"wp","href":"https:\/\/api.w.org\/{rel}","templated":true}]}}