{"id":39627,"date":"2022-10-06T15:45:00","date_gmt":"2022-10-06T08:45:00","guid":{"rendered":"https:\/\/mouldking.store\/?post_type=product&#038;p=39627"},"modified":"2023-01-06T15:53:04","modified_gmt":"2023-01-06T08:53:04","slug":"kazi-ky83039-building-a-dream-star-palace-china-space-station-with-712pcs","status":"publish","type":"product","link":"https:\/\/mouldking.store\/nb\/shop\/kazi-ky83039-building-a-dream-star-palace-china-space-station-with-712pcs\/","title":{"rendered":"KAZI KY83039 Building a Dream Star Palace China Space Station With 712pcs"},"content":{"rendered":"<p>Produktinformasjon:<\/p>\n<ol>\n<li>Merke: KAZI<\/li>\n<li>Kj\u00f8nn: Unisex<\/li>\n<li>Name: Building a Dream Star Palace China Space Station<\/li>\n<li>Aldersgruppe: &gt; 6 \u00e5r gammel<\/li>\n<li>Model Number: KY83039<\/li>\n<li>Klassifisering: Montering<\/li>\n<li>Plastblokkform: Selvl\u00e5sende murstein<\/li>\n<li>Materiale: Plast<\/li>\n<li>Plasttype: ABS<\/li>\n<li>Bricks Blocks:712PCS<\/li>\n<li>Size: 20 \u00d7 11.5 \u00d7 12.5 cm<\/li>\n<li>Inneholder detaljerte monteringsanvisninger.<\/li>\n<\/ol>\n<p>Legge merke til:<br \/>\n1. Uten original eske, men vi garanterer at v\u00e5re produkter har kvalitetssikring og pen emballasje.<br \/>\n2. Som alle delene vi har sjekket f\u00f8r frakt, s\u00e5 hvis du finner noen deler savnet eller skadet, ikke bekymre deg og bare kontakt oss, s\u00e5 kan vi sende dem til deg p\u00e5 nytt umiddelbart gratis.<\/p>\n<figure id=\"attachment_39628\" aria-describedby=\"caption-attachment-39628\" style=\"width: 800px\" class=\"wp-caption aligncenter\"><img fetchpriority=\"high\" decoding=\"async\" class=\"wp-image-39628 size-full\" src=\"https:\/\/mouldking.store\/wp-content\/uploads\/2023\/01\/China-Space-Station-KAZI-KY83039-3.jpg\" alt=\"KAZI KY83039 Building a Dream Star Palace China Space Station With 712pcs\" width=\"800\" height=\"800\" title=\"-\"><figcaption id=\"caption-attachment-39628\" class=\"wp-caption-text\">KAZI KY83039 Building a Dream Star Palace China Space Station With 712pcs<\/figcaption><\/figure>\n<figure id=\"attachment_39629\" aria-describedby=\"caption-attachment-39629\" style=\"width: 800px\" class=\"wp-caption aligncenter\"><img decoding=\"async\" class=\"wp-image-39629 size-full\" src=\"https:\/\/mouldking.store\/wp-content\/uploads\/2023\/01\/China-Space-Station-KAZI-KY83039-2.jpg\" alt=\"KAZI KY83039 Building a Dream Star Palace China Space Station With 712pcs\" width=\"800\" height=\"800\" title=\"-\"><figcaption id=\"caption-attachment-39629\" class=\"wp-caption-text\">KAZI KY83039 Building a Dream Star Palace China Space Station With 712pcs<\/figcaption><\/figure>\n<figure id=\"attachment_39630\" aria-describedby=\"caption-attachment-39630\" style=\"width: 1203px\" class=\"wp-caption aligncenter\"><img decoding=\"async\" class=\"wp-image-39630 size-full\" src=\"https:\/\/mouldking.store\/wp-content\/uploads\/2023\/01\/China-Space-Station-KAZI-KY83039-1.jpg\" alt=\"KAZI KY83039 Building a Dream Star Palace China Space Station With 712pcs\" width=\"1203\" height=\"1280\" title=\"-\"><figcaption id=\"caption-attachment-39630\" class=\"wp-caption-text\">KAZI KY83039 Building a Dream Star Palace China Space Station With 712pcs<\/figcaption><\/figure>","protected":false},"excerpt":{"rendered":"<ul>\n<li>Manuell byggeveiledning<\/li>\n<li data-wpmeteor-click=\"true\">Produktet inkluderer ikke STICKER og TRYKTE deler. Alle trykte deler vil bli erstattet av standarddeler og tjener ikke med tredjepartstilbeh\u00f8r.<\/li>\n<li data-wpmeteor-click=\"true\">Forh\u00e5ndssalg<\/li>\n<\/ul>","protected":false},"featured_media":39628,"comment_status":"closed","ping_status":"closed","template":"","meta":{"_acf_changed":false},"product_cat":[1365,371],"product_tag":[10896,10895,10892,10894,2722,2536,10891,10897,10889,10890,4581,2276,10893,673,2309],"class_list":["product","first","outofstock","shipping-taxable","purchasable","product-type-simple"],"acf":[],"_links":{"self":[{"href":"https:\/\/mouldking.store\/nb\/wp-json\/wp\/v2\/product\/39627","targetHints":{"allow":["GET"]}}],"collection":[{"href":"https:\/\/mouldking.store\/nb\/wp-json\/wp\/v2\/product"}],"about":[{"href":"https:\/\/mouldking.store\/nb\/wp-json\/wp\/v2\/types\/product"}],"replies":[{"embeddable":true,"href":"https:\/\/mouldking.store\/nb\/wp-json\/wp\/v2\/comments?post=39627"}],"wp:featuredmedia":[{"embeddable":true,"href":"https:\/\/mouldking.store\/nb\/wp-json\/wp\/v2\/media\/39628"}],"wp:attachment":[{"href":"https:\/\/mouldking.store\/nb\/wp-json\/wp\/v2\/media?parent=39627"}],"wp:term":[{"taxonomy":"product_cat","embeddable":true,"href":"https:\/\/mouldking.store\/nb\/wp-json\/wp\/v2\/product_cat?post=39627"},{"taxonomy":"product_tag","embeddable":true,"href":"https:\/\/mouldking.store\/nb\/wp-json\/wp\/v2\/product_tag?post=39627"}],"curies":[{"name":"wp","href":"https:\/\/api.w.org\/{rel}","templated":true}]}}