{"id":39637,"date":"2022-10-06T16:09:00","date_gmt":"2022-10-06T09:09:00","guid":{"rendered":"https:\/\/mouldking.store\/?post_type=product&#038;p=39637"},"modified":"2023-01-06T16:13:04","modified_gmt":"2023-01-06T09:13:04","slug":"kazi-83035-solar-system-earth-with-305pcs","status":"publish","type":"product","link":"https:\/\/mouldking.store\/nb\/shop\/kazi-83035-solar-system-earth-with-305pcs\/","title":{"rendered":"KAZI 83035 Solsystem: Jord Med 305 stk"},"content":{"rendered":"<p>Produktinformasjon:<\/p>\n<ol>\n<li>Merke: KAZI<\/li>\n<li>Kj\u00f8nn: Unisex<\/li>\n<li>Name: Solar System: Earth<\/li>\n<li>Aldersgruppe: &gt; 6 \u00e5r gammel<\/li>\n<li>Model Number: 83035<\/li>\n<li>Klassifisering: Montering<\/li>\n<li>Plastblokkform: Selvl\u00e5sende murstein<\/li>\n<li>Materiale: Plast<\/li>\n<li>Plasttype: ABS<\/li>\n<li>Bricks Blocks:305PCS<\/li>\n<li>Inneholder detaljerte monteringsanvisninger.<\/li>\n<\/ol>\n<p>Legge merke til:<br \/>\n1. Uten original eske, men vi garanterer at v\u00e5re produkter har kvalitetssikring og pen emballasje.<br \/>\n2. Som alle delene vi har sjekket f\u00f8r frakt, s\u00e5 hvis du finner noen deler savnet eller skadet, ikke bekymre deg og bare kontakt oss, s\u00e5 kan vi sende dem til deg p\u00e5 nytt umiddelbart gratis.<\/p>\n<figure id=\"attachment_39638\" aria-describedby=\"caption-attachment-39638\" style=\"width: 800px\" class=\"wp-caption aligncenter\"><img fetchpriority=\"high\" decoding=\"async\" class=\"wp-image-39638 size-full\" src=\"https:\/\/mouldking.store\/wp-content\/uploads\/2023\/01\/Earth-KAZI-83035.jpg\" alt=\"KAZI 83035 Solar System: Earth With 305pcs\" width=\"800\" height=\"800\" title=\"-\"><figcaption id=\"caption-attachment-39638\" class=\"wp-caption-text\">KAZI 83035 Solsystem: Jord Med 305 stk<\/figcaption><\/figure>","protected":false},"excerpt":{"rendered":"<ul>\n<li>Manuell byggeveiledning<\/li>\n<li data-wpmeteor-click=\"true\">Produktet inkluderer ikke STICKER og TRYKTE deler. Alle trykte deler vil bli erstattet av standarddeler og tjener ikke med tredjepartstilbeh\u00f8r.<\/li>\n<li data-wpmeteor-click=\"true\">Forh\u00e5ndssalg<\/li>\n<\/ul>","protected":false},"featured_media":39638,"comment_status":"closed","ping_status":"closed","template":"","meta":{"_acf_changed":false},"product_cat":[1365],"product_tag":[10917,4290,2536,10918,10920,10916,10901,10919],"class_list":["product","first","outofstock","shipping-taxable","purchasable","product-type-simple"],"acf":[],"_links":{"self":[{"href":"https:\/\/mouldking.store\/nb\/wp-json\/wp\/v2\/product\/39637","targetHints":{"allow":["GET"]}}],"collection":[{"href":"https:\/\/mouldking.store\/nb\/wp-json\/wp\/v2\/product"}],"about":[{"href":"https:\/\/mouldking.store\/nb\/wp-json\/wp\/v2\/types\/product"}],"replies":[{"embeddable":true,"href":"https:\/\/mouldking.store\/nb\/wp-json\/wp\/v2\/comments?post=39637"}],"wp:featuredmedia":[{"embeddable":true,"href":"https:\/\/mouldking.store\/nb\/wp-json\/wp\/v2\/media\/39638"}],"wp:attachment":[{"href":"https:\/\/mouldking.store\/nb\/wp-json\/wp\/v2\/media?parent=39637"}],"wp:term":[{"taxonomy":"product_cat","embeddable":true,"href":"https:\/\/mouldking.store\/nb\/wp-json\/wp\/v2\/product_cat?post=39637"},{"taxonomy":"product_tag","embeddable":true,"href":"https:\/\/mouldking.store\/nb\/wp-json\/wp\/v2\/product_tag?post=39637"}],"curies":[{"name":"wp","href":"https:\/\/api.w.org\/{rel}","templated":true}]}}