{"id":39640,"date":"2022-10-06T16:13:37","date_gmt":"2022-10-06T09:13:37","guid":{"rendered":"https:\/\/mouldking.store\/?post_type=product&#038;p=39640"},"modified":"2023-01-06T16:18:02","modified_gmt":"2023-01-06T09:18:02","slug":"sluban-m38-b1090-colorful-girls-colorful-stacked-house-with-571pcs","status":"publish","type":"product","link":"https:\/\/mouldking.store\/nb\/shop\/sluban-m38-b1090-colorful-girls-colorful-stacked-house-with-571pcs\/","title":{"rendered":"Sluban M38-B1090 Fargerike jenter: Fargerikt stablet hus med 571 stk"},"content":{"rendered":"<p>Produktinformasjon:<\/p>\n<ol>\n<li>Merke: Sluban<\/li>\n<li>Kj\u00f8nn: Unisex<\/li>\n<li>Name: Colorful Girls: Colorful Stacked House<\/li>\n<li>Aldersgruppe: &gt; 6 \u00e5r gammel<\/li>\n<li>Model Number: M38-B1090<\/li>\n<li>Klassifisering: Montering<\/li>\n<li>Plastblokkform: Selvl\u00e5sende murstein<\/li>\n<li>Materiale: Plast<\/li>\n<li>Plasttype: ABS<\/li>\n<li>Bricks Blocks:571\u00a0PCS<\/li>\n<li>Size: 17.2 \u00d7 24.2 cm<\/li>\n<li>Inneholder detaljerte monteringsanvisninger.<\/li>\n<\/ol>\n<p>Legge merke til:<br \/>\n1. Uten original eske, men vi garanterer at v\u00e5re produkter har kvalitetssikring og pen emballasje.<br \/>\n2. Som alle delene vi har sjekket f\u00f8r frakt, s\u00e5 hvis du finner noen deler savnet eller skadet, ikke bekymre deg og bare kontakt oss, s\u00e5 kan vi sende dem til deg p\u00e5 nytt umiddelbart gratis.<\/p>\n<figure id=\"attachment_39641\" aria-describedby=\"caption-attachment-39641\" style=\"width: 800px\" class=\"wp-caption aligncenter\"><img fetchpriority=\"high\" decoding=\"async\" class=\"wp-image-39641 size-full\" src=\"https:\/\/mouldking.store\/wp-content\/uploads\/2023\/01\/Colorful-Stacked-House-Sluban-M38-B1090-2.jpg\" alt=\"Sluban M38-B1090 Colorful Girls: Colorful Stacked House With 571pcs\" width=\"800\" height=\"800\" title=\"-\"><figcaption id=\"caption-attachment-39641\" class=\"wp-caption-text\">Sluban M38-B1090 Fargerike jenter: Fargerikt stablet hus med 571 stk<\/figcaption><\/figure>\n<figure id=\"attachment_39642\" aria-describedby=\"caption-attachment-39642\" style=\"width: 481px\" class=\"wp-caption aligncenter\"><img decoding=\"async\" class=\"wp-image-39642 size-full\" src=\"https:\/\/mouldking.store\/wp-content\/uploads\/2023\/01\/Colorful-Stacked-House-Sluban-M38-B1090-1.jpg\" alt=\"Sluban M38-B1090 Colorful Girls: Colorful Stacked House With 571pcs\" width=\"481\" height=\"567\" title=\"-\"><figcaption id=\"caption-attachment-39642\" class=\"wp-caption-text\">Sluban M38-B1090 Fargerike jenter: Fargerikt stablet hus med 571 stk<\/figcaption><\/figure>","protected":false},"excerpt":{"rendered":"<ul>\n<li>Manuell byggeveiledning<\/li>\n<li data-wpmeteor-click=\"true\">Produktet inkluderer ikke STICKER og TRYKTE deler. Alle trykte deler vil bli erstattet av standarddeler og tjener ikke med tredjepartstilbeh\u00f8r.<\/li>\n<li data-wpmeteor-click=\"true\">Forh\u00e5ndssalg<\/li>\n<\/ul>","protected":false},"featured_media":39641,"comment_status":"closed","ping_status":"closed","template":"","meta":{"_acf_changed":false},"product_cat":[1365,1395],"product_tag":[6593,10923,10926,10925,2318,10922,7517,10927,10921,10924],"class_list":["product","first","outofstock","shipping-taxable","purchasable","product-type-simple"],"acf":[],"_links":{"self":[{"href":"https:\/\/mouldking.store\/nb\/wp-json\/wp\/v2\/product\/39640","targetHints":{"allow":["GET"]}}],"collection":[{"href":"https:\/\/mouldking.store\/nb\/wp-json\/wp\/v2\/product"}],"about":[{"href":"https:\/\/mouldking.store\/nb\/wp-json\/wp\/v2\/types\/product"}],"replies":[{"embeddable":true,"href":"https:\/\/mouldking.store\/nb\/wp-json\/wp\/v2\/comments?post=39640"}],"wp:featuredmedia":[{"embeddable":true,"href":"https:\/\/mouldking.store\/nb\/wp-json\/wp\/v2\/media\/39641"}],"wp:attachment":[{"href":"https:\/\/mouldking.store\/nb\/wp-json\/wp\/v2\/media?parent=39640"}],"wp:term":[{"taxonomy":"product_cat","embeddable":true,"href":"https:\/\/mouldking.store\/nb\/wp-json\/wp\/v2\/product_cat?post=39640"},{"taxonomy":"product_tag","embeddable":true,"href":"https:\/\/mouldking.store\/nb\/wp-json\/wp\/v2\/product_tag?post=39640"}],"curies":[{"name":"wp","href":"https:\/\/api.w.org\/{rel}","templated":true}]}}