{"id":39643,"date":"2022-10-06T16:18:24","date_gmt":"2022-10-06T09:18:24","guid":{"rendered":"https:\/\/mouldking.store\/?post_type=product&#038;p=39643"},"modified":"2023-01-06T16:23:07","modified_gmt":"2023-01-06T09:23:07","slug":"sluban-m38-b1088-pink-dreams-diy-camp-cabins-with-341pcs","status":"publish","type":"product","link":"https:\/\/mouldking.store\/nb\/shop\/sluban-m38-b1088-pink-dreams-diy-camp-cabins-with-341pcs\/","title":{"rendered":"Sluban M38-B1088 Pink Dreams: DIY Camp Cabins With 341pcs"},"content":{"rendered":"<p>Produktinformasjon:<\/p>\n<ol>\n<li>Merke: Sluban<\/li>\n<li>Kj\u00f8nn: Unisex<\/li>\n<li>Name: Pink Dreams: DIY Camp Cabins<\/li>\n<li>Aldersgruppe: &gt; 6 \u00e5r gammel<\/li>\n<li>Model Number: M38-B1088<\/li>\n<li>Klassifisering: Montering<\/li>\n<li>Plastblokkform: Selvl\u00e5sende murstein<\/li>\n<li>Materiale: Plast<\/li>\n<li>Plasttype: ABS<\/li>\n<li>Bricks Blocks:341PCS<\/li>\n<li>Size: 19.9 cm<\/li>\n<li>Inneholder detaljerte monteringsanvisninger.<\/li>\n<\/ol>\n<p>Legge merke til:<br \/>\n1. Uten original eske, men vi garanterer at v\u00e5re produkter har kvalitetssikring og pen emballasje.<br \/>\n2. Som alle delene vi har sjekket f\u00f8r frakt, s\u00e5 hvis du finner noen deler savnet eller skadet, ikke bekymre deg og bare kontakt oss, s\u00e5 kan vi sende dem til deg p\u00e5 nytt umiddelbart gratis.<\/p>\n<figure id=\"attachment_39644\" aria-describedby=\"caption-attachment-39644\" style=\"width: 800px\" class=\"wp-caption aligncenter\"><img fetchpriority=\"high\" decoding=\"async\" class=\"wp-image-39644 size-full\" src=\"https:\/\/mouldking.store\/wp-content\/uploads\/2023\/01\/DIY-Camp-Cabins-Sluban-M38-B1088-3.jpg\" alt=\"Sluban M38-B1088 Pink Dreams: DIY Camp Cabins With 341pcs\" width=\"800\" height=\"800\" title=\"-\"><figcaption id=\"caption-attachment-39644\" class=\"wp-caption-text\">Sluban M38-B1088 Pink Dreams: DIY Camp Cabins With 341pcs<\/figcaption><\/figure>\n<figure id=\"attachment_39645\" aria-describedby=\"caption-attachment-39645\" style=\"width: 800px\" class=\"wp-caption aligncenter\"><img decoding=\"async\" class=\"wp-image-39645 size-full\" src=\"https:\/\/mouldking.store\/wp-content\/uploads\/2023\/01\/DIY-Camp-Cabins-Sluban-M38-B1088-2.jpg\" alt=\"Sluban M38-B1088 Pink Dreams: DIY Camp Cabins With 341pcs\" width=\"800\" height=\"800\" title=\"-\"><figcaption id=\"caption-attachment-39645\" class=\"wp-caption-text\">Sluban M38-B1088 Pink Dreams: DIY Camp Cabins With 341pcs<\/figcaption><\/figure>\n<figure id=\"attachment_39646\" aria-describedby=\"caption-attachment-39646\" style=\"width: 800px\" class=\"wp-caption aligncenter\"><img decoding=\"async\" class=\"wp-image-39646 size-full\" src=\"https:\/\/mouldking.store\/wp-content\/uploads\/2023\/01\/DIY-Camp-Cabins-Sluban-M38-B1088-1.jpg\" alt=\"Sluban M38-B1088 Pink Dreams: DIY Camp Cabins With 341pcs\" width=\"800\" height=\"800\" title=\"-\"><figcaption id=\"caption-attachment-39646\" class=\"wp-caption-text\">Sluban M38-B1088 Pink Dreams: DIY Camp Cabins With 341pcs<\/figcaption><\/figure>","protected":false},"excerpt":{"rendered":"<ul>\n<li>Manuell byggeveiledning<\/li>\n<li data-wpmeteor-click=\"true\">Produktet inkluderer ikke STICKER og TRYKTE deler. Alle trykte deler vil bli erstattet av standarddeler og tjener ikke med tredjepartstilbeh\u00f8r.<\/li>\n<li data-wpmeteor-click=\"true\">Forh\u00e5ndssalg<\/li>\n<\/ul>","protected":false},"featured_media":39645,"comment_status":"closed","ping_status":"closed","template":"","meta":{"_acf_changed":false},"product_cat":[1365,371],"product_tag":[10934,10933,10932,10935,10929,10930,10936,7517,10931,10937,10928],"class_list":["product","first","outofstock","shipping-taxable","purchasable","product-type-simple"],"acf":[],"_links":{"self":[{"href":"https:\/\/mouldking.store\/nb\/wp-json\/wp\/v2\/product\/39643","targetHints":{"allow":["GET"]}}],"collection":[{"href":"https:\/\/mouldking.store\/nb\/wp-json\/wp\/v2\/product"}],"about":[{"href":"https:\/\/mouldking.store\/nb\/wp-json\/wp\/v2\/types\/product"}],"replies":[{"embeddable":true,"href":"https:\/\/mouldking.store\/nb\/wp-json\/wp\/v2\/comments?post=39643"}],"wp:featuredmedia":[{"embeddable":true,"href":"https:\/\/mouldking.store\/nb\/wp-json\/wp\/v2\/media\/39645"}],"wp:attachment":[{"href":"https:\/\/mouldking.store\/nb\/wp-json\/wp\/v2\/media?parent=39643"}],"wp:term":[{"taxonomy":"product_cat","embeddable":true,"href":"https:\/\/mouldking.store\/nb\/wp-json\/wp\/v2\/product_cat?post=39643"},{"taxonomy":"product_tag","embeddable":true,"href":"https:\/\/mouldking.store\/nb\/wp-json\/wp\/v2\/product_tag?post=39643"}],"curies":[{"name":"wp","href":"https:\/\/api.w.org\/{rel}","templated":true}]}}