{"id":39650,"date":"2022-10-06T16:29:04","date_gmt":"2022-10-06T09:29:04","guid":{"rendered":"https:\/\/mouldking.store\/?post_type=product&#038;p=39650"},"modified":"2023-01-06T16:34:39","modified_gmt":"2023-01-06T09:34:39","slug":"sluban-m38-b11186-colorful-girls-wanghe-pavilion-with-1092pcs","status":"publish","type":"product","link":"https:\/\/mouldking.store\/nb\/shop\/sluban-m38-b11186-colorful-girls-wanghe-pavilion-with-1092pcs\/","title":{"rendered":"Sluban M38-B11186 Fargerike jenter: Wanghe Pavilion med 1092 stk"},"content":{"rendered":"<p>Produktinformasjon:<\/p>\n<ol>\n<li>Merke: Sluban<\/li>\n<li>Kj\u00f8nn: Unisex<\/li>\n<li>Name: Colorful Girls: Wanghe Pavilion<\/li>\n<li>Aldersgruppe: &gt; 6 \u00e5r gammel<\/li>\n<li>Model Number: M38-B11186<\/li>\n<li>Klassifisering: Montering<\/li>\n<li>Plastblokkform: Selvl\u00e5sende murstein<\/li>\n<li>Materiale: Plast<\/li>\n<li>Plasttype: ABS<\/li>\n<li>Bricks Blocks:1092 PCS<\/li>\n<li>Size: \u00a027.7 \u00d7 26.1 \u00d7 21.2 cm<\/li>\n<li>Inneholder detaljerte monteringsanvisninger.<\/li>\n<\/ol>\n<p>Legge merke til:<br \/>\n1. Uten original eske, men vi garanterer at v\u00e5re produkter har kvalitetssikring og pen emballasje.<br \/>\n2. Som alle delene vi har sjekket f\u00f8r frakt, s\u00e5 hvis du finner noen deler savnet eller skadet, ikke bekymre deg og bare kontakt oss, s\u00e5 kan vi sende dem til deg p\u00e5 nytt umiddelbart gratis.<\/p>\n<figure id=\"attachment_39652\" aria-describedby=\"caption-attachment-39652\" style=\"width: 790px\" class=\"wp-caption aligncenter\"><img fetchpriority=\"high\" decoding=\"async\" class=\"wp-image-39652 size-full\" src=\"https:\/\/mouldking.store\/wp-content\/uploads\/2023\/01\/Wanghe-Pavilion-Sluban-M38-B11186-2.jpg\" alt=\"Sluban M38-B11186 Colorful Girls: Wanghe Pavilion With 1092pcs\" width=\"790\" height=\"794\" title=\"-\"><figcaption id=\"caption-attachment-39652\" class=\"wp-caption-text\">Sluban M38-B11186 Fargerike jenter: Wanghe Pavilion med 1092 stk<\/figcaption><\/figure>\n<figure id=\"attachment_39653\" aria-describedby=\"caption-attachment-39653\" style=\"width: 790px\" class=\"wp-caption aligncenter\"><img decoding=\"async\" class=\"wp-image-39653 size-full\" src=\"https:\/\/mouldking.store\/wp-content\/uploads\/2023\/01\/Wanghe-Pavilion-Sluban-M38-B11186-1.jpg\" alt=\"Sluban M38-B11186 Colorful Girls: Wanghe Pavilion With 1092pcs\" width=\"790\" height=\"1170\" title=\"-\"><figcaption id=\"caption-attachment-39653\" class=\"wp-caption-text\">Sluban M38-B11186 Fargerike jenter: Wanghe Pavilion med 1092 stk<\/figcaption><\/figure>","protected":false},"excerpt":{"rendered":"<ul>\n<li>Manuell byggeveiledning<\/li>\n<li data-wpmeteor-click=\"true\">Produktet inkluderer ikke STICKER og TRYKTE deler. Alle trykte deler vil bli erstattet av standarddeler og tjener ikke med tredjepartstilbeh\u00f8r.<\/li>\n<li data-wpmeteor-click=\"true\">Forh\u00e5ndssalg<\/li>\n<\/ul>","protected":false},"featured_media":39651,"comment_status":"closed","ping_status":"closed","template":"","meta":{"_acf_changed":false},"product_cat":[1365,1395],"product_tag":[10923,10949,10945,10947,7517,10950,10951,10944,10946,10948],"class_list":["product","first","outofstock","shipping-taxable","purchasable","product-type-simple"],"acf":[],"_links":{"self":[{"href":"https:\/\/mouldking.store\/nb\/wp-json\/wp\/v2\/product\/39650","targetHints":{"allow":["GET"]}}],"collection":[{"href":"https:\/\/mouldking.store\/nb\/wp-json\/wp\/v2\/product"}],"about":[{"href":"https:\/\/mouldking.store\/nb\/wp-json\/wp\/v2\/types\/product"}],"replies":[{"embeddable":true,"href":"https:\/\/mouldking.store\/nb\/wp-json\/wp\/v2\/comments?post=39650"}],"wp:featuredmedia":[{"embeddable":true,"href":"https:\/\/mouldking.store\/nb\/wp-json\/wp\/v2\/media\/39651"}],"wp:attachment":[{"href":"https:\/\/mouldking.store\/nb\/wp-json\/wp\/v2\/media?parent=39650"}],"wp:term":[{"taxonomy":"product_cat","embeddable":true,"href":"https:\/\/mouldking.store\/nb\/wp-json\/wp\/v2\/product_cat?post=39650"},{"taxonomy":"product_tag","embeddable":true,"href":"https:\/\/mouldking.store\/nb\/wp-json\/wp\/v2\/product_tag?post=39650"}],"curies":[{"name":"wp","href":"https:\/\/api.w.org\/{rel}","templated":true}]}}