{"id":39655,"date":"2022-10-06T16:35:00","date_gmt":"2022-10-06T09:35:00","guid":{"rendered":"https:\/\/mouldking.store\/?post_type=product&#038;p=39655"},"modified":"2023-01-06T16:40:22","modified_gmt":"2023-01-06T09:40:22","slug":"reobrix-569-lions-come-and-go-with-498pcs","status":"publish","type":"product","link":"https:\/\/mouldking.store\/nb\/shop\/reobrix-569-lions-come-and-go-with-498pcs\/","title":{"rendered":"Reobrix 569 Lions kommer og g\u00e5r med 498 stk"},"content":{"rendered":"<p>Produktinformasjon:<\/p>\n<ol>\n<li>Merke: Reobrix<\/li>\n<li>Kj\u00f8nn: Unisex<\/li>\n<li>Navn: L\u00f8ver kommer og g\u00e5r<\/li>\n<li>Aldersgruppe: &gt; 6 \u00e5r gammel<\/li>\n<li>Modellnummer: 569<\/li>\n<li>Klassifisering: Montering<\/li>\n<li>Plastblokkform: Selvl\u00e5sende murstein<\/li>\n<li>Materiale: Plast<\/li>\n<li>Plasttype: ABS<\/li>\n<li>Mursteinblokker: 498 STK<\/li>\n<li>St\u00f8rrelse: 20 \u00d7 8,5 \u00d7 21,5 cm<\/li>\n<li>Inneholder detaljerte monteringsanvisninger.<\/li>\n<\/ol>\n<p>Legge merke til:<br \/>\n1. Uten original eske, men vi garanterer at v\u00e5re produkter har kvalitetssikring og pen emballasje.<br \/>\n2. Som alle delene vi har sjekket f\u00f8r frakt, s\u00e5 hvis du finner noen deler savnet eller skadet, ikke bekymre deg og bare kontakt oss, s\u00e5 kan vi sende dem til deg p\u00e5 nytt umiddelbart gratis.<\/p>\n<figure id=\"attachment_39656\" aria-describedby=\"caption-attachment-39656\" style=\"width: 1920px\" class=\"wp-caption aligncenter\"><img fetchpriority=\"high\" decoding=\"async\" class=\"wp-image-39656 size-full\" src=\"https:\/\/mouldking.store\/wp-content\/uploads\/2023\/01\/Lions-Come-And-Go-Reobrix-569-4.jpg\" alt=\"Reobrix 569 Lions Come And Go With 498pcs\" width=\"1920\" height=\"1920\" title=\"-\"><figcaption id=\"caption-attachment-39656\" class=\"wp-caption-text\">Reobrix 569 Lions kommer og g\u00e5r med 498 stk<\/figcaption><\/figure>\n<figure id=\"attachment_39657\" aria-describedby=\"caption-attachment-39657\" style=\"width: 1920px\" class=\"wp-caption aligncenter\"><img decoding=\"async\" class=\"wp-image-39657 size-full\" src=\"https:\/\/mouldking.store\/wp-content\/uploads\/2023\/01\/Lions-Come-And-Go-Reobrix-569-3.jpg\" alt=\"Reobrix 569 Lions Come And Go With 498pcs\" width=\"1920\" height=\"1920\" title=\"-\"><figcaption id=\"caption-attachment-39657\" class=\"wp-caption-text\">Reobrix 569 Lions kommer og g\u00e5r med 498 stk<\/figcaption><\/figure>\n<figure id=\"attachment_39658\" aria-describedby=\"caption-attachment-39658\" style=\"width: 1920px\" class=\"wp-caption aligncenter\"><img decoding=\"async\" class=\"wp-image-39658 size-full\" src=\"https:\/\/mouldking.store\/wp-content\/uploads\/2023\/01\/Lions-Come-And-Go-Reobrix-569-2.jpg\" alt=\"Reobrix 569 Lions Come And Go With 498pcs\" width=\"1920\" height=\"1920\" title=\"-\"><figcaption id=\"caption-attachment-39658\" class=\"wp-caption-text\">Reobrix 569 Lions kommer og g\u00e5r med 498 stk<\/figcaption><\/figure>\n<figure id=\"attachment_39659\" aria-describedby=\"caption-attachment-39659\" style=\"width: 1920px\" class=\"wp-caption aligncenter\"><img loading=\"lazy\" decoding=\"async\" class=\"wp-image-39659 size-full\" src=\"https:\/\/mouldking.store\/wp-content\/uploads\/2023\/01\/Lions-Come-And-Go-Reobrix-569-1.jpg\" alt=\"Reobrix 569 Lions Come And Go With 498pcs\" width=\"1920\" height=\"1719\" title=\"-\"><figcaption id=\"caption-attachment-39659\" class=\"wp-caption-text\">Reobrix 569 Lions kommer og g\u00e5r med 498 stk<\/figcaption><\/figure>","protected":false},"excerpt":{"rendered":"<ul>\n<li>Manuell byggeveiledning<\/li>\n<li data-wpmeteor-click=\"true\">Produktet inkluderer ikke STICKER og TRYKTE deler. Alle trykte deler vil bli erstattet av standarddeler og tjener ikke med tredjepartstilbeh\u00f8r.<\/li>\n<li data-wpmeteor-click=\"true\">Forh\u00e5ndssalg<\/li>\n<\/ul>","protected":false},"featured_media":39657,"comment_status":"closed","ping_status":"closed","template":"","meta":{"_acf_changed":false},"product_cat":[1365],"product_tag":[10953,10956,10955,10957,2669,10954,10958,10952],"class_list":["product","first","outofstock","shipping-taxable","purchasable","product-type-simple"],"acf":[],"_links":{"self":[{"href":"https:\/\/mouldking.store\/nb\/wp-json\/wp\/v2\/product\/39655","targetHints":{"allow":["GET"]}}],"collection":[{"href":"https:\/\/mouldking.store\/nb\/wp-json\/wp\/v2\/product"}],"about":[{"href":"https:\/\/mouldking.store\/nb\/wp-json\/wp\/v2\/types\/product"}],"replies":[{"embeddable":true,"href":"https:\/\/mouldking.store\/nb\/wp-json\/wp\/v2\/comments?post=39655"}],"wp:featuredmedia":[{"embeddable":true,"href":"https:\/\/mouldking.store\/nb\/wp-json\/wp\/v2\/media\/39657"}],"wp:attachment":[{"href":"https:\/\/mouldking.store\/nb\/wp-json\/wp\/v2\/media?parent=39655"}],"wp:term":[{"taxonomy":"product_cat","embeddable":true,"href":"https:\/\/mouldking.store\/nb\/wp-json\/wp\/v2\/product_cat?post=39655"},{"taxonomy":"product_tag","embeddable":true,"href":"https:\/\/mouldking.store\/nb\/wp-json\/wp\/v2\/product_tag?post=39655"}],"curies":[{"name":"wp","href":"https:\/\/api.w.org\/{rel}","templated":true}]}}