{"id":39661,"date":"2022-10-06T16:44:31","date_gmt":"2022-10-06T09:44:31","guid":{"rendered":"https:\/\/mouldking.store\/?post_type=product&#038;p=39661"},"modified":"2023-01-06T16:50:00","modified_gmt":"2023-01-06T09:50:00","slug":"reobrix-568-niannianyouyu-koi-with-486pcs","status":"publish","type":"product","link":"https:\/\/mouldking.store\/nb\/shop\/reobrix-568-niannianyouyu-koi-with-486pcs\/","title":{"rendered":"Reobrix 568 Niannianyouyu Koi Med 486stk"},"content":{"rendered":"<p>Produktinformasjon:<\/p>\n<ol>\n<li>Merke: Reobrix<\/li>\n<li>Kj\u00f8nn: Unisex<\/li>\n<li>Name: Niannianyouyu Koi<\/li>\n<li>Aldersgruppe: &gt; 6 \u00e5r gammel<\/li>\n<li>Model Number: 568<\/li>\n<li>Klassifisering: Montering<\/li>\n<li>Plastblokkform: Selvl\u00e5sende murstein<\/li>\n<li>Materiale: Plast<\/li>\n<li>Plasttype: ABS<\/li>\n<li>Bricks Blocks:486PCS<\/li>\n<li>St\u00f8rrelse: 20 \u00d7 8,5 \u00d7 21,5 cm<\/li>\n<li>Inneholder detaljerte monteringsanvisninger.<\/li>\n<\/ol>\n<p>Legge merke til:<br \/>\n1. Uten original eske, men vi garanterer at v\u00e5re produkter har kvalitetssikring og pen emballasje.<br \/>\n2. Som alle delene vi har sjekket f\u00f8r frakt, s\u00e5 hvis du finner noen deler savnet eller skadet, ikke bekymre deg og bare kontakt oss, s\u00e5 kan vi sende dem til deg p\u00e5 nytt umiddelbart gratis.<\/p>\n<figure id=\"attachment_39662\" aria-describedby=\"caption-attachment-39662\" style=\"width: 1197px\" class=\"wp-caption aligncenter\"><img fetchpriority=\"high\" decoding=\"async\" class=\"wp-image-39662 size-full\" src=\"https:\/\/mouldking.store\/wp-content\/uploads\/2023\/01\/Niannianyouyu-Koi-Reobrix-568-4.jpg\" alt=\"Reobrix 568 Niannianyouyu Koi With 486pcs\" width=\"1197\" height=\"1173\" title=\"-\"><figcaption id=\"caption-attachment-39662\" class=\"wp-caption-text\">Reobrix 568 Niannianyouyu Koi Med 486stk<\/figcaption><\/figure>\n<figure id=\"attachment_39663\" aria-describedby=\"caption-attachment-39663\" style=\"width: 1920px\" class=\"wp-caption aligncenter\"><img decoding=\"async\" class=\"wp-image-39663 size-full\" src=\"https:\/\/mouldking.store\/wp-content\/uploads\/2023\/01\/Niannianyouyu-Koi-Reobrix-568-3.jpg\" alt=\"Reobrix 568 Niannianyouyu Koi With 486pcs\" width=\"1920\" height=\"1920\" title=\"-\"><figcaption id=\"caption-attachment-39663\" class=\"wp-caption-text\">Reobrix 568 Niannianyouyu Koi Med 486stk<\/figcaption><\/figure>\n<figure id=\"attachment_39664\" aria-describedby=\"caption-attachment-39664\" style=\"width: 1920px\" class=\"wp-caption aligncenter\"><img decoding=\"async\" class=\"wp-image-39664 size-full\" src=\"https:\/\/mouldking.store\/wp-content\/uploads\/2023\/01\/Niannianyouyu-Koi-Reobrix-568-2.jpg\" alt=\"Reobrix 568 Niannianyouyu Koi With 486pcs\" width=\"1920\" height=\"1920\" title=\"-\"><figcaption id=\"caption-attachment-39664\" class=\"wp-caption-text\">Reobrix 568 Niannianyouyu Koi Med 486stk<\/figcaption><\/figure>\n<figure id=\"attachment_39665\" aria-describedby=\"caption-attachment-39665\" style=\"width: 1920px\" class=\"wp-caption aligncenter\"><img loading=\"lazy\" decoding=\"async\" class=\"wp-image-39665 size-full\" src=\"https:\/\/mouldking.store\/wp-content\/uploads\/2023\/01\/Niannianyouyu-Koi-Reobrix-568-1.jpg\" alt=\"Reobrix 568 Niannianyouyu Koi With 486pcs\" width=\"1920\" height=\"1693\" title=\"-\"><figcaption id=\"caption-attachment-39665\" class=\"wp-caption-text\">Reobrix 568 Niannianyouyu Koi Med 486stk<\/figcaption><\/figure>","protected":false},"excerpt":{"rendered":"<ul>\n<li>Manuell byggeveiledning<\/li>\n<li data-wpmeteor-click=\"true\">Produktet inkluderer ikke STICKER og TRYKTE deler. Alle trykte deler vil bli erstattet av standarddeler og tjener ikke med tredjepartstilbeh\u00f8r.<\/li>\n<li data-wpmeteor-click=\"true\">Forh\u00e5ndssalg<\/li>\n<\/ul>","protected":false},"featured_media":39663,"comment_status":"closed","ping_status":"closed","template":"","meta":{"_acf_changed":false},"product_cat":[1365],"product_tag":[10960,10963,10962,10964,2669,10961,10965,10959],"class_list":["product","first","outofstock","shipping-taxable","purchasable","product-type-simple"],"acf":[],"_links":{"self":[{"href":"https:\/\/mouldking.store\/nb\/wp-json\/wp\/v2\/product\/39661","targetHints":{"allow":["GET"]}}],"collection":[{"href":"https:\/\/mouldking.store\/nb\/wp-json\/wp\/v2\/product"}],"about":[{"href":"https:\/\/mouldking.store\/nb\/wp-json\/wp\/v2\/types\/product"}],"replies":[{"embeddable":true,"href":"https:\/\/mouldking.store\/nb\/wp-json\/wp\/v2\/comments?post=39661"}],"wp:featuredmedia":[{"embeddable":true,"href":"https:\/\/mouldking.store\/nb\/wp-json\/wp\/v2\/media\/39663"}],"wp:attachment":[{"href":"https:\/\/mouldking.store\/nb\/wp-json\/wp\/v2\/media?parent=39661"}],"wp:term":[{"taxonomy":"product_cat","embeddable":true,"href":"https:\/\/mouldking.store\/nb\/wp-json\/wp\/v2\/product_cat?post=39661"},{"taxonomy":"product_tag","embeddable":true,"href":"https:\/\/mouldking.store\/nb\/wp-json\/wp\/v2\/product_tag?post=39661"}],"curies":[{"name":"wp","href":"https:\/\/api.w.org\/{rel}","templated":true}]}}