{"id":39666,"date":"2022-10-06T16:50:25","date_gmt":"2022-10-06T09:50:25","guid":{"rendered":"https:\/\/mouldking.store\/?post_type=product&#038;p=39666"},"modified":"2023-01-06T16:54:48","modified_gmt":"2023-01-06T09:54:48","slug":"reobrix-22017-bucket-wheel-excavator-with-3188pcs","status":"publish","type":"product","link":"https:\/\/mouldking.store\/nb\/shop\/reobrix-22017-bucket-wheel-excavator-with-3188pcs\/","title":{"rendered":"Reobrix 22017 Skuffehjulsgraver Med 3188stk"},"content":{"rendered":"<p>Produktinformasjon:<\/p>\n<ol>\n<li>Merke: Reobrix<\/li>\n<li>Kj\u00f8nn: Unisex<\/li>\n<li>Name: Bucket Wheel Excavator<\/li>\n<li>Aldersgruppe: &gt; 6 \u00e5r gammel<\/li>\n<li>Model Number: 22017<\/li>\n<li>Klassifisering: Montering<\/li>\n<li>Plastblokkform: Selvl\u00e5sende murstein<\/li>\n<li>Materiale: Plast<\/li>\n<li>Plasttype: ABS<\/li>\n<li>Bricks Blocks:3188PCS<\/li>\n<li>Size: 98 \u00d7 33.5 \u00d7 36.5 cm<\/li>\n<li>Inneholder detaljerte monteringsanvisninger.<\/li>\n<\/ol>\n<p>Legge merke til:<br \/>\n1. Uten original eske, men vi garanterer at v\u00e5re produkter har kvalitetssikring og pen emballasje.<br \/>\n2. Som alle delene vi har sjekket f\u00f8r frakt, s\u00e5 hvis du finner noen deler savnet eller skadet, ikke bekymre deg og bare kontakt oss, s\u00e5 kan vi sende dem til deg p\u00e5 nytt umiddelbart gratis.<\/p>\n<figure id=\"attachment_39667\" aria-describedby=\"caption-attachment-39667\" style=\"width: 1920px\" class=\"wp-caption aligncenter\"><img fetchpriority=\"high\" decoding=\"async\" class=\"wp-image-39667 size-full\" src=\"https:\/\/mouldking.store\/wp-content\/uploads\/2023\/01\/Bucket-Wheel-Excavator-Reobrix-22017-2.jpg\" alt=\"Reobrix 22017 Bucket Wheel Excavator With 3188pcs\" width=\"1920\" height=\"1407\" title=\"-\"><figcaption id=\"caption-attachment-39667\" class=\"wp-caption-text\">Reobrix 22017 Skuffehjulsgraver Med 3188stk<\/figcaption><\/figure>\n<figure id=\"attachment_39668\" aria-describedby=\"caption-attachment-39668\" style=\"width: 754px\" class=\"wp-caption aligncenter\"><img decoding=\"async\" class=\"wp-image-39668 size-full\" src=\"https:\/\/mouldking.store\/wp-content\/uploads\/2023\/01\/Bucket-Wheel-Excavator-Reobrix-22017-1.jpg\" alt=\"Reobrix 22017 Bucket Wheel Excavator With 3188pcs\" width=\"754\" height=\"451\" title=\"-\"><figcaption id=\"caption-attachment-39668\" class=\"wp-caption-text\">Reobrix 22017 Skuffehjulsgraver Med 3188stk<\/figcaption><\/figure>","protected":false},"excerpt":{"rendered":"<ul>\n<li>Manuell byggeveiledning<\/li>\n<li data-wpmeteor-click=\"true\">Produktet inkluderer ikke STICKER og TRYKTE deler. Alle trykte deler vil bli erstattet av standarddeler og tjener ikke med tredjepartstilbeh\u00f8r.<\/li>\n<li data-wpmeteor-click=\"true\">Forh\u00e5ndssalg<\/li>\n<\/ul>","protected":false},"featured_media":39667,"comment_status":"closed","ping_status":"closed","template":"","meta":{"_acf_changed":false},"product_cat":[1357],"product_tag":[10967,10969,3186,755,2669,10968,10966,7652,10970],"class_list":["product","first","outofstock","shipping-taxable","purchasable","product-type-simple"],"acf":[],"_links":{"self":[{"href":"https:\/\/mouldking.store\/nb\/wp-json\/wp\/v2\/product\/39666","targetHints":{"allow":["GET"]}}],"collection":[{"href":"https:\/\/mouldking.store\/nb\/wp-json\/wp\/v2\/product"}],"about":[{"href":"https:\/\/mouldking.store\/nb\/wp-json\/wp\/v2\/types\/product"}],"replies":[{"embeddable":true,"href":"https:\/\/mouldking.store\/nb\/wp-json\/wp\/v2\/comments?post=39666"}],"wp:featuredmedia":[{"embeddable":true,"href":"https:\/\/mouldking.store\/nb\/wp-json\/wp\/v2\/media\/39667"}],"wp:attachment":[{"href":"https:\/\/mouldking.store\/nb\/wp-json\/wp\/v2\/media?parent=39666"}],"wp:term":[{"taxonomy":"product_cat","embeddable":true,"href":"https:\/\/mouldking.store\/nb\/wp-json\/wp\/v2\/product_cat?post=39666"},{"taxonomy":"product_tag","embeddable":true,"href":"https:\/\/mouldking.store\/nb\/wp-json\/wp\/v2\/product_tag?post=39666"}],"curies":[{"name":"wp","href":"https:\/\/api.w.org\/{rel}","templated":true}]}}