{"id":39669,"date":"2022-10-06T16:55:55","date_gmt":"2022-10-06T09:55:55","guid":{"rendered":"https:\/\/mouldking.store\/?post_type=product&#038;p=39669"},"modified":"2023-01-06T17:01:26","modified_gmt":"2023-01-06T10:01:26","slug":"loz-1754-im-not-a-square-head-tutu-astronaut-with-710pcs","status":"publish","type":"product","link":"https:\/\/mouldking.store\/nb\/shop\/loz-1754-im-not-a-square-head-tutu-astronaut-with-710pcs\/","title":{"rendered":"LOZ 1754 I&#039;m Not a Square Head: Tutu Astronaut With 710pcs"},"content":{"rendered":"<p>Produktinformasjon:<\/p>\n<ol>\n<li>Merke: LOZ<\/li>\n<li>Kj\u00f8nn: Unisex<\/li>\n<li>Navn: Jeg er ikke et kvadratisk hode: Tutu Astronaut<\/li>\n<li>Aldersgruppe: &gt; 6 \u00e5r gammel<\/li>\n<li>Modellnummer: 1754<\/li>\n<li>Klassifisering: Montering<\/li>\n<li>Plastblokkform: Selvl\u00e5sende murstein<\/li>\n<li>Materiale: Plast<\/li>\n<li>Plasttype: ABS<\/li>\n<li>Mursteinblokker: 710 STK<\/li>\n<li>St\u00f8rrelse: 9 \u00d7 9 \u00d7 13,5 cm<\/li>\n<li>Inneholder detaljerte monteringsanvisninger.<\/li>\n<\/ol>\n<p>Legge merke til:<br \/>\n1. Uten original eske, men vi garanterer at v\u00e5re produkter har kvalitetssikring og pen emballasje.<br \/>\n2. Som alle delene vi har sjekket f\u00f8r frakt, s\u00e5 hvis du finner noen deler savnet eller skadet, ikke bekymre deg og bare kontakt oss, s\u00e5 kan vi sende dem til deg p\u00e5 nytt umiddelbart gratis.<\/p>\n<figure id=\"attachment_39670\" aria-describedby=\"caption-attachment-39670\" style=\"width: 800px\" class=\"wp-caption aligncenter\"><img fetchpriority=\"high\" decoding=\"async\" class=\"wp-image-39670 size-full\" src=\"https:\/\/mouldking.store\/wp-content\/uploads\/2023\/01\/Tutu-Astronaut-LOZ-1754-5.jpg\" alt=\"LOZ 1754 I\u2019m Not a Square Head: Tutu Astronaut With 710pcs\" width=\"800\" height=\"800\" title=\"-\"><figcaption id=\"caption-attachment-39670\" class=\"wp-caption-text\">LOZ 1754 I&#039;m Not a Square Head: Tutu Astronaut With 710pcs<\/figcaption><\/figure>\n<figure id=\"attachment_39671\" aria-describedby=\"caption-attachment-39671\" style=\"width: 800px\" class=\"wp-caption aligncenter\"><img decoding=\"async\" class=\"wp-image-39671 size-full\" src=\"https:\/\/mouldking.store\/wp-content\/uploads\/2023\/01\/Tutu-Astronaut-LOZ-1754-4.jpg\" alt=\"LOZ 1754 I\u2019m Not a Square Head: Tutu Astronaut With 710pcs\" width=\"800\" height=\"800\" title=\"-\"><figcaption id=\"caption-attachment-39671\" class=\"wp-caption-text\">LOZ 1754 I&#039;m Not a Square Head: Tutu Astronaut With 710pcs<\/figcaption><\/figure>\n<figure id=\"attachment_39672\" aria-describedby=\"caption-attachment-39672\" style=\"width: 1200px\" class=\"wp-caption aligncenter\"><img decoding=\"async\" class=\"wp-image-39672 size-full\" src=\"https:\/\/mouldking.store\/wp-content\/uploads\/2023\/01\/Tutu-Astronaut-LOZ-1754-3.jpg\" alt=\"LOZ 1754 I\u2019m Not a Square Head: Tutu Astronaut With 710pcs\" width=\"1200\" height=\"1579\" title=\"-\"><figcaption id=\"caption-attachment-39672\" class=\"wp-caption-text\">LOZ 1754 I&#039;m Not a Square Head: Tutu Astronaut With 710pcs<\/figcaption><\/figure>\n<figure id=\"attachment_39673\" aria-describedby=\"caption-attachment-39673\" style=\"width: 1200px\" class=\"wp-caption aligncenter\"><img loading=\"lazy\" decoding=\"async\" class=\"wp-image-39673 size-full\" src=\"https:\/\/mouldking.store\/wp-content\/uploads\/2023\/01\/Tutu-Astronaut-LOZ-1754-2.jpg\" alt=\"LOZ 1754 I\u2019m Not a Square Head: Tutu Astronaut With 710pcs\" width=\"1200\" height=\"1579\" title=\"-\"><figcaption id=\"caption-attachment-39673\" class=\"wp-caption-text\">LOZ 1754 I&#039;m Not a Square Head: Tutu Astronaut With 710pcs<\/figcaption><\/figure>\n<figure id=\"attachment_39674\" aria-describedby=\"caption-attachment-39674\" style=\"width: 1200px\" class=\"wp-caption aligncenter\"><img loading=\"lazy\" decoding=\"async\" class=\"wp-image-39674 size-full\" src=\"https:\/\/mouldking.store\/wp-content\/uploads\/2023\/01\/Tutu-Astronaut-LOZ-1754-1.jpg\" alt=\"LOZ 1754 I\u2019m Not a Square Head: Tutu Astronaut With 710pcs\" width=\"1200\" height=\"1579\" title=\"-\"><figcaption id=\"caption-attachment-39674\" class=\"wp-caption-text\">LOZ 1754 I&#039;m Not a Square Head: Tutu Astronaut With 710pcs<\/figcaption><\/figure>","protected":false},"excerpt":{"rendered":"<ul>\n<li>Manuell byggeveiledning<\/li>\n<li data-wpmeteor-click=\"true\">Produktet inkluderer ikke STICKER og TRYKTE deler. Alle trykte deler vil bli erstattet av standarddeler og tjener ikke med tredjepartstilbeh\u00f8r.<\/li>\n<li data-wpmeteor-click=\"true\">Forh\u00e5ndssalg<\/li>\n<\/ul>","protected":false},"featured_media":39671,"comment_status":"closed","ping_status":"closed","template":"","meta":{"_acf_changed":false},"product_cat":[1365],"product_tag":[10972,6341,10974,10977,2202,10973,10978,10971,10975,10976],"class_list":["product","first","outofstock","shipping-taxable","purchasable","product-type-simple"],"acf":[],"_links":{"self":[{"href":"https:\/\/mouldking.store\/nb\/wp-json\/wp\/v2\/product\/39669","targetHints":{"allow":["GET"]}}],"collection":[{"href":"https:\/\/mouldking.store\/nb\/wp-json\/wp\/v2\/product"}],"about":[{"href":"https:\/\/mouldking.store\/nb\/wp-json\/wp\/v2\/types\/product"}],"replies":[{"embeddable":true,"href":"https:\/\/mouldking.store\/nb\/wp-json\/wp\/v2\/comments?post=39669"}],"wp:featuredmedia":[{"embeddable":true,"href":"https:\/\/mouldking.store\/nb\/wp-json\/wp\/v2\/media\/39671"}],"wp:attachment":[{"href":"https:\/\/mouldking.store\/nb\/wp-json\/wp\/v2\/media?parent=39669"}],"wp:term":[{"taxonomy":"product_cat","embeddable":true,"href":"https:\/\/mouldking.store\/nb\/wp-json\/wp\/v2\/product_cat?post=39669"},{"taxonomy":"product_tag","embeddable":true,"href":"https:\/\/mouldking.store\/nb\/wp-json\/wp\/v2\/product_tag?post=39669"}],"curies":[{"name":"wp","href":"https:\/\/api.w.org\/{rel}","templated":true}]}}