{"id":39676,"date":"2022-10-06T17:01:49","date_gmt":"2022-10-06T10:01:49","guid":{"rendered":"https:\/\/mouldking.store\/?post_type=product&#038;p=39676"},"modified":"2023-01-06T17:08:01","modified_gmt":"2023-01-06T10:08:01","slug":"loz-1753-im-not-a-square-head-blue-and-white-porcelain-astronaut-with-597pcs","status":"publish","type":"product","link":"https:\/\/mouldking.store\/nb\/shop\/loz-1753-im-not-a-square-head-blue-and-white-porcelain-astronaut-with-597pcs\/","title":{"rendered":"LOZ 1753 Jeg er ikke et kvadratisk hode: bl\u00e5 og hvit porselensastronaut med 597 stk"},"content":{"rendered":"<p>Produktinformasjon:<\/p>\n<ol>\n<li>Merke: LOZ<\/li>\n<li>Kj\u00f8nn: Unisex<\/li>\n<li>Name: I\u2019m Not a Square Head: Blue and White Porcelain Astronaut<\/li>\n<li>Aldersgruppe: &gt; 6 \u00e5r gammel<\/li>\n<li>Model Number: 1753<\/li>\n<li>Klassifisering: Montering<\/li>\n<li>Plastblokkform: Selvl\u00e5sende murstein<\/li>\n<li>Materiale: Plast<\/li>\n<li>Plasttype: ABS<\/li>\n<li>Bricks Blocks:597PCS<\/li>\n<li>Size: 11 \u00d7 9.5 \u00d7 11 cm<\/li>\n<li>Inneholder detaljerte monteringsanvisninger.<\/li>\n<\/ol>\n<p>Legge merke til:<br \/>\n1. Uten original eske, men vi garanterer at v\u00e5re produkter har kvalitetssikring og pen emballasje.<br \/>\n2. Som alle delene vi har sjekket f\u00f8r frakt, s\u00e5 hvis du finner noen deler savnet eller skadet, ikke bekymre deg og bare kontakt oss, s\u00e5 kan vi sende dem til deg p\u00e5 nytt umiddelbart gratis.<\/p>\n<figure id=\"attachment_39677\" aria-describedby=\"caption-attachment-39677\" style=\"width: 800px\" class=\"wp-caption aligncenter\"><img fetchpriority=\"high\" decoding=\"async\" class=\"wp-image-39677 size-full\" src=\"https:\/\/mouldking.store\/wp-content\/uploads\/2023\/01\/Blue-and-White-Porcelain-Astronaut-LOZ-1753-4.jpg\" alt=\"LOZ 1753 I\u2019m Not a Square Head: Blue and White Porcelain Astronaut With 597pcs\" width=\"800\" height=\"800\" title=\"-\"><figcaption id=\"caption-attachment-39677\" class=\"wp-caption-text\">LOZ 1753 Jeg er ikke et kvadratisk hode: bl\u00e5 og hvit porselensastronaut med 597 stk<\/figcaption><\/figure>\n<figure id=\"attachment_39678\" aria-describedby=\"caption-attachment-39678\" style=\"width: 800px\" class=\"wp-caption aligncenter\"><img decoding=\"async\" class=\"wp-image-39678 size-full\" src=\"https:\/\/mouldking.store\/wp-content\/uploads\/2023\/01\/Blue-and-White-Porcelain-Astronaut-LOZ-1753-3.jpg\" alt=\"LOZ 1753 I\u2019m Not a Square Head: Blue and White Porcelain Astronaut With 597pcs\" width=\"800\" height=\"800\" title=\"-\"><figcaption id=\"caption-attachment-39678\" class=\"wp-caption-text\">LOZ 1753 Jeg er ikke et kvadratisk hode: bl\u00e5 og hvit porselensastronaut med 597 stk<\/figcaption><\/figure>\n<figure id=\"attachment_39679\" aria-describedby=\"caption-attachment-39679\" style=\"width: 1200px\" class=\"wp-caption aligncenter\"><img decoding=\"async\" class=\"wp-image-39679 size-full\" src=\"https:\/\/mouldking.store\/wp-content\/uploads\/2023\/01\/Blue-and-White-Porcelain-Astronaut-LOZ-1753-2.jpg\" alt=\"LOZ 1753 I\u2019m Not a Square Head: Blue and White Porcelain Astronaut With 597pcs\" width=\"1200\" height=\"1579\" title=\"-\"><figcaption id=\"caption-attachment-39679\" class=\"wp-caption-text\">LOZ 1753 Jeg er ikke et kvadratisk hode: bl\u00e5 og hvit porselensastronaut med 597 stk<\/figcaption><\/figure>\n<figure id=\"attachment_39680\" aria-describedby=\"caption-attachment-39680\" style=\"width: 1200px\" class=\"wp-caption aligncenter\"><img loading=\"lazy\" decoding=\"async\" class=\"wp-image-39680 size-full\" src=\"https:\/\/mouldking.store\/wp-content\/uploads\/2023\/01\/Blue-and-White-Porcelain-Astronaut-LOZ-1753-1.jpg\" alt=\"LOZ 1753 I\u2019m Not a Square Head: Blue and White Porcelain Astronaut With 597pcs\" width=\"1200\" height=\"1579\" title=\"-\"><figcaption id=\"caption-attachment-39680\" class=\"wp-caption-text\">LOZ 1753 Jeg er ikke et kvadratisk hode: bl\u00e5 og hvit porselensastronaut med 597 stk<\/figcaption><\/figure>","protected":false},"excerpt":{"rendered":"<ul>\n<li>Manuell byggeveiledning<\/li>\n<li data-wpmeteor-click=\"true\">Produktet inkluderer ikke STICKER og TRYKTE deler. Alle trykte deler vil bli erstattet av standarddeler og tjener ikke med tredjepartstilbeh\u00f8r.<\/li>\n<li data-wpmeteor-click=\"true\">Forh\u00e5ndssalg<\/li>\n<\/ul>","protected":false},"featured_media":39678,"comment_status":"closed","ping_status":"closed","template":"","meta":{"_acf_changed":false},"product_cat":[1365],"product_tag":[10980,6341,10982,10985,10974,10986,2202,10981,10987,10979,10983,10984,1461],"class_list":["product","first","outofstock","shipping-taxable","purchasable","product-type-simple"],"acf":[],"_links":{"self":[{"href":"https:\/\/mouldking.store\/nb\/wp-json\/wp\/v2\/product\/39676","targetHints":{"allow":["GET"]}}],"collection":[{"href":"https:\/\/mouldking.store\/nb\/wp-json\/wp\/v2\/product"}],"about":[{"href":"https:\/\/mouldking.store\/nb\/wp-json\/wp\/v2\/types\/product"}],"replies":[{"embeddable":true,"href":"https:\/\/mouldking.store\/nb\/wp-json\/wp\/v2\/comments?post=39676"}],"wp:featuredmedia":[{"embeddable":true,"href":"https:\/\/mouldking.store\/nb\/wp-json\/wp\/v2\/media\/39678"}],"wp:attachment":[{"href":"https:\/\/mouldking.store\/nb\/wp-json\/wp\/v2\/media?parent=39676"}],"wp:term":[{"taxonomy":"product_cat","embeddable":true,"href":"https:\/\/mouldking.store\/nb\/wp-json\/wp\/v2\/product_cat?post=39676"},{"taxonomy":"product_tag","embeddable":true,"href":"https:\/\/mouldking.store\/nb\/wp-json\/wp\/v2\/product_tag?post=39676"}],"curies":[{"name":"wp","href":"https:\/\/api.w.org\/{rel}","templated":true}]}}