{"id":39682,"date":"2022-10-06T17:08:24","date_gmt":"2022-10-06T10:08:24","guid":{"rendered":"https:\/\/mouldking.store\/?post_type=product&#038;p=39682"},"modified":"2023-01-06T17:13:39","modified_gmt":"2023-01-06T10:13:39","slug":"inbrixx-880017-kumamon-doll-piggy-bank-with-841pcs","status":"publish","type":"product","link":"https:\/\/mouldking.store\/nb\/shop\/inbrixx-880017-kumamon-doll-piggy-bank-with-841pcs\/","title":{"rendered":"Inbrixx 880017 Kumamon Dukke sparegris Med 841 stk"},"content":{"rendered":"<p>Produktinformasjon:<\/p>\n<ol>\n<li>Brand: Inbrixx<\/li>\n<li>Kj\u00f8nn: Unisex<\/li>\n<li>Name: Kumamon Doll Piggy Bank<\/li>\n<li>Aldersgruppe: &gt; 6 \u00e5r gammel<\/li>\n<li>Model Number: 880017<\/li>\n<li>Klassifisering: Montering<\/li>\n<li>Plastblokkform: Selvl\u00e5sende murstein<\/li>\n<li>Materiale: Plast<\/li>\n<li>Plasttype: ABS<\/li>\n<li>Bricks Blocks:841PCS<\/li>\n<li>Size: \u00a022.5 \u00d7 14 \u00d7 16 cm<\/li>\n<li>Inneholder detaljerte monteringsanvisninger.<\/li>\n<\/ol>\n<p>Legge merke til:<br \/>\n1. Uten original eske, men vi garanterer at v\u00e5re produkter har kvalitetssikring og pen emballasje.<br \/>\n2. Som alle delene vi har sjekket f\u00f8r frakt, s\u00e5 hvis du finner noen deler savnet eller skadet, ikke bekymre deg og bare kontakt oss, s\u00e5 kan vi sende dem til deg p\u00e5 nytt umiddelbart gratis.<\/p>\n<figure id=\"attachment_39683\" aria-describedby=\"caption-attachment-39683\" style=\"width: 616px\" class=\"wp-caption aligncenter\"><img fetchpriority=\"high\" decoding=\"async\" class=\"wp-image-39683 size-full\" src=\"https:\/\/mouldking.store\/wp-content\/uploads\/2023\/01\/Kumamon-Doll-Piggy-Bank-Inbrixx-880017-5.jpg\" alt=\"Inbrixx 880017 Kumamon Doll Piggy Bank With 841pcs\" width=\"616\" height=\"606\" title=\"-\"><figcaption id=\"caption-attachment-39683\" class=\"wp-caption-text\">Inbrixx 880017 Kumamon Dukke sparegris Med 841 stk<\/figcaption><\/figure>\n<figure id=\"attachment_39684\" aria-describedby=\"caption-attachment-39684\" style=\"width: 800px\" class=\"wp-caption aligncenter\"><img decoding=\"async\" class=\"wp-image-39684 size-full\" src=\"https:\/\/mouldking.store\/wp-content\/uploads\/2023\/01\/Kumamon-Doll-Piggy-Bank-Inbrixx-880017-4.jpg\" alt=\"Inbrixx 880017 Kumamon Doll Piggy Bank With 841pcs\" width=\"800\" height=\"800\" title=\"-\"><figcaption id=\"caption-attachment-39684\" class=\"wp-caption-text\">Inbrixx 880017 Kumamon Dukke sparegris Med 841 stk<\/figcaption><\/figure>\n<figure id=\"attachment_39685\" aria-describedby=\"caption-attachment-39685\" style=\"width: 800px\" class=\"wp-caption aligncenter\"><img decoding=\"async\" class=\"wp-image-39685 size-full\" src=\"https:\/\/mouldking.store\/wp-content\/uploads\/2023\/01\/Kumamon-Doll-Piggy-Bank-Inbrixx-880017-3.jpg\" alt=\"Inbrixx 880017 Kumamon Doll Piggy Bank With 841pcs\" width=\"800\" height=\"800\" title=\"-\"><figcaption id=\"caption-attachment-39685\" class=\"wp-caption-text\">Inbrixx 880017 Kumamon Dukke sparegris Med 841 stk<\/figcaption><\/figure>\n<figure id=\"attachment_39686\" aria-describedby=\"caption-attachment-39686\" style=\"width: 800px\" class=\"wp-caption aligncenter\"><img loading=\"lazy\" decoding=\"async\" class=\"wp-image-39686 size-full\" src=\"https:\/\/mouldking.store\/wp-content\/uploads\/2023\/01\/Kumamon-Doll-Piggy-Bank-Inbrixx-880017-2.jpg\" alt=\"Inbrixx 880017 Kumamon Doll Piggy Bank With 841pcs\" width=\"800\" height=\"800\" title=\"-\"><figcaption id=\"caption-attachment-39686\" class=\"wp-caption-text\">Inbrixx 880017 Kumamon Dukke sparegris Med 841 stk<\/figcaption><\/figure>\n<figure id=\"attachment_39687\" aria-describedby=\"caption-attachment-39687\" style=\"width: 800px\" class=\"wp-caption aligncenter\"><img loading=\"lazy\" decoding=\"async\" class=\"wp-image-39687 size-full\" src=\"https:\/\/mouldking.store\/wp-content\/uploads\/2023\/01\/Kumamon-Doll-Piggy-Bank-Inbrixx-880017-1.jpg\" alt=\"Inbrixx 880017 Kumamon Doll Piggy Bank With 841pcs\" width=\"800\" height=\"800\" title=\"-\"><figcaption id=\"caption-attachment-39687\" class=\"wp-caption-text\">Inbrixx 880017 Kumamon Dukke sparegris Med 841 stk<\/figcaption><\/figure>","protected":false},"excerpt":{"rendered":"<ul>\n<li>Manuell byggeveiledning<\/li>\n<li data-wpmeteor-click=\"true\">Produktet inkluderer ikke STICKER og TRYKTE deler. Alle trykte deler vil bli erstattet av standarddeler og tjener ikke med tredjepartstilbeh\u00f8r.<\/li>\n<li data-wpmeteor-click=\"true\">Forh\u00e5ndssalg<\/li>\n<\/ul>","protected":false},"featured_media":39684,"comment_status":"closed","ping_status":"closed","template":"","meta":{"_acf_changed":false},"product_cat":[1365],"product_tag":[10989,10041,7792,7913,10994,10996,10988,10990,10993,10995,10991,10992],"class_list":["product","first","outofstock","shipping-taxable","purchasable","product-type-simple"],"acf":[],"_links":{"self":[{"href":"https:\/\/mouldking.store\/nb\/wp-json\/wp\/v2\/product\/39682","targetHints":{"allow":["GET"]}}],"collection":[{"href":"https:\/\/mouldking.store\/nb\/wp-json\/wp\/v2\/product"}],"about":[{"href":"https:\/\/mouldking.store\/nb\/wp-json\/wp\/v2\/types\/product"}],"replies":[{"embeddable":true,"href":"https:\/\/mouldking.store\/nb\/wp-json\/wp\/v2\/comments?post=39682"}],"wp:featuredmedia":[{"embeddable":true,"href":"https:\/\/mouldking.store\/nb\/wp-json\/wp\/v2\/media\/39684"}],"wp:attachment":[{"href":"https:\/\/mouldking.store\/nb\/wp-json\/wp\/v2\/media?parent=39682"}],"wp:term":[{"taxonomy":"product_cat","embeddable":true,"href":"https:\/\/mouldking.store\/nb\/wp-json\/wp\/v2\/product_cat?post=39682"},{"taxonomy":"product_tag","embeddable":true,"href":"https:\/\/mouldking.store\/nb\/wp-json\/wp\/v2\/product_tag?post=39682"}],"curies":[{"name":"wp","href":"https:\/\/api.w.org\/{rel}","templated":true}]}}