{"id":39688,"date":"2022-10-06T17:14:07","date_gmt":"2022-10-06T10:14:07","guid":{"rendered":"https:\/\/mouldking.store\/?post_type=product&#038;p=39688"},"modified":"2023-01-06T17:21:10","modified_gmt":"2023-01-06T10:21:10","slug":"loz-2180-chinese-new-year-temple-fair-with-3467pcs","status":"publish","type":"product","link":"https:\/\/mouldking.store\/nb\/shop\/loz-2180-chinese-new-year-temple-fair-with-3467pcs\/","title":{"rendered":"LOZ 2180 kinesisk nytt\u00e5r tempelmesse med 3467 stk"},"content":{"rendered":"<p>Produktinformasjon:<\/p>\n<ol>\n<li>Merke: LOZ<\/li>\n<li>Kj\u00f8nn: Unisex<\/li>\n<li>Navn: Kinesisk nytt\u00e5rs tempelmesse<\/li>\n<li>Aldersgruppe: &gt; 6 \u00e5r gammel<\/li>\n<li>Modellnummer: 2180<\/li>\n<li>Klassifisering: Montering<\/li>\n<li>Plastblokkform: Selvl\u00e5sende murstein<\/li>\n<li>Materiale: Plast<\/li>\n<li>Plasttype: ABS<\/li>\n<li>Mursteinblokker: 3467 STK<\/li>\n<li>St\u00f8rrelse: 52,8 \u00d7 18,3 \u00d7 23 cm<\/li>\n<li>Inneholder detaljerte monteringsanvisninger.<\/li>\n<\/ol>\n<p>Legge merke til:<br \/>\n1. Uten original eske, men vi garanterer at v\u00e5re produkter har kvalitetssikring og pen emballasje.<br \/>\n2. Som alle delene vi har sjekket f\u00f8r frakt, s\u00e5 hvis du finner noen deler savnet eller skadet, ikke bekymre deg og bare kontakt oss, s\u00e5 kan vi sende dem til deg p\u00e5 nytt umiddelbart gratis.<\/p>\n<figure id=\"attachment_39689\" aria-describedby=\"caption-attachment-39689\" style=\"width: 800px\" class=\"wp-caption aligncenter\"><img fetchpriority=\"high\" decoding=\"async\" class=\"wp-image-39689 size-full\" src=\"https:\/\/mouldking.store\/wp-content\/uploads\/2023\/01\/Chinese-New-Year-Temple-Fair-LOZ-2180-8.jpg\" alt=\"LOZ 2180 Chinese New Year Temple Fair With 3467pcs\" width=\"800\" height=\"800\" title=\"-\"><figcaption id=\"caption-attachment-39689\" class=\"wp-caption-text\">LOZ 2180 kinesisk nytt\u00e5r tempelmesse med 3467 stk<\/figcaption><\/figure>\n<figure id=\"attachment_39690\" aria-describedby=\"caption-attachment-39690\" style=\"width: 800px\" class=\"wp-caption aligncenter\"><img decoding=\"async\" class=\"wp-image-39690 size-full\" src=\"https:\/\/mouldking.store\/wp-content\/uploads\/2023\/01\/Chinese-New-Year-Temple-Fair-LOZ-2180-7.jpg\" alt=\"LOZ 2180 Chinese New Year Temple Fair With 3467pcs\" width=\"800\" height=\"800\" title=\"-\"><figcaption id=\"caption-attachment-39690\" class=\"wp-caption-text\">LOZ 2180 kinesisk nytt\u00e5r tempelmesse med 3467 stk<\/figcaption><\/figure>\n<figure id=\"attachment_39691\" aria-describedby=\"caption-attachment-39691\" style=\"width: 800px\" class=\"wp-caption aligncenter\"><img decoding=\"async\" class=\"wp-image-39691 size-full\" src=\"https:\/\/mouldking.store\/wp-content\/uploads\/2023\/01\/Chinese-New-Year-Temple-Fair-LOZ-2180-6.jpg\" alt=\"LOZ 2180 Chinese New Year Temple Fair With 3467pcs\" width=\"800\" height=\"800\" title=\"-\"><figcaption id=\"caption-attachment-39691\" class=\"wp-caption-text\">LOZ 2180 kinesisk nytt\u00e5r tempelmesse med 3467 stk<\/figcaption><\/figure>\n<figure id=\"attachment_39692\" aria-describedby=\"caption-attachment-39692\" style=\"width: 800px\" class=\"wp-caption aligncenter\"><img loading=\"lazy\" decoding=\"async\" class=\"wp-image-39692 size-full\" src=\"https:\/\/mouldking.store\/wp-content\/uploads\/2023\/01\/Chinese-New-Year-Temple-Fair-LOZ-2180-5.jpg\" alt=\"LOZ 2180 Chinese New Year Temple Fair With 3467pcs\" width=\"800\" height=\"800\" title=\"-\"><figcaption id=\"caption-attachment-39692\" class=\"wp-caption-text\">LOZ 2180 kinesisk nytt\u00e5r tempelmesse med 3467 stk<\/figcaption><\/figure>\n<figure id=\"attachment_39693\" aria-describedby=\"caption-attachment-39693\" style=\"width: 800px\" class=\"wp-caption aligncenter\"><img loading=\"lazy\" decoding=\"async\" class=\"wp-image-39693 size-full\" src=\"https:\/\/mouldking.store\/wp-content\/uploads\/2023\/01\/Chinese-New-Year-Temple-Fair-LOZ-2180-4.jpg\" alt=\"LOZ 2180 Chinese New Year Temple Fair With 3467pcs\" width=\"800\" height=\"800\" title=\"-\"><figcaption id=\"caption-attachment-39693\" class=\"wp-caption-text\">LOZ 2180 kinesisk nytt\u00e5r tempelmesse med 3467 stk<\/figcaption><\/figure>\n<figure id=\"attachment_39694\" aria-describedby=\"caption-attachment-39694\" style=\"width: 800px\" class=\"wp-caption aligncenter\"><img loading=\"lazy\" decoding=\"async\" class=\"wp-image-39694 size-full\" src=\"https:\/\/mouldking.store\/wp-content\/uploads\/2023\/01\/Chinese-New-Year-Temple-Fair-LOZ-2180-3.jpg\" alt=\"LOZ 2180 Chinese New Year Temple Fair With 3467pcs\" width=\"800\" height=\"800\" title=\"-\"><figcaption id=\"caption-attachment-39694\" class=\"wp-caption-text\">LOZ 2180 kinesisk nytt\u00e5r tempelmesse med 3467 stk<\/figcaption><\/figure>\n<figure id=\"attachment_39695\" aria-describedby=\"caption-attachment-39695\" style=\"width: 800px\" class=\"wp-caption aligncenter\"><img loading=\"lazy\" decoding=\"async\" class=\"wp-image-39695 size-full\" src=\"https:\/\/mouldking.store\/wp-content\/uploads\/2023\/01\/Chinese-New-Year-Temple-Fair-LOZ-2180-2.jpg\" alt=\"LOZ 2180 Chinese New Year Temple Fair With 3467pcs\" width=\"800\" height=\"800\" title=\"-\"><figcaption id=\"caption-attachment-39695\" class=\"wp-caption-text\">LOZ 2180 kinesisk nytt\u00e5r tempelmesse med 3467 stk<\/figcaption><\/figure>\n<figure id=\"attachment_39696\" aria-describedby=\"caption-attachment-39696\" style=\"width: 800px\" class=\"wp-caption aligncenter\"><img loading=\"lazy\" decoding=\"async\" class=\"wp-image-39696 size-full\" src=\"https:\/\/mouldking.store\/wp-content\/uploads\/2023\/01\/Chinese-New-Year-Temple-Fair-LOZ-2180-1.jpg\" alt=\"LOZ 2180 Chinese New Year Temple Fair With 3467pcs\" width=\"800\" height=\"800\" title=\"-\"><figcaption id=\"caption-attachment-39696\" class=\"wp-caption-text\">LOZ 2180 kinesisk nytt\u00e5r tempelmesse med 3467 stk<\/figcaption><\/figure>","protected":false},"excerpt":{"rendered":"<ul>\n<li>Manuell byggeveiledning<\/li>\n<li data-wpmeteor-click=\"true\">Produktet inkluderer ikke STICKER og TRYKTE deler. Alle trykte deler vil bli erstattet av standarddeler og tjener ikke med tredjepartstilbeh\u00f8r.<\/li>\n<li data-wpmeteor-click=\"true\">Forh\u00e5ndssalg<\/li>\n<\/ul>","protected":false},"featured_media":39690,"comment_status":"closed","ping_status":"closed","template":"","meta":{"_acf_changed":false},"product_cat":[1365],"product_tag":[10998,6462,11004,11002,2202,10999,11005,10997,11000,11001,11003],"class_list":["product","first","outofstock","shipping-taxable","purchasable","product-type-simple"],"acf":[],"_links":{"self":[{"href":"https:\/\/mouldking.store\/nb\/wp-json\/wp\/v2\/product\/39688","targetHints":{"allow":["GET"]}}],"collection":[{"href":"https:\/\/mouldking.store\/nb\/wp-json\/wp\/v2\/product"}],"about":[{"href":"https:\/\/mouldking.store\/nb\/wp-json\/wp\/v2\/types\/product"}],"replies":[{"embeddable":true,"href":"https:\/\/mouldking.store\/nb\/wp-json\/wp\/v2\/comments?post=39688"}],"wp:featuredmedia":[{"embeddable":true,"href":"https:\/\/mouldking.store\/nb\/wp-json\/wp\/v2\/media\/39690"}],"wp:attachment":[{"href":"https:\/\/mouldking.store\/nb\/wp-json\/wp\/v2\/media?parent=39688"}],"wp:term":[{"taxonomy":"product_cat","embeddable":true,"href":"https:\/\/mouldking.store\/nb\/wp-json\/wp\/v2\/product_cat?post=39688"},{"taxonomy":"product_tag","embeddable":true,"href":"https:\/\/mouldking.store\/nb\/wp-json\/wp\/v2\/product_tag?post=39688"}],"curies":[{"name":"wp","href":"https:\/\/api.w.org\/{rel}","templated":true}]}}