{"id":39697,"date":"2022-10-06T17:21:30","date_gmt":"2022-10-06T10:21:30","guid":{"rendered":"https:\/\/mouldking.store\/?post_type=product&#038;p=39697"},"modified":"2023-01-06T17:26:53","modified_gmt":"2023-01-06T10:26:53","slug":"loz-2215-reunion-new-year-daquan-box-with-691pcs","status":"publish","type":"product","link":"https:\/\/mouldking.store\/nb\/shop\/loz-2215-reunion-new-year-daquan-box-with-691pcs\/","title":{"rendered":"LOZ 2215 Reunion New Year Daquan Box Med 691stk"},"content":{"rendered":"<p>Produktinformasjon:<\/p>\n<ol>\n<li>Merke: LOZ<\/li>\n<li>Kj\u00f8nn: Unisex<\/li>\n<li>Name: Reunion New Year Daquan Box<\/li>\n<li>Aldersgruppe: &gt; 6 \u00e5r gammel<\/li>\n<li>Model Number: 2215<\/li>\n<li>Klassifisering: Montering<\/li>\n<li>Plastblokkform: Selvl\u00e5sende murstein<\/li>\n<li>Materiale: Plast<\/li>\n<li>Plasttype: ABS<\/li>\n<li>Bricks Blocks:691PCS<\/li>\n<li>Size: 11.4 \u00d7 11.4 \u00d7 9.3 cm<\/li>\n<li>Inneholder detaljerte monteringsanvisninger.<\/li>\n<\/ol>\n<p>Legge merke til:<br \/>\n1. Uten original eske, men vi garanterer at v\u00e5re produkter har kvalitetssikring og pen emballasje.<br \/>\n2. Som alle delene vi har sjekket f\u00f8r frakt, s\u00e5 hvis du finner noen deler savnet eller skadet, ikke bekymre deg og bare kontakt oss, s\u00e5 kan vi sende dem til deg p\u00e5 nytt umiddelbart gratis.<\/p>\n<figure id=\"attachment_39698\" aria-describedby=\"caption-attachment-39698\" style=\"width: 800px\" class=\"wp-caption aligncenter\"><img fetchpriority=\"high\" decoding=\"async\" class=\"wp-image-39698 size-full\" src=\"https:\/\/mouldking.store\/wp-content\/uploads\/2023\/01\/Reunion-New-Year-Daquan-Box-LOZ-2215-2.jpg\" alt=\"LOZ 2215 Reunion New Year Daquan Box With 691pcs\" width=\"800\" height=\"800\" title=\"-\"><figcaption id=\"caption-attachment-39698\" class=\"wp-caption-text\">LOZ 2215 Reunion New Year Daquan Box Med 691stk<\/figcaption><\/figure>\n<figure id=\"attachment_39699\" aria-describedby=\"caption-attachment-39699\" style=\"width: 800px\" class=\"wp-caption aligncenter\"><img decoding=\"async\" class=\"wp-image-39699 size-full\" src=\"https:\/\/mouldking.store\/wp-content\/uploads\/2023\/01\/Reunion-New-Year-Daquan-Box-LOZ-2215-1.jpg\" alt=\"LOZ 2215 Reunion New Year Daquan Box With 691pcs\" width=\"800\" height=\"800\" title=\"-\"><figcaption id=\"caption-attachment-39699\" class=\"wp-caption-text\">LOZ 2215 Reunion New Year Daquan Box Med 691stk<\/figcaption><\/figure>","protected":false},"excerpt":{"rendered":"<ul>\n<li>Manuell byggeveiledning<\/li>\n<li data-wpmeteor-click=\"true\">Produktet inkluderer ikke STICKER og TRYKTE deler. Alle trykte deler vil bli erstattet av standarddeler og tjener ikke med tredjepartstilbeh\u00f8r.<\/li>\n<li data-wpmeteor-click=\"true\">Forh\u00e5ndssalg<\/li>\n<\/ul>","protected":false},"featured_media":39698,"comment_status":"closed","ping_status":"closed","template":"","meta":{"_acf_changed":false},"product_cat":[1365],"product_tag":[11007,11010,2202,11008,11012,11006,11000,11009,11011],"class_list":["product","first","outofstock","shipping-taxable","purchasable","product-type-simple"],"acf":[],"_links":{"self":[{"href":"https:\/\/mouldking.store\/nb\/wp-json\/wp\/v2\/product\/39697","targetHints":{"allow":["GET"]}}],"collection":[{"href":"https:\/\/mouldking.store\/nb\/wp-json\/wp\/v2\/product"}],"about":[{"href":"https:\/\/mouldking.store\/nb\/wp-json\/wp\/v2\/types\/product"}],"replies":[{"embeddable":true,"href":"https:\/\/mouldking.store\/nb\/wp-json\/wp\/v2\/comments?post=39697"}],"wp:featuredmedia":[{"embeddable":true,"href":"https:\/\/mouldking.store\/nb\/wp-json\/wp\/v2\/media\/39698"}],"wp:attachment":[{"href":"https:\/\/mouldking.store\/nb\/wp-json\/wp\/v2\/media?parent=39697"}],"wp:term":[{"taxonomy":"product_cat","embeddable":true,"href":"https:\/\/mouldking.store\/nb\/wp-json\/wp\/v2\/product_cat?post=39697"},{"taxonomy":"product_tag","embeddable":true,"href":"https:\/\/mouldking.store\/nb\/wp-json\/wp\/v2\/product_tag?post=39697"}],"curies":[{"name":"wp","href":"https:\/\/api.w.org\/{rel}","templated":true}]}}