{"id":39709,"date":"2022-10-06T17:40:55","date_gmt":"2022-10-06T10:40:55","guid":{"rendered":"https:\/\/mouldking.store\/?post_type=product&#038;p=39709"},"modified":"2023-01-06T17:46:23","modified_gmt":"2023-01-06T10:46:23","slug":"loz-1287-world-cute-painting-girl-drinking-pearl-milk-tea-with-676pcs","status":"publish","type":"product","link":"https:\/\/mouldking.store\/nb\/shop\/loz-1287-world-cute-painting-girl-drinking-pearl-milk-tea-with-676pcs\/","title":{"rendered":"LOZ 1287 World Cute Painting: Jente som drikker perlemelkete med 676 stk"},"content":{"rendered":"<p>Produktinformasjon:<\/p>\n<ol>\n<li>Merke: LOZ<\/li>\n<li>Kj\u00f8nn: Unisex<\/li>\n<li>Name: World Cute Painting: Girl Drinking Pearl Milk Tea<\/li>\n<li>Aldersgruppe: &gt; 6 \u00e5r gammel<\/li>\n<li>Model Number: 1287<\/li>\n<li>Klassifisering: Montering<\/li>\n<li>Plastblokkform: Selvl\u00e5sende murstein<\/li>\n<li>Materiale: Plast<\/li>\n<li>Plasttype: ABS<\/li>\n<li>Bricks Blocks:676PCS<\/li>\n<li>Size: 9.5 \u00d7 7 \u00d7 12.5 cm<\/li>\n<li>Inneholder detaljerte monteringsanvisninger.<\/li>\n<\/ol>\n<p>Legge merke til:<br \/>\n1. Uten original eske, men vi garanterer at v\u00e5re produkter har kvalitetssikring og pen emballasje.<br \/>\n2. Som alle delene vi har sjekket f\u00f8r frakt, s\u00e5 hvis du finner noen deler savnet eller skadet, ikke bekymre deg og bare kontakt oss, s\u00e5 kan vi sende dem til deg p\u00e5 nytt umiddelbart gratis.<\/p>\n<figure id=\"attachment_39710\" aria-describedby=\"caption-attachment-39710\" style=\"width: 597px\" class=\"wp-caption aligncenter\"><img fetchpriority=\"high\" decoding=\"async\" class=\"wp-image-39710 size-full\" src=\"https:\/\/mouldking.store\/wp-content\/uploads\/2023\/01\/Girl-Drinking-Pearl-Milk-Tea-LOZ-1287-2.jpg\" alt=\"LOZ 1287 World Cute Painting: Girl Drinking Pearl Milk Tea With 676pcs\" width=\"597\" height=\"501\" title=\"-\"><figcaption id=\"caption-attachment-39710\" class=\"wp-caption-text\">LOZ 1287 World Cute Painting: Jente som drikker perlemelkete med 676 stk<\/figcaption><\/figure>\n<figure id=\"attachment_39711\" aria-describedby=\"caption-attachment-39711\" style=\"width: 800px\" class=\"wp-caption aligncenter\"><img decoding=\"async\" class=\"wp-image-39711 size-full\" src=\"https:\/\/mouldking.store\/wp-content\/uploads\/2023\/01\/Girl-Drinking-Pearl-Milk-Tea-LOZ-1287-1.jpg\" alt=\"LOZ 1287 World Cute Painting: Girl Drinking Pearl Milk Tea With 676pcs\" width=\"800\" height=\"800\" title=\"-\"><figcaption id=\"caption-attachment-39711\" class=\"wp-caption-text\">LOZ 1287 World Cute Painting: Jente som drikker perlemelkete med 676 stk<\/figcaption><\/figure>","protected":false},"excerpt":{"rendered":"<ul>\n<li>Manuell byggeveiledning<\/li>\n<li data-wpmeteor-click=\"true\">Produktet inkluderer ikke STICKER og TRYKTE deler. Alle trykte deler vil bli erstattet av standarddeler og tjener ikke med tredjepartstilbeh\u00f8r.<\/li>\n<li data-wpmeteor-click=\"true\">Forh\u00e5ndssalg<\/li>\n<\/ul>","protected":false},"featured_media":39711,"comment_status":"closed","ping_status":"closed","template":"","meta":{"_acf_changed":false},"product_cat":[1365],"product_tag":[11032,11036,11035,11038,2202,11033,11040,11031,7204,11037,11034,11039],"class_list":["product","first","outofstock","shipping-taxable","purchasable","product-type-simple"],"acf":[],"_links":{"self":[{"href":"https:\/\/mouldking.store\/nb\/wp-json\/wp\/v2\/product\/39709","targetHints":{"allow":["GET"]}}],"collection":[{"href":"https:\/\/mouldking.store\/nb\/wp-json\/wp\/v2\/product"}],"about":[{"href":"https:\/\/mouldking.store\/nb\/wp-json\/wp\/v2\/types\/product"}],"replies":[{"embeddable":true,"href":"https:\/\/mouldking.store\/nb\/wp-json\/wp\/v2\/comments?post=39709"}],"wp:featuredmedia":[{"embeddable":true,"href":"https:\/\/mouldking.store\/nb\/wp-json\/wp\/v2\/media\/39711"}],"wp:attachment":[{"href":"https:\/\/mouldking.store\/nb\/wp-json\/wp\/v2\/media?parent=39709"}],"wp:term":[{"taxonomy":"product_cat","embeddable":true,"href":"https:\/\/mouldking.store\/nb\/wp-json\/wp\/v2\/product_cat?post=39709"},{"taxonomy":"product_tag","embeddable":true,"href":"https:\/\/mouldking.store\/nb\/wp-json\/wp\/v2\/product_tag?post=39709"}],"curies":[{"name":"wp","href":"https:\/\/api.w.org\/{rel}","templated":true}]}}