{"id":39712,"date":"2022-10-06T17:46:48","date_gmt":"2022-10-06T10:46:48","guid":{"rendered":"https:\/\/mouldking.store\/?post_type=product&#038;p=39712"},"modified":"2023-01-06T17:55:42","modified_gmt":"2023-01-06T10:55:42","slug":"loz-1286-the-worlds-cute-painting-lisa-zhai-with-604pcs","status":"publish","type":"product","link":"https:\/\/mouldking.store\/nb\/shop\/loz-1286-the-worlds-cute-painting-lisa-zhai-with-604pcs\/","title":{"rendered":"LOZ 1286 Verdens s\u00f8te maleri: Lisa Zhai med 604 stk."},"content":{"rendered":"<p>Produktinformasjon:<\/p>\n<ol>\n<li>Merke: LOZ<\/li>\n<li>Kj\u00f8nn: Unisex<\/li>\n<li>Name: The World\u2019s Cute Painting: Lisa Zhai<\/li>\n<li>Aldersgruppe: &gt; 6 \u00e5r gammel<\/li>\n<li>Model Number: 1286<\/li>\n<li>Klassifisering: Montering<\/li>\n<li>Plastblokkform: Selvl\u00e5sende murstein<\/li>\n<li>Materiale: Plast<\/li>\n<li>Plasttype: ABS<\/li>\n<li>Bricks Blocks:604PCS<\/li>\n<li>Size: 9.5 \u00d7 7 \u00d7 12.5 cm<\/li>\n<li>Inneholder detaljerte monteringsanvisninger.<\/li>\n<\/ol>\n<p>Legge merke til:<br \/>\n1. Uten original eske, men vi garanterer at v\u00e5re produkter har kvalitetssikring og pen emballasje.<br \/>\n2. Som alle delene vi har sjekket f\u00f8r frakt, s\u00e5 hvis du finner noen deler savnet eller skadet, ikke bekymre deg og bare kontakt oss, s\u00e5 kan vi sende dem til deg p\u00e5 nytt umiddelbart gratis.<\/p>\n<figure id=\"attachment_39713\" aria-describedby=\"caption-attachment-39713\" style=\"width: 595px\" class=\"wp-caption aligncenter\"><img fetchpriority=\"high\" decoding=\"async\" class=\"wp-image-39713 size-full\" src=\"https:\/\/mouldking.store\/wp-content\/uploads\/2023\/01\/Lisa-Zhai-LOZ-1286-2.jpg\" alt=\"LOZ 1286 The World\u2019s Cute Painting: Lisa Zhai With 604pcs\" width=\"595\" height=\"513\" title=\"-\"><figcaption id=\"caption-attachment-39713\" class=\"wp-caption-text\">LOZ 1286 Verdens s\u00f8te maleri: Lisa Zhai med 604 stk.<\/figcaption><\/figure>\n<figure id=\"attachment_39714\" aria-describedby=\"caption-attachment-39714\" style=\"width: 800px\" class=\"wp-caption aligncenter\"><img decoding=\"async\" class=\"wp-image-39714 size-full\" src=\"https:\/\/mouldking.store\/wp-content\/uploads\/2023\/01\/Lisa-Zhai-LOZ-1286-1.jpg\" alt=\"LOZ 1286 The World\u2019s Cute Painting: Lisa Zhai With 604pcs\" width=\"800\" height=\"800\" title=\"-\"><figcaption id=\"caption-attachment-39714\" class=\"wp-caption-text\">LOZ 1286 Verdens s\u00f8te maleri: Lisa Zhai med 604 stk.<\/figcaption><\/figure>","protected":false},"excerpt":{"rendered":"<ul>\n<li>Manuell byggeveiledning<\/li>\n<li data-wpmeteor-click=\"true\">Produktet inkluderer ikke STICKER og TRYKTE deler. Alle trykte deler vil bli erstattet av standarddeler og tjener ikke med tredjepartstilbeh\u00f8r.<\/li>\n<li data-wpmeteor-click=\"true\">Forh\u00e5ndssalg<\/li>\n<\/ul>","protected":false},"featured_media":39714,"comment_status":"closed","ping_status":"closed","template":"","meta":{"_acf_changed":false},"product_cat":[1365],"product_tag":[11042,11044,2202,11046,11047,11041,7204,11043,11045],"class_list":["product","first","outofstock","shipping-taxable","purchasable","product-type-simple"],"acf":[],"_links":{"self":[{"href":"https:\/\/mouldking.store\/nb\/wp-json\/wp\/v2\/product\/39712","targetHints":{"allow":["GET"]}}],"collection":[{"href":"https:\/\/mouldking.store\/nb\/wp-json\/wp\/v2\/product"}],"about":[{"href":"https:\/\/mouldking.store\/nb\/wp-json\/wp\/v2\/types\/product"}],"replies":[{"embeddable":true,"href":"https:\/\/mouldking.store\/nb\/wp-json\/wp\/v2\/comments?post=39712"}],"wp:featuredmedia":[{"embeddable":true,"href":"https:\/\/mouldking.store\/nb\/wp-json\/wp\/v2\/media\/39714"}],"wp:attachment":[{"href":"https:\/\/mouldking.store\/nb\/wp-json\/wp\/v2\/media?parent=39712"}],"wp:term":[{"taxonomy":"product_cat","embeddable":true,"href":"https:\/\/mouldking.store\/nb\/wp-json\/wp\/v2\/product_cat?post=39712"},{"taxonomy":"product_tag","embeddable":true,"href":"https:\/\/mouldking.store\/nb\/wp-json\/wp\/v2\/product_tag?post=39712"}],"curies":[{"name":"wp","href":"https:\/\/api.w.org\/{rel}","templated":true}]}}