{"id":39715,"date":"2022-10-06T17:56:09","date_gmt":"2022-10-06T10:56:09","guid":{"rendered":"https:\/\/mouldking.store\/?post_type=product&#038;p=39715"},"modified":"2023-01-06T18:03:39","modified_gmt":"2023-01-06T11:03:39","slug":"jiestar-91024-honda-neowing-three-wheeled-motorcycle-with-996pcs","status":"publish","type":"product","link":"https:\/\/mouldking.store\/nb\/shop\/jiestar-91024-honda-neowing-three-wheeled-motorcycle-with-996pcs\/","title":{"rendered":"JIESTAR 91024 Honda NEOWING Trehjuls motorsykkel med 996 stk"},"content":{"rendered":"<p>Produktinformasjon:<\/p>\n<ol>\n<li>Merke: JIESTAR<\/li>\n<li>Kj\u00f8nn: Unisex<\/li>\n<li>Name: Honda NEOWING Three-wheeled Motorcycle<\/li>\n<li>Aldersgruppe: &gt; 6 \u00e5r gammel<\/li>\n<li>Model Number: 91024<\/li>\n<li>Klassifisering: Montering<\/li>\n<li>Plastblokkform: Selvl\u00e5sende murstein<\/li>\n<li>Materiale: Plast<\/li>\n<li>Plasttype: ABS<\/li>\n<li>Bricks Blocks:996PCS<\/li>\n<li>Size: 26.4 \u00d7 17.6 \u00d7 17.6 cm<\/li>\n<li>Inneholder detaljerte monteringsanvisninger.<\/li>\n<\/ol>\n<p>Legge merke til:<br \/>\n1. Uten original eske, men vi garanterer at v\u00e5re produkter har kvalitetssikring og pen emballasje.<br \/>\n2. Som alle delene vi har sjekket f\u00f8r frakt, s\u00e5 hvis du finner noen deler savnet eller skadet, ikke bekymre deg og bare kontakt oss, s\u00e5 kan vi sende dem til deg p\u00e5 nytt umiddelbart gratis.<\/p>\n<figure id=\"attachment_39716\" aria-describedby=\"caption-attachment-39716\" style=\"width: 800px\" class=\"wp-caption aligncenter\"><img fetchpriority=\"high\" decoding=\"async\" class=\"wp-image-39716 size-full\" src=\"https:\/\/mouldking.store\/wp-content\/uploads\/2023\/01\/Honda-NEOWING-Three-wheeled-Motorcycle-JIESTAR-91024.jpg\" alt=\"JIESTAR 91024 Honda NEOWING Three-wheeled Motorcycle With 996pcs\" width=\"800\" height=\"800\" title=\"-\"><figcaption id=\"caption-attachment-39716\" class=\"wp-caption-text\">JIESTAR 91024 Honda NEOWING Trehjuls motorsykkel med 996 stk<\/figcaption><\/figure>","protected":false},"excerpt":{"rendered":"<ul>\n<li>Manuell byggeveiledning<\/li>\n<li data-wpmeteor-click=\"true\">Produktet inkluderer ikke STICKER og TRYKTE deler. Alle trykte deler vil bli erstattet av standarddeler og tjener ikke med tredjepartstilbeh\u00f8r.<\/li>\n<li data-wpmeteor-click=\"true\">Forh\u00e5ndssalg<\/li>\n<\/ul>","protected":false},"featured_media":39716,"comment_status":"closed","ping_status":"closed","template":"","meta":{"_acf_changed":false},"product_cat":[1365],"product_tag":[11049,9118,11051,11055,3075,11052,11056,11048,2449,11050,11053,11054],"class_list":["product","first","outofstock","shipping-taxable","purchasable","product-type-simple"],"acf":[],"_links":{"self":[{"href":"https:\/\/mouldking.store\/nb\/wp-json\/wp\/v2\/product\/39715","targetHints":{"allow":["GET"]}}],"collection":[{"href":"https:\/\/mouldking.store\/nb\/wp-json\/wp\/v2\/product"}],"about":[{"href":"https:\/\/mouldking.store\/nb\/wp-json\/wp\/v2\/types\/product"}],"replies":[{"embeddable":true,"href":"https:\/\/mouldking.store\/nb\/wp-json\/wp\/v2\/comments?post=39715"}],"wp:featuredmedia":[{"embeddable":true,"href":"https:\/\/mouldking.store\/nb\/wp-json\/wp\/v2\/media\/39716"}],"wp:attachment":[{"href":"https:\/\/mouldking.store\/nb\/wp-json\/wp\/v2\/media?parent=39715"}],"wp:term":[{"taxonomy":"product_cat","embeddable":true,"href":"https:\/\/mouldking.store\/nb\/wp-json\/wp\/v2\/product_cat?post=39715"},{"taxonomy":"product_tag","embeddable":true,"href":"https:\/\/mouldking.store\/nb\/wp-json\/wp\/v2\/product_tag?post=39715"}],"curies":[{"name":"wp","href":"https:\/\/api.w.org\/{rel}","templated":true}]}}