{"id":39717,"date":"2022-10-06T18:04:03","date_gmt":"2022-10-06T11:04:03","guid":{"rendered":"https:\/\/mouldking.store\/?post_type=product&#038;p=39717"},"modified":"2023-01-06T18:08:59","modified_gmt":"2023-01-06T11:08:59","slug":"jiestar-91022-benelli-502c-with-765pcs","status":"publish","type":"product","link":"https:\/\/mouldking.store\/nb\/shop\/jiestar-91022-benelli-502c-with-765pcs\/","title":{"rendered":"JIESTAR 91022 Benelli 502C Med 765stk"},"content":{"rendered":"<p>Produktinformasjon:<\/p>\n<ol>\n<li>Merke: JIESTAR<\/li>\n<li>Kj\u00f8nn: Unisex<\/li>\n<li>Name: Benelli 502C<\/li>\n<li>Aldersgruppe: &gt; 6 \u00e5r gammel<\/li>\n<li>Model Number: 91022<\/li>\n<li>Klassifisering: Montering<\/li>\n<li>Plastblokkform: Selvl\u00e5sende murstein<\/li>\n<li>Materiale: Plast<\/li>\n<li>Plasttype: ABS<\/li>\n<li>Bricks Blocks:765PCS<\/li>\n<li>Size: 35.2 \u00d7 12.8 \u00d7 17.6 cm<\/li>\n<li>Inneholder detaljerte monteringsanvisninger.<\/li>\n<\/ol>\n<p>Legge merke til:<br \/>\n1. Uten original eske, men vi garanterer at v\u00e5re produkter har kvalitetssikring og pen emballasje.<br \/>\n2. Som alle delene vi har sjekket f\u00f8r frakt, s\u00e5 hvis du finner noen deler savnet eller skadet, ikke bekymre deg og bare kontakt oss, s\u00e5 kan vi sende dem til deg p\u00e5 nytt umiddelbart gratis.<\/p>\n<figure id=\"attachment_39718\" aria-describedby=\"caption-attachment-39718\" style=\"width: 800px\" class=\"wp-caption aligncenter\"><img fetchpriority=\"high\" decoding=\"async\" class=\"wp-image-39718 size-full\" src=\"https:\/\/mouldking.store\/wp-content\/uploads\/2023\/01\/Benelli-502C-JIESTAR-91022-4.jpg\" alt=\"JIESTAR 91022 Benelli 502C With 765pcs\" width=\"800\" height=\"800\" title=\"-\"><figcaption id=\"caption-attachment-39718\" class=\"wp-caption-text\">JIESTAR 91022 Benelli 502C Med 765stk<\/figcaption><\/figure>\n<figure id=\"attachment_39719\" aria-describedby=\"caption-attachment-39719\" style=\"width: 800px\" class=\"wp-caption aligncenter\"><img decoding=\"async\" class=\"wp-image-39719 size-full\" src=\"https:\/\/mouldking.store\/wp-content\/uploads\/2023\/01\/Benelli-502C-JIESTAR-91022-3.jpg\" alt=\"JIESTAR 91022 Benelli 502C With 765pcs\" width=\"800\" height=\"800\" title=\"-\"><figcaption id=\"caption-attachment-39719\" class=\"wp-caption-text\">JIESTAR 91022 Benelli 502C Med 765stk<\/figcaption><\/figure>\n<figure id=\"attachment_39720\" aria-describedby=\"caption-attachment-39720\" style=\"width: 800px\" class=\"wp-caption aligncenter\"><img decoding=\"async\" class=\"wp-image-39720 size-full\" src=\"https:\/\/mouldking.store\/wp-content\/uploads\/2023\/01\/Benelli-502C-JIESTAR-91022-2.jpg\" alt=\"JIESTAR 91022 Benelli 502C With 765pcs\" width=\"800\" height=\"800\" title=\"-\"><figcaption id=\"caption-attachment-39720\" class=\"wp-caption-text\">JIESTAR 91022 Benelli 502C Med 765stk<\/figcaption><\/figure>\n<figure id=\"attachment_39721\" aria-describedby=\"caption-attachment-39721\" style=\"width: 800px\" class=\"wp-caption aligncenter\"><img loading=\"lazy\" decoding=\"async\" class=\"wp-image-39721 size-full\" src=\"https:\/\/mouldking.store\/wp-content\/uploads\/2023\/01\/Benelli-502C-JIESTAR-91022-1.jpg\" alt=\"JIESTAR 91022 Benelli 502C With 765pcs\" width=\"800\" height=\"800\" title=\"-\"><figcaption id=\"caption-attachment-39721\" class=\"wp-caption-text\">JIESTAR 91022 Benelli 502C Med 765stk<\/figcaption><\/figure>","protected":false},"excerpt":{"rendered":"<ul>\n<li>Manuell byggeveiledning<\/li>\n<li data-wpmeteor-click=\"true\">Produktet inkluderer ikke STICKER og TRYKTE deler. Alle trykte deler vil bli erstattet av standarddeler og tjener ikke med tredjepartstilbeh\u00f8r.<\/li>\n<li data-wpmeteor-click=\"true\">Forh\u00e5ndssalg<\/li>\n<\/ul>","protected":false},"featured_media":39719,"comment_status":"closed","ping_status":"closed","template":"","meta":{"_acf_changed":false},"product_cat":[1357],"product_tag":[11058,11059,11060,3075,11061,11062,11057],"class_list":["product","first","outofstock","shipping-taxable","purchasable","product-type-simple"],"acf":[],"_links":{"self":[{"href":"https:\/\/mouldking.store\/nb\/wp-json\/wp\/v2\/product\/39717","targetHints":{"allow":["GET"]}}],"collection":[{"href":"https:\/\/mouldking.store\/nb\/wp-json\/wp\/v2\/product"}],"about":[{"href":"https:\/\/mouldking.store\/nb\/wp-json\/wp\/v2\/types\/product"}],"replies":[{"embeddable":true,"href":"https:\/\/mouldking.store\/nb\/wp-json\/wp\/v2\/comments?post=39717"}],"wp:featuredmedia":[{"embeddable":true,"href":"https:\/\/mouldking.store\/nb\/wp-json\/wp\/v2\/media\/39719"}],"wp:attachment":[{"href":"https:\/\/mouldking.store\/nb\/wp-json\/wp\/v2\/media?parent=39717"}],"wp:term":[{"taxonomy":"product_cat","embeddable":true,"href":"https:\/\/mouldking.store\/nb\/wp-json\/wp\/v2\/product_cat?post=39717"},{"taxonomy":"product_tag","embeddable":true,"href":"https:\/\/mouldking.store\/nb\/wp-json\/wp\/v2\/product_tag?post=39717"}],"curies":[{"name":"wp","href":"https:\/\/api.w.org\/{rel}","templated":true}]}}