{"id":39722,"date":"2022-10-06T18:09:26","date_gmt":"2022-10-06T11:09:26","guid":{"rendered":"https:\/\/mouldking.store\/?post_type=product&#038;p=39722"},"modified":"2023-01-06T18:15:40","modified_gmt":"2023-01-06T11:15:40","slug":"jiestar-91025-bmw-f-850-gs-adventure-with-781pcs","status":"publish","type":"product","link":"https:\/\/mouldking.store\/nb\/shop\/jiestar-91025-bmw-f-850-gs-adventure-with-781pcs\/","title":{"rendered":"JIESTAR 91025 BMW F 850 \u200b\u200bGS Adventure Med 781 stk"},"content":{"rendered":"<p>Produktinformasjon:<\/p>\n<ol>\n<li>Merke: JIESTAR<\/li>\n<li>Kj\u00f8nn: Unisex<\/li>\n<li>Name: BMW F 850 \u200b\u200bGS Adventure<\/li>\n<li>Aldersgruppe: &gt; 6 \u00e5r gammel<\/li>\n<li>Model Number: 91025<\/li>\n<li>Klassifisering: Montering<\/li>\n<li>Plastblokkform: Selvl\u00e5sende murstein<\/li>\n<li>Materiale: Plast<\/li>\n<li>Plasttype: ABS<\/li>\n<li>Bricks Blocks:781PCS<\/li>\n<li>Size: 32.8 \u00d7 14.4 \u00d7 17.6 cm<\/li>\n<li>Inneholder detaljerte monteringsanvisninger.<\/li>\n<\/ol>\n<p>Legge merke til:<br \/>\n1. Uten original eske, men vi garanterer at v\u00e5re produkter har kvalitetssikring og pen emballasje.<br \/>\n2. Som alle delene vi har sjekket f\u00f8r frakt, s\u00e5 hvis du finner noen deler savnet eller skadet, ikke bekymre deg og bare kontakt oss, s\u00e5 kan vi sende dem til deg p\u00e5 nytt umiddelbart gratis.<\/p>\n<figure id=\"attachment_39723\" aria-describedby=\"caption-attachment-39723\" style=\"width: 800px\" class=\"wp-caption aligncenter\"><img fetchpriority=\"high\" decoding=\"async\" class=\"wp-image-39723 size-full\" src=\"https:\/\/mouldking.store\/wp-content\/uploads\/2023\/01\/BMW-F-850-\u200b\u200bGS-Adventure-JIESTAR-91025-3.jpg\" alt=\"JIESTAR 91025 BMW F 850 \u200b\u200bGS Adventure With 781pcs\" width=\"800\" height=\"800\" title=\"-\"><figcaption id=\"caption-attachment-39723\" class=\"wp-caption-text\">JIESTAR 91025 BMW F 850 \u200b\u200bGS Adventure Med 781 stk<\/figcaption><\/figure>\n<figure id=\"attachment_39724\" aria-describedby=\"caption-attachment-39724\" style=\"width: 800px\" class=\"wp-caption aligncenter\"><img decoding=\"async\" class=\"wp-image-39724 size-full\" src=\"https:\/\/mouldking.store\/wp-content\/uploads\/2023\/01\/BMW-F-850-\u200b\u200bGS-Adventure-JIESTAR-91025-2.jpg\" alt=\"JIESTAR 91025 BMW F 850 \u200b\u200bGS Adventure With 781pcs\" width=\"800\" height=\"800\" title=\"-\"><figcaption id=\"caption-attachment-39724\" class=\"wp-caption-text\">JIESTAR 91025 BMW F 850 \u200b\u200bGS Adventure Med 781 stk<\/figcaption><\/figure>\n<figure id=\"attachment_39725\" aria-describedby=\"caption-attachment-39725\" style=\"width: 800px\" class=\"wp-caption aligncenter\"><img decoding=\"async\" class=\"wp-image-39725 size-full\" src=\"https:\/\/mouldking.store\/wp-content\/uploads\/2023\/01\/BMW-F-850-\u200b\u200bGS-Adventure-JIESTAR-91025-1.jpg\" alt=\"JIESTAR 91025 BMW F 850 \u200b\u200bGS Adventure With 781pcs\" width=\"800\" height=\"800\" title=\"-\"><figcaption id=\"caption-attachment-39725\" class=\"wp-caption-text\">JIESTAR 91025 BMW F 850 \u200b\u200bGS Adventure Med 781 stk<\/figcaption><\/figure>","protected":false},"excerpt":{"rendered":"<ul>\n<li>Manuell byggeveiledning<\/li>\n<li data-wpmeteor-click=\"true\">Produktet inkluderer ikke STICKER og TRYKTE deler. Alle trykte deler vil bli erstattet av standarddeler og tjener ikke med tredjepartstilbeh\u00f8r.<\/li>\n<li data-wpmeteor-click=\"true\">Forh\u00e5ndssalg<\/li>\n<\/ul>","protected":false},"featured_media":39724,"comment_status":"closed","ping_status":"closed","template":"","meta":{"_acf_changed":false},"product_cat":[1357],"product_tag":[11064,6470,5583,11066,11065,3075,11067,11063],"class_list":["product","first","outofstock","shipping-taxable","purchasable","product-type-simple"],"acf":[],"_links":{"self":[{"href":"https:\/\/mouldking.store\/nb\/wp-json\/wp\/v2\/product\/39722","targetHints":{"allow":["GET"]}}],"collection":[{"href":"https:\/\/mouldking.store\/nb\/wp-json\/wp\/v2\/product"}],"about":[{"href":"https:\/\/mouldking.store\/nb\/wp-json\/wp\/v2\/types\/product"}],"replies":[{"embeddable":true,"href":"https:\/\/mouldking.store\/nb\/wp-json\/wp\/v2\/comments?post=39722"}],"wp:featuredmedia":[{"embeddable":true,"href":"https:\/\/mouldking.store\/nb\/wp-json\/wp\/v2\/media\/39724"}],"wp:attachment":[{"href":"https:\/\/mouldking.store\/nb\/wp-json\/wp\/v2\/media?parent=39722"}],"wp:term":[{"taxonomy":"product_cat","embeddable":true,"href":"https:\/\/mouldking.store\/nb\/wp-json\/wp\/v2\/product_cat?post=39722"},{"taxonomy":"product_tag","embeddable":true,"href":"https:\/\/mouldking.store\/nb\/wp-json\/wp\/v2\/product_tag?post=39722"}],"curies":[{"name":"wp","href":"https:\/\/api.w.org\/{rel}","templated":true}]}}