{"id":40929,"date":"2023-02-02T10:45:01","date_gmt":"2023-02-02T03:45:01","guid":{"rendered":"https:\/\/mouldking.store\/shop\/moc-factory-109063-d77-troop-carrier-vehicle-with-2230-pieces\/"},"modified":"2025-12-16T22:25:24","modified_gmt":"2025-12-16T15:25:24","slug":"moc-factory-109063-d77-troop-carrier-vehicle-with-2230-pieces","status":"publish","type":"product","link":"https:\/\/mouldking.store\/nb\/shop\/moc-factory-109063-d77-troop-carrier-vehicle-with-2230-pieces\/","title":{"rendered":"MOC Factory 109063 D77 troppsfart\u00f8y med 2230 deler"},"content":{"rendered":"<div>Anbefalt alder: 7-12 \u00e5r, 12+ \u00e5r, 18+&nbsp;<br \/>Blokkst\u00f8rrelse: Liten byggekloss&nbsp;<br \/>Kj\u00f8nn: Unisex&nbsp;<br \/>Materiale: Plast&nbsp;<br \/>Plastblokkform: Firkantet&nbsp;<br \/>Plasttype: ABS&nbsp;<\/div>","protected":false},"excerpt":{"rendered":"<p>Merke: MOC Factory<br \/>\nKj\u00f8nn: Unisex<br \/>\nAldersgruppe: &gt; 12 \u00e5r gammel<br \/>\nModellnummer: 109063<br \/>\nKlassifisering: Montering<br \/>\nPlastblokkform: Selvl\u00e5sende murstein<br \/>\nMateriale: Plast<br \/>\nPlasttype: ABS<br \/>\nMursteinsblokker: 2230 +<br \/>\nArrangementstid: 4-8 uker<\/p>","protected":false},"featured_media":40923,"comment_status":"open","ping_status":"closed","template":"","meta":{"_acf_changed":false},"product_cat":[1350,1357,372,364],"product_tag":[374,389,11080,11187],"class_list":["product","first","instock","shipping-taxable","purchasable","product-type-simple"],"acf":[],"_links":{"self":[{"href":"https:\/\/mouldking.store\/nb\/wp-json\/wp\/v2\/product\/40929","targetHints":{"allow":["GET"]}}],"collection":[{"href":"https:\/\/mouldking.store\/nb\/wp-json\/wp\/v2\/product"}],"about":[{"href":"https:\/\/mouldking.store\/nb\/wp-json\/wp\/v2\/types\/product"}],"replies":[{"embeddable":true,"href":"https:\/\/mouldking.store\/nb\/wp-json\/wp\/v2\/comments?post=40929"}],"wp:featuredmedia":[{"embeddable":true,"href":"https:\/\/mouldking.store\/nb\/wp-json\/wp\/v2\/media\/40923"}],"wp:attachment":[{"href":"https:\/\/mouldking.store\/nb\/wp-json\/wp\/v2\/media?parent=40929"}],"wp:term":[{"taxonomy":"product_cat","embeddable":true,"href":"https:\/\/mouldking.store\/nb\/wp-json\/wp\/v2\/product_cat?post=40929"},{"taxonomy":"product_tag","embeddable":true,"href":"https:\/\/mouldking.store\/nb\/wp-json\/wp\/v2\/product_tag?post=40929"}],"curies":[{"name":"wp","href":"https:\/\/api.w.org\/{rel}","templated":true}]}}