{"id":41087,"date":"2023-02-03T10:56:09","date_gmt":"2023-02-03T03:56:09","guid":{"rendered":"https:\/\/mouldking.store\/shop\/brickcool-12016-qinsmoon-shenlou-ship-with-3460-pieces\/"},"modified":"2023-02-05T08:07:32","modified_gmt":"2023-02-05T01:07:32","slug":"brickcool-12016-qinsmoon-shenlou-ship-with-3460-pieces","status":"publish","type":"product","link":"https:\/\/mouldking.store\/nb\/shop\/brickcool-12016-qinsmoon-shenlou-ship-with-3460-pieces\/","title":{"rendered":"BrickCool 12016 Qinsmoon Shenlou-skip med 3460 stykker"},"content":{"rendered":"<div>\u2705 BrickCool 12016 Qinsmoon Shenlou Ship&nbsp;<br \/>&nbsp;<br \/>\u2705Qin Shi Mingyue Mirage tilh\u00f8rer byggeklosssettet til film- og tv-spillserien, og hele settet inneholder 3760 byggeklosspartikler. F\u00f8rste utgivelse i 2021.<br \/>&nbsp;<br \/>\ud83d\udeab VIKTIG!&nbsp;<br \/>&nbsp;<br \/>Produktnavn: Qinsmoon Shenlou Ship&nbsp;<br \/>&nbsp;<br \/>Kategori: Film&nbsp;<br \/>&nbsp;<br \/>Dette settet inneholder: BrickCool 12016<br \/>&nbsp;<br \/>3460 stk Klosser av god kvalitet&nbsp;<br \/>&nbsp;<br \/>St\u00f8rrelse: 59,6 \u00d7 48 \u00d7 26,3 cm<br \/>&nbsp;<br \/>Manuelle instruksjoner&nbsp;<br \/>&nbsp;<br \/>\ud83d\udcccProtagonistens natur&nbsp;<br \/>&nbsp;<br \/>Vi introduserer v\u00e5r stolte kolleksjon kalt &quot;Qinsmoon Shenlou Ship&quot; du ikke b\u00f8r g\u00e5 glipp av.&nbsp;<br \/>&nbsp;<br \/>Legenden om Qin f\u00f8lger Qin-dynastiet fra da keiseren av Qin, kong Zheng erobret de andre 6 nasjonene og forente Kina, til fremveksten av kongen av vestlige Chu, Xiang Yu som fanget hovedstaden, Xianyang.<\/div>","protected":false},"excerpt":{"rendered":"<p>Merke: BrickCool<br \/>\nKj\u00f8nn: Unisex<br \/>\nAldersgruppe: &gt; 16 \u00e5r gammel<br \/>\nModellnummer: 12016<br \/>\nKlassifisering: Montering<br \/>\nPlastblokkform: Selvl\u00e5sende murstein<br \/>\nMateriale: Plast<br \/>\nPlasttype: ABS<br \/>\nMursteinsblokker: 3460 +<br \/>\nIngen boks<\/p>","protected":false},"featured_media":41083,"comment_status":"open","ping_status":"closed","template":"","meta":{"_acf_changed":false},"product_cat":[1365,581,1408],"product_tag":[8452,9139,434,304],"class_list":["product","first","instock","shipping-taxable","purchasable","product-type-simple"],"acf":[],"_links":{"self":[{"href":"https:\/\/mouldking.store\/nb\/wp-json\/wp\/v2\/product\/41087","targetHints":{"allow":["GET"]}}],"collection":[{"href":"https:\/\/mouldking.store\/nb\/wp-json\/wp\/v2\/product"}],"about":[{"href":"https:\/\/mouldking.store\/nb\/wp-json\/wp\/v2\/types\/product"}],"replies":[{"embeddable":true,"href":"https:\/\/mouldking.store\/nb\/wp-json\/wp\/v2\/comments?post=41087"}],"wp:featuredmedia":[{"embeddable":true,"href":"https:\/\/mouldking.store\/nb\/wp-json\/wp\/v2\/media\/41083"}],"wp:attachment":[{"href":"https:\/\/mouldking.store\/nb\/wp-json\/wp\/v2\/media?parent=41087"}],"wp:term":[{"taxonomy":"product_cat","embeddable":true,"href":"https:\/\/mouldking.store\/nb\/wp-json\/wp\/v2\/product_cat?post=41087"},{"taxonomy":"product_tag","embeddable":true,"href":"https:\/\/mouldking.store\/nb\/wp-json\/wp\/v2\/product_tag?post=41087"}],"curies":[{"name":"wp","href":"https:\/\/api.w.org\/{rel}","templated":true}]}}