{"id":41114,"date":"2023-02-03T12:55:58","date_gmt":"2023-02-03T05:55:58","guid":{"rendered":"https:\/\/mouldking.store\/shop\/kazi-gbl-bozhi-ky87021-the-chronicles-of-narnia-the-battle-of-niutau-village-with-927-pieces\/"},"modified":"2023-02-03T12:55:58","modified_gmt":"2023-02-03T05:55:58","slug":"kazi-gbl-bozhi-ky87021-the-chronicles-of-narnia-the-battle-of-niutau-village-with-927-pieces","status":"publish","type":"product","link":"https:\/\/mouldking.store\/nb\/shop\/kazi-gbl-bozhi-ky87021-the-chronicles-of-narnia-the-battle-of-niutau-village-with-927-pieces\/","title":{"rendered":"KAZI \/ GBL \/ BOZHI KY87021 The Chronicles of Narnia: Slaget ved Niutau Village med 927 stykker"},"content":{"rendered":"<div>\u2705 KAZI KY87021 The Chronicles of Narnia: The Battle of Niutau Village<br \/>&nbsp;<br \/>\u2705&quot;The Chronicles of Narnia&quot; er en serie p\u00e5 syv fantasy-romaner skrevet av CS Lewis. B\u00f8kene er satt til Narnias fiktive verden og f\u00f8lger eventyrene til barn som spiller sentrale roller i Narnias historie. Serien er kjent for sin fantasifulle historiefortelling, minneverdige karakterer og kristendomstemaer.<br \/>&nbsp;<br \/>\ud83d\udeab VIKTIG!&nbsp;<br \/>&nbsp;<br \/>Product Name: The Chronicles of Narnia: The Battle of Niutau Village<br \/>&nbsp;<br \/>Kategori: Skaper<br \/>&nbsp;<br \/>This Kit Contains: KAZI KY87021<br \/>&nbsp;<br \/>927 pcs Good Quality Bricks&nbsp;<br \/>&nbsp;<br \/>&nbsp;<br \/>Manuelle instruksjoner&nbsp;<br \/>&nbsp;<br \/>\ud83d\udcccProtagonistens natur&nbsp;<br \/>&nbsp;<br \/>Introducing our proud collection named \u201cThe Chronicles of Narnia: The Battle of Niutau Village\u201d you should not miss.&nbsp;<br \/>&nbsp;<br \/>The Chronicles of Narnia: The Battle of Niutou Village belongs to the building block set of the film and television game series, and the entire set contains 927 building block particles. First released in 2018.<\/div>","protected":false},"excerpt":{"rendered":"<p>Merke: KAZI \/ GBL \/ BOZHI<br \/>\nKj\u00f8nn: Unisex<br \/>\nAldersgruppe: &gt; 6 \u00e5r gammel<br \/>\nModel Number: KY87021<br \/>\nKlassifisering: Montering<br \/>\nPlastblokkform: Selvl\u00e5sende murstein<br \/>\nMateriale: Plast<br \/>\nPlasttype: ABS<br \/>\nBricks Blocks: 927 +<br \/>\nForh\u00e5ndssalg<\/p>","protected":false},"featured_media":41113,"comment_status":"open","ping_status":"closed","template":"","meta":{"_acf_changed":false},"product_cat":[1365,371],"product_tag":[9077,11213,11072,8452,11214,6373],"class_list":["product","first","instock","shipping-taxable","purchasable","product-type-simple"],"acf":[],"_links":{"self":[{"href":"https:\/\/mouldking.store\/nb\/wp-json\/wp\/v2\/product\/41114","targetHints":{"allow":["GET"]}}],"collection":[{"href":"https:\/\/mouldking.store\/nb\/wp-json\/wp\/v2\/product"}],"about":[{"href":"https:\/\/mouldking.store\/nb\/wp-json\/wp\/v2\/types\/product"}],"replies":[{"embeddable":true,"href":"https:\/\/mouldking.store\/nb\/wp-json\/wp\/v2\/comments?post=41114"}],"wp:featuredmedia":[{"embeddable":true,"href":"https:\/\/mouldking.store\/nb\/wp-json\/wp\/v2\/media\/41113"}],"wp:attachment":[{"href":"https:\/\/mouldking.store\/nb\/wp-json\/wp\/v2\/media?parent=41114"}],"wp:term":[{"taxonomy":"product_cat","embeddable":true,"href":"https:\/\/mouldking.store\/nb\/wp-json\/wp\/v2\/product_cat?post=41114"},{"taxonomy":"product_tag","embeddable":true,"href":"https:\/\/mouldking.store\/nb\/wp-json\/wp\/v2\/product_tag?post=41114"}],"curies":[{"name":"wp","href":"https:\/\/api.w.org\/{rel}","templated":true}]}}