{"id":41118,"date":"2023-02-03T13:09:40","date_gmt":"2023-02-03T06:09:40","guid":{"rendered":"https:\/\/mouldking.store\/shop\/kazi-gbl-bozhi-ky87020-the-chronicles-of-narnia-the-battle-of-the-lighthouse-with-883-pieces\/"},"modified":"2023-02-03T13:09:40","modified_gmt":"2023-02-03T06:09:40","slug":"kazi-gbl-bozhi-ky87020-the-chronicles-of-narnia-the-battle-of-the-lighthouse-with-883-pieces","status":"publish","type":"product","link":"https:\/\/mouldking.store\/nb\/shop\/kazi-gbl-bozhi-ky87020-the-chronicles-of-narnia-the-battle-of-the-lighthouse-with-883-pieces\/","title":{"rendered":"KAZI \/ GBL \/ BOZHI KY87020 The Chronicles of Narnia: The Battle of the Lighthouse with 883 Pieces"},"content":{"rendered":"<div>\u2705 KAZI KY87020 The Chronicles of Narnia: The Battle of the Lighthouse<br \/>&nbsp;<br \/>\u2705&quot;The Chronicles of Narnia&quot; er en serie p\u00e5 syv fantasy-romaner skrevet av CS Lewis. B\u00f8kene er satt til Narnias fiktive verden og f\u00f8lger eventyrene til barn som spiller sentrale roller i Narnias historie. Serien er kjent for sin fantasifulle historiefortelling, minneverdige karakterer og kristendomstemaer.<br \/>&nbsp;<br \/>\ud83d\udeab VIKTIG!&nbsp;<br \/>&nbsp;<br \/>Produktnavn: The Chronicles of Narnia: The Battle of the Lighthouse<br \/>&nbsp;<br \/>Kategori: Skaper<br \/>&nbsp;<br \/>Dette settet inneholder: KAZI KY87020<br \/>&nbsp;<br \/>883 stk Klosser av god kvalitet&nbsp;<br \/>&nbsp;<br \/>Manuelle instruksjoner&nbsp;<br \/>&nbsp;<br \/>\ud83d\udcccProtagonistens natur&nbsp;<br \/>&nbsp;<br \/>Vi introduserer v\u00e5r stolte samling kalt &quot;The Chronicles of Narnia: The Battle of the Lighthouse&quot; du ikke b\u00f8r g\u00e5 glipp av.&nbsp;<br \/>&nbsp;<br \/>The Chronicles of Narnia: The Battle of the Lighthouse tilh\u00f8rer byggeklosssettet til film- og TV-spillserien, og hele settet inneholder 883 byggeklosspartikler. F\u00f8rst utgitt i 2018.<\/div>","protected":false},"excerpt":{"rendered":"<p>Merke: KAZI \/ GBL \/ BOZHI<br \/>\nKj\u00f8nn: Unisex<br \/>\nAldersgruppe: &gt; 6 \u00e5r gammel<br \/>\nModellnummer: KY87020<br \/>\nKlassifisering: Montering<br \/>\nPlastblokkform: Selvl\u00e5sende murstein<br \/>\nMateriale: Plast<br \/>\nPlasttype: ABS<br \/>\nMursteinsblokker: 883 +<br \/>\nForh\u00e5ndssalg<\/p>","protected":false},"featured_media":41117,"comment_status":"open","ping_status":"closed","template":"","meta":{"_acf_changed":false},"product_cat":[1365,371],"product_tag":[9077,11213,11072,8452,10110,11214],"class_list":["product","first","instock","shipping-taxable","purchasable","product-type-simple"],"acf":[],"_links":{"self":[{"href":"https:\/\/mouldking.store\/nb\/wp-json\/wp\/v2\/product\/41118","targetHints":{"allow":["GET"]}}],"collection":[{"href":"https:\/\/mouldking.store\/nb\/wp-json\/wp\/v2\/product"}],"about":[{"href":"https:\/\/mouldking.store\/nb\/wp-json\/wp\/v2\/types\/product"}],"replies":[{"embeddable":true,"href":"https:\/\/mouldking.store\/nb\/wp-json\/wp\/v2\/comments?post=41118"}],"wp:featuredmedia":[{"embeddable":true,"href":"https:\/\/mouldking.store\/nb\/wp-json\/wp\/v2\/media\/41117"}],"wp:attachment":[{"href":"https:\/\/mouldking.store\/nb\/wp-json\/wp\/v2\/media?parent=41118"}],"wp:term":[{"taxonomy":"product_cat","embeddable":true,"href":"https:\/\/mouldking.store\/nb\/wp-json\/wp\/v2\/product_cat?post=41118"},{"taxonomy":"product_tag","embeddable":true,"href":"https:\/\/mouldking.store\/nb\/wp-json\/wp\/v2\/product_tag?post=41118"}],"curies":[{"name":"wp","href":"https:\/\/api.w.org\/{rel}","templated":true}]}}