{"id":41153,"date":"2023-02-03T14:50:58","date_gmt":"2023-02-03T07:50:58","guid":{"rendered":"https:\/\/mouldking.store\/shop\/quanguan-100242-panzerkampfwagen-vi-tiger-ausf-e-sd-kfz-181-tiger-i-with-503-pieces\/"},"modified":"2023-02-03T14:50:58","modified_gmt":"2023-02-03T07:50:58","slug":"quanguan-100242-panzerkampfwagen-vi-tiger-ausf-e-sd-kfz-181-tiger-i-with-503-pieces","status":"publish","type":"product","link":"https:\/\/mouldking.store\/nb\/shop\/quanguan-100242-panzerkampfwagen-vi-tiger-ausf-e-sd-kfz-181-tiger-i-with-503-pieces\/","title":{"rendered":"QUANGUAN 100242 Panzerkampfwagen VI Tiger Ausf.E (Sd.Kfz.181) Tiger I med 503 stykker"},"content":{"rendered":"<div>\u2705 QuanGuan 100242 Panzerkampfwagen VI Tiger Ausf.E (Sd.Kfz.181) Tiger I<br \/>&nbsp;<br \/>\u2705Panzerkampfwagen VI Tiger var en tysk tung tank som ble brukt under andre verdenskrig. Tigeren var kjent for sin tykke rustning og kraftige 88 mm pistol, som gjorde den til en formidabel motstander p\u00e5 slagmarken. Tanken ble f\u00f8rst introdusert i 1942 og ble f\u00f8rst og fremst brukt p\u00e5 \u00f8stfronten, hvor den ble brukt til \u00e5 bryte gjennom sovjetisk forsvar.<br \/>&nbsp;<br \/>\ud83d\udeab VIKTIG!&nbsp;<br \/>&nbsp;<br \/>Produktnavn: Panzerkampfwagen VI Tiger Ausf.E (Sd.Kfz.181) Tiger I<br \/>&nbsp;<br \/>Kategori: Milit\u00e6r<br \/>&nbsp;<br \/>Dette settet inneholder: QuanGuan 100242&nbsp;<br \/>&nbsp;<br \/>503 stk god kvalitet murstein&nbsp;<br \/>&nbsp;<br \/>St\u00f8rrelse: 19 x 7,4 cm<br \/>&nbsp;<br \/>Manuelle instruksjoner&nbsp;<br \/>&nbsp;<br \/>\ud83d\udcccProtagonistens natur&nbsp;<br \/>&nbsp;<br \/>Vi introduserer v\u00e5r stolte kolleksjon kalt &quot;Panzerkampfwagen VI Tiger Ausf.E (Sd.Kfz.181) Tiger I&quot; du ikke b\u00f8r g\u00e5 glipp av.&nbsp;<br \/>&nbsp;<br \/>Dette er en ny type leket\u00f8y, plastblokkformen &quot;selvl\u00e5sende murstein&quot;. Milit\u00e6re entusiaster vil elske det. Den fikk sertifikatet til 3C, noe som gjorde produktet mye tryggere for barn \u00e5 leke med. I tillegg er antallet blokker ca 503+PCer, som kan kobles sammen med andre kombinasjoner av blokker for \u00e5 skape mer komplekse og vakre bygninger.<\/div>","protected":false},"excerpt":{"rendered":"<p>Merke: QUANGUAN<br \/>\nKj\u00f8nn: Unisex<br \/>\nAldersgruppe: &gt; 6 \u00e5r gammel<br \/>\nModellnummer: 100242<br \/>\nKlassifisering: Montering<br \/>\nPlastblokkform: Selvl\u00e5sende murstein<br \/>\nMateriale: Plast<br \/>\nPlasttype: ABS<br \/>\nMursteinsblokker: 503 +<br \/>\nIngen boks<\/p>","protected":false},"featured_media":41147,"comment_status":"open","ping_status":"closed","template":"","meta":{"_acf_changed":false},"product_cat":[1350,1357,372,364],"product_tag":[374,485,389,6482],"class_list":["product","first","instock","shipping-taxable","purchasable","product-type-simple"],"acf":[],"_links":{"self":[{"href":"https:\/\/mouldking.store\/nb\/wp-json\/wp\/v2\/product\/41153","targetHints":{"allow":["GET"]}}],"collection":[{"href":"https:\/\/mouldking.store\/nb\/wp-json\/wp\/v2\/product"}],"about":[{"href":"https:\/\/mouldking.store\/nb\/wp-json\/wp\/v2\/types\/product"}],"replies":[{"embeddable":true,"href":"https:\/\/mouldking.store\/nb\/wp-json\/wp\/v2\/comments?post=41153"}],"wp:featuredmedia":[{"embeddable":true,"href":"https:\/\/mouldking.store\/nb\/wp-json\/wp\/v2\/media\/41147"}],"wp:attachment":[{"href":"https:\/\/mouldking.store\/nb\/wp-json\/wp\/v2\/media?parent=41153"}],"wp:term":[{"taxonomy":"product_cat","embeddable":true,"href":"https:\/\/mouldking.store\/nb\/wp-json\/wp\/v2\/product_cat?post=41153"},{"taxonomy":"product_tag","embeddable":true,"href":"https:\/\/mouldking.store\/nb\/wp-json\/wp\/v2\/product_tag?post=41153"}],"curies":[{"name":"wp","href":"https:\/\/api.w.org\/{rel}","templated":true}]}}