{"id":41178,"date":"2023-02-06T09:42:34","date_gmt":"2023-02-06T02:42:34","guid":{"rendered":"https:\/\/mouldking.store\/shop\/jiestar-67110-minifig-scale-at-at-w-interior-with-6919-pieces\/"},"modified":"2023-02-06T09:42:34","modified_gmt":"2023-02-06T02:42:34","slug":"jiestar-67110-minifig-scale-at-at-w-interior-with-6919-pieces","status":"publish","type":"product","link":"https:\/\/mouldking.store\/nb\/shop\/jiestar-67110-minifig-scale-at-at-w-interior-with-6919-pieces\/","title":{"rendered":"JIESTAR 67110 Minifig Scale AT-AT m\/ Interi\u00f8r med 6919 stykker"},"content":{"rendered":"<div>&nbsp;\u2705 JIE STAR 67110 Minifig Scale AT-AT m\/ Interi\u00f8r<br \/>&nbsp;<br \/>\u2705Minifig-skalaen AT-AT er en selvl\u00e5sende mursteinsmodell av det ikoniske Star Wars-kj\u00f8ret\u00f8yet. Den eneste m\u00e5ten \u00e5 komme inn i rullatoren er ved \u00e5 bruke den medf\u00f8lgende d\u00f8rn\u00f8kkelen. Det er 6919 murstein totalt, og den er 59 cm h\u00f8y.<br \/>&nbsp;<br \/>\ud83d\udeab VIKTIG!&nbsp;<br \/>&nbsp;<br \/>Produktnavn: Minifig Scale AT-AT m\/ Interi\u00f8r<br \/>&nbsp;<br \/>Kategori: Star Wars<br \/>&nbsp;<br \/>Dette settet inneholder: JIE STAR 67110&nbsp;<br \/>&nbsp;<br \/>6919 stk Klosser av god kvalitet&nbsp;<br \/>&nbsp;<br \/>St\u00f8rrelse: 73 \u00d7 23 \u00d7 59 cm<br \/>&nbsp;<br \/>Manuelle instruksjoner&nbsp;<br \/>&nbsp;<br \/>\ud83d\udcccProtagonistens natur&nbsp;<br \/>&nbsp;<br \/>Vi introduserer v\u00e5r stolte kolleksjon kalt &quot;Minifig Scale AT-AT m\/ Interi\u00f8r&quot; du ikke b\u00f8r g\u00e5 glipp av.&nbsp;<br \/>&nbsp;<br \/>Minifig Scale AT-AT med interi\u00f8r refererer til en modell av All Terrain Armored Transport (AT-AT) kj\u00f8ret\u00f8y fra Star Wars-serien som har b\u00e5de eksteri\u00f8r- og interi\u00f8rdesign. Denne typen modell er bygget i en st\u00f8rrelse som er proporsjonal med mursteinsminifigurene og inkluderer et detaljert interi\u00f8r, noe som gir mulighet for mer spillbarhet og oppslukende opplevelser for minifigurene. Interi\u00f8ret kan inneholde funksjoner som sitteplasser for minifigurer, kontrollpaneler og v\u00e5pensystemer, noe som legger til realismen og den generelle estetikken til modellen.<\/div>","protected":false},"excerpt":{"rendered":"<p>Merke: JIESTAR<br \/>\nKj\u00f8nn: Unisex<br \/>\nAldersgruppe: &gt; 14 \u00e5r gammel<br \/>\nModellnummer: 67110<br \/>\nKlassifisering: Montering<br \/>\nPlastblokkform: Selvl\u00e5sende murstein<br \/>\nMateriale: Plast<br \/>\nPlasttype: ABS<br \/>\nMursteinsblokker: 6919 +<br \/>\nIngen boks<\/p>","protected":false},"featured_media":41173,"comment_status":"open","ping_status":"closed","template":"","meta":{"_acf_changed":false},"product_cat":[581,415,1408],"product_tag":[11220,11221,5079,11219,434,436,11222,11223],"class_list":["product","first","instock","shipping-taxable","purchasable","product-type-simple"],"acf":[],"_links":{"self":[{"href":"https:\/\/mouldking.store\/nb\/wp-json\/wp\/v2\/product\/41178","targetHints":{"allow":["GET"]}}],"collection":[{"href":"https:\/\/mouldking.store\/nb\/wp-json\/wp\/v2\/product"}],"about":[{"href":"https:\/\/mouldking.store\/nb\/wp-json\/wp\/v2\/types\/product"}],"replies":[{"embeddable":true,"href":"https:\/\/mouldking.store\/nb\/wp-json\/wp\/v2\/comments?post=41178"}],"wp:featuredmedia":[{"embeddable":true,"href":"https:\/\/mouldking.store\/nb\/wp-json\/wp\/v2\/media\/41173"}],"wp:attachment":[{"href":"https:\/\/mouldking.store\/nb\/wp-json\/wp\/v2\/media?parent=41178"}],"wp:term":[{"taxonomy":"product_cat","embeddable":true,"href":"https:\/\/mouldking.store\/nb\/wp-json\/wp\/v2\/product_cat?post=41178"},{"taxonomy":"product_tag","embeddable":true,"href":"https:\/\/mouldking.store\/nb\/wp-json\/wp\/v2\/product_tag?post=41178"}],"curies":[{"name":"wp","href":"https:\/\/api.w.org\/{rel}","templated":true}]}}