{"id":41190,"date":"2023-02-06T10:14:00","date_gmt":"2023-02-06T03:14:00","guid":{"rendered":"https:\/\/mouldking.store\/shop\/loz-1051-dream-castle-with-5427-pieces\/"},"modified":"2023-02-06T10:14:00","modified_gmt":"2023-02-06T03:14:00","slug":"loz-1051-dream-castle-with-5427-pieces","status":"publish","type":"product","link":"https:\/\/mouldking.store\/nb\/shop\/loz-1051-dream-castle-with-5427-pieces\/","title":{"rendered":"LOZ 1051 Dr\u00f8mmeslott med 5427 stykker"},"content":{"rendered":"<div>\u2705 LOZ 1051 Dr\u00f8mmeslott<br \/>&nbsp;<br \/>\u2705Dream Castle er et av de mest unike byggeklossene i verden. Den best\u00e5r av 5427 deler, med forskjellige former, farger og funksjoner. Settet kan kombineres for \u00e5 lage en rekke fantasifulle scener, inkludert et hus, en forn\u00f8yelsespark eller eventyr.<br \/>&nbsp;<br \/>\ud83d\udeab VIKTIG!&nbsp;<\/p>\n<p>Produktnavn: Dream Castle<\/p>\n<p>Kategori: Skaper&nbsp;<br \/>&nbsp;<br \/>Dette settet inneholder: LOZ 1051<br \/>&nbsp;<br \/>5427 stk Klosser av god kvalitet&nbsp;<br \/>&nbsp;<br \/>St\u00f8rrelse: 41,5 \u00d7 23,5 \u00d7 56 cm&nbsp;<br \/>&nbsp;<br \/>Manuelle instruksjoner&nbsp;<br \/>&nbsp;<br \/>\ud83d\udcccProtagonistens natur&nbsp;<br \/>&nbsp;<br \/>Vi introduserer v\u00e5r stolte samling kalt &quot;Dream Castle&quot; du ikke b\u00f8r g\u00e5 glipp av.&nbsp;<br \/>&nbsp;<br \/>Dream Castle er et leket\u00f8y som g\u00e5r til foreldre og barn, det er et sted de kan komme sammen og skape sin egen historie. For barnet er det en magisk verden av moro, med dyrefigurer og tilbeh\u00f8r. Det er ogs\u00e5 en utmerket mulighet for samhandling mellom foreldre og barn, som opptar barnets oppmerksomhet i timevis.<\/div>","protected":false},"excerpt":{"rendered":"<p>Merke: LOZ<br \/>\nKj\u00f8nn: Unisex<br \/>\nAldersgruppe: &gt; 6 \u00e5r gammel<br \/>\nModellnummer: 1051<br \/>\nKlassifisering: Montering<br \/>\nPlastblokkform: Selvl\u00e5sende murstein<br \/>\nMateriale: Plast<br \/>\nPlasttype: ABS<br \/>\nMursteinsblokker: 5427 +<br \/>\nIngen boks<\/p>","protected":false},"featured_media":41183,"comment_status":"open","ping_status":"closed","template":"","meta":{"_acf_changed":false},"product_cat":[1365,1395,371,390],"product_tag":[787,11072,8452,2722,392],"class_list":["product","first","instock","shipping-taxable","purchasable","product-type-simple"],"acf":[],"_links":{"self":[{"href":"https:\/\/mouldking.store\/nb\/wp-json\/wp\/v2\/product\/41190","targetHints":{"allow":["GET"]}}],"collection":[{"href":"https:\/\/mouldking.store\/nb\/wp-json\/wp\/v2\/product"}],"about":[{"href":"https:\/\/mouldking.store\/nb\/wp-json\/wp\/v2\/types\/product"}],"replies":[{"embeddable":true,"href":"https:\/\/mouldking.store\/nb\/wp-json\/wp\/v2\/comments?post=41190"}],"wp:featuredmedia":[{"embeddable":true,"href":"https:\/\/mouldking.store\/nb\/wp-json\/wp\/v2\/media\/41183"}],"wp:attachment":[{"href":"https:\/\/mouldking.store\/nb\/wp-json\/wp\/v2\/media?parent=41190"}],"wp:term":[{"taxonomy":"product_cat","embeddable":true,"href":"https:\/\/mouldking.store\/nb\/wp-json\/wp\/v2\/product_cat?post=41190"},{"taxonomy":"product_tag","embeddable":true,"href":"https:\/\/mouldking.store\/nb\/wp-json\/wp\/v2\/product_tag?post=41190"}],"curies":[{"name":"wp","href":"https:\/\/api.w.org\/{rel}","templated":true}]}}