{"id":41199,"date":"2023-02-06T11:03:04","date_gmt":"2023-02-06T04:03:04","guid":{"rendered":"https:\/\/mouldking.store\/shop\/moc-factory-89488-independence-hall-with-29583-pieces\/"},"modified":"2025-12-16T22:25:22","modified_gmt":"2025-12-16T15:25:22","slug":"moc-factory-89488-independence-hall-with-29583-pieces","status":"publish","type":"product","link":"https:\/\/mouldking.store\/nb\/shop\/moc-factory-89488-independence-hall-with-29583-pieces\/","title":{"rendered":"MOC Factory 89488 Independence Hall med 29583 stykker"},"content":{"rendered":"<div>\u2705 MOC-89488 Independence Hall<\/p>\n<p>\u2705Independence Hall er en historisk bygning i Philadelphia, Pennsylvania, USA. Det var stedet for noen av de mest kritiske hendelsene i amerikansk historie og spilte en sentral rolle i landets uavhengighetsbevegelse. I 1776 m\u00f8ttes den kontinentale kongressen i Independence Hall og vedtok uavhengighetserkl\u00e6ringen, som proklamerte uavhengigheten til de tretten amerikanske koloniene fra britisk styre. I 1787 var bygningen stedet for den konstitusjonelle konvensjonen, der USAs grunnlov ble skrevet og signert. I dag er Independence Hall et nasjonalt historisk landemerke som symboliserer amerikansk uavhengighet og demokrati. Det er \u00e5pent for publikum som et museum og er et popul\u00e6rt turistm\u00e5l i Philadelphia.<\/p>\n<p>\ud83d\udeab VIKTIG!<\/p>\n<p>Produktnavn: Independence Hall<\/p>\n<p>Kategori: Modulbygg<\/p>\n<p>Dette settet inneholder: MOC-89488<\/p>\n<p>29583 stk Klosser av god kvalitet<\/p>\n<p>Vekt: 24,7 kg<\/p>\n<p>PDF-instruksjoner<\/p>\n<p>\ud83d\udcccProtagonistens natur<\/p>\n<p>Vi introduserer v\u00e5r stolte kolleksjon kalt &quot;Independence Hall&quot; du ikke b\u00f8r g\u00e5 glipp av.<\/p>\n<p>Et sett med 29 583 STK byggeklosser, dette produktet er laget av f\u00f8rsteklasses kvalitetsmateriale som er i samsvar med de vanlige byggeklossmerkene, med n\u00f8yaktig farge, fast struktur og komfortabel h\u00e5ndf\u00f8lelse for enkel demontering. Produktet er kompatibelt med byggeklosssettene fra Denishs prestisjetunge merker, og inkluderer delene pakket i separate poser og typer, noe som reduserer kj\u00f8pskostnad og tid.<\/p><\/div>","protected":false},"excerpt":{"rendered":"<p>Merke: MOC Factory<br \/>\nKj\u00f8nn: Unisex<br \/>\nAldersgruppe: &gt; 12 \u00e5r gammel<br \/>\nModellnummer: 89488<br \/>\nKlassifisering: Montering<br \/>\nPlastblokkform: Selvl\u00e5sende murstein<br \/>\nMateriale: Plast<br \/>\nPlasttype: ABS<br \/>\nMursteinsblokker: 29583 +<br \/>\nArrangementstid: 4-8 uker<\/p>","protected":false},"featured_media":41193,"comment_status":"open","ping_status":"closed","template":"","meta":{"_acf_changed":false},"product_cat":[1395,390],"product_tag":[727,4883,392],"class_list":["product","first","instock","shipping-taxable","purchasable","product-type-simple"],"acf":[],"_links":{"self":[{"href":"https:\/\/mouldking.store\/nb\/wp-json\/wp\/v2\/product\/41199","targetHints":{"allow":["GET"]}}],"collection":[{"href":"https:\/\/mouldking.store\/nb\/wp-json\/wp\/v2\/product"}],"about":[{"href":"https:\/\/mouldking.store\/nb\/wp-json\/wp\/v2\/types\/product"}],"replies":[{"embeddable":true,"href":"https:\/\/mouldking.store\/nb\/wp-json\/wp\/v2\/comments?post=41199"}],"wp:featuredmedia":[{"embeddable":true,"href":"https:\/\/mouldking.store\/nb\/wp-json\/wp\/v2\/media\/41193"}],"wp:attachment":[{"href":"https:\/\/mouldking.store\/nb\/wp-json\/wp\/v2\/media?parent=41199"}],"wp:term":[{"taxonomy":"product_cat","embeddable":true,"href":"https:\/\/mouldking.store\/nb\/wp-json\/wp\/v2\/product_cat?post=41199"},{"taxonomy":"product_tag","embeddable":true,"href":"https:\/\/mouldking.store\/nb\/wp-json\/wp\/v2\/product_tag?post=41199"}],"curies":[{"name":"wp","href":"https:\/\/api.w.org\/{rel}","templated":true}]}}