{"id":41211,"date":"2023-02-06T11:19:32","date_gmt":"2023-02-06T04:19:32","guid":{"rendered":"https:\/\/mouldking.store\/shop\/moc-factory-46894-leopard-2-a7-mbt-with-1244-pieces\/"},"modified":"2025-12-16T22:25:22","modified_gmt":"2025-12-16T15:25:22","slug":"moc-factory-46894-leopard-2-a7-mbt-with-1244-pieces","status":"publish","type":"product","link":"https:\/\/mouldking.store\/nb\/shop\/moc-factory-46894-leopard-2-a7-mbt-with-1244-pieces\/","title":{"rendered":"MOC Factory 46894 Leopard 2 A7 MBT med 1244 stk"},"content":{"rendered":"<div>\u2705 MOC-46894 Leopard 2 A7 MBT<\/p>\n<p>\u2705Leopard 2 A7 er en Main Battle Tank (MBT) utviklet av det tyske selskapet Krauss-Maffei Wegmann (KMW). Det er en modernisert versjon av Leopard 2 MBT, som er en av de mest brukte tankene i Europa. Leopard 2 A7 er utstyrt med en rekke avanserte funksjoner, inkludert en ny generasjon rustning, en kraftigere motor og forbedrede brannkontroll- og kommunikasjonssystemer. A7-versjonen er designet for h\u00f8y mobilitet, overlevelsesevne og ildkraft, noe som gj\u00f8r den til en effektiv plattform for moderne krigf\u00f8ring. Leopard 2 A7 er for tiden i tjeneste med flere land og har blitt brukt i en rekke konflikter, inkludert fredsbevarende og stabiliseringsoperasjoner.<\/p>\n<p>\ud83d\udeab VIKTIG!<\/p>\n<p>Produktnavn: Leopard 2 A7 MBT<\/p>\n<p>Kategori: Milit\u00e6r<\/p>\n<p>Dette settet inneholder: MOC-46894<\/p>\n<p>1244 stk Klosser av god kvalitet<\/p>\n<p>Vekt: 1250g<\/p>\n<p>PDF-instruksjoner<\/p>\n<p>\ud83d\udcccProtagonistens natur<\/p>\n<p>Vi introduserer v\u00e5r stolte kolleksjon kalt &quot;Leopard 2 A7 MBT&quot; du ikke b\u00f8r g\u00e5 glipp av.<\/p>\n<p>Produktet er en modell av Leopard 2 som representerer den nyeste MBT-teknologien. Den oppn\u00e5r overlegen modellering, h\u00f8ykvalitetsdetaljer og maksimal realisme i design. Kj\u00f8ret\u00f8yet har blitt modifisert mange ganger for \u00e5 maksimere utseendet, som inkluderer rimelig struktur og solid bygning med unik design og fargetilpasning for \u00e5 gi den utmerket pynte- og samlingsverdi.<\/p><\/div>","protected":false},"excerpt":{"rendered":"<p>Merke: MOC Factory<br \/>\nKj\u00f8nn: Unisex<br \/>\nAldersgruppe: &gt; 12 \u00e5r gammel<br \/>\nModellnummer: 46894<br \/>\nKlassifisering: Montering<br \/>\nPlastblokkform: Selvl\u00e5sende murstein<br \/>\nMateriale: Plast<br \/>\nPlasttype: ABS<br \/>\nMursteinsblokker: 1244 +<br \/>\nArrangementstid: 4-8 uker<\/p>","protected":false},"featured_media":41206,"comment_status":"open","ping_status":"closed","template":"","meta":{"_acf_changed":false},"product_cat":[1350,1357,372,364],"product_tag":[11226,2641,374,485,389],"class_list":["product","first","instock","shipping-taxable","purchasable","product-type-simple"],"acf":[],"_links":{"self":[{"href":"https:\/\/mouldking.store\/nb\/wp-json\/wp\/v2\/product\/41211","targetHints":{"allow":["GET"]}}],"collection":[{"href":"https:\/\/mouldking.store\/nb\/wp-json\/wp\/v2\/product"}],"about":[{"href":"https:\/\/mouldking.store\/nb\/wp-json\/wp\/v2\/types\/product"}],"replies":[{"embeddable":true,"href":"https:\/\/mouldking.store\/nb\/wp-json\/wp\/v2\/comments?post=41211"}],"wp:featuredmedia":[{"embeddable":true,"href":"https:\/\/mouldking.store\/nb\/wp-json\/wp\/v2\/media\/41206"}],"wp:attachment":[{"href":"https:\/\/mouldking.store\/nb\/wp-json\/wp\/v2\/media?parent=41211"}],"wp:term":[{"taxonomy":"product_cat","embeddable":true,"href":"https:\/\/mouldking.store\/nb\/wp-json\/wp\/v2\/product_cat?post=41211"},{"taxonomy":"product_tag","embeddable":true,"href":"https:\/\/mouldking.store\/nb\/wp-json\/wp\/v2\/product_tag?post=41211"}],"curies":[{"name":"wp","href":"https:\/\/api.w.org\/{rel}","templated":true}]}}