{"id":41265,"date":"2023-02-07T09:40:07","date_gmt":"2023-02-07T02:40:07","guid":{"rendered":"https:\/\/mouldking.store\/shop\/lw-2098-iron-mech-anti-hulk-armor-with-4448-pieces\/"},"modified":"2024-12-31T17:00:47","modified_gmt":"2024-12-31T10:00:47","slug":"lw-2098-iron-mech-anti-hulk-armor-with-4448-pieces","status":"publish","type":"product","link":"https:\/\/mouldking.store\/nb\/shop\/lw-2098-iron-mech-anti-hulk-armor-with-4448-pieces\/","title":{"rendered":"LW 2098 Iron Mech Anti-Hulk rustning med 4448 stykker"},"content":{"rendered":"<div>\u2705 LW 2098 Iron Mech Anti-Hulk rustning<\/p>\n<\/div>\n<div>\u2705Iron Mech Anti-Hulk Armor er en fiktiv teknologi fra Marvel Comics-universet, spesielt designet for \u00e5 brukes mot Incredible Hulk. Det er en pansret exo-drakt, utstyrt med v\u00e5pen og annen teknologi spesielt laget for \u00e5 bekjempe Hulkens enorme styrke og holdbarhet. Iron Mech Anti-Hulk Armor ble skapt av Tony Stark, ogs\u00e5 kjent som Iron Man, for \u00e5 beskytte verden mot Hulkens \u00f8deleggende kraft.<\/p>\n<\/div>\n<div>\ud83d\udeab VIKTIG!<\/p>\n<\/div>\n<div>Produktnavn: Iron Mech Anti-Hulk Armor<\/p>\n<\/div>\n<div>Kategori: Film<\/p>\n<\/div>\n<div>Dette settet inneholder: LW 2098<\/p>\n<\/div>\n<div>4448 stk Murstein av god kvalitet<\/p>\n<\/div>\n<div>St\u00f8rrelse: 37 \u00d7 17 \u00d7 45,5 cm<\/p>\n<\/div>\n<div>Manuelle instruksjoner<\/p>\n<\/div>\n<div>\ud83d\udcccProtagonistens natur<\/p>\n<\/div>\n<div>Vi introduserer v\u00e5r stolte kolleksjon kalt &quot;Iron Mech Anti-Hulk Armor&quot; du ikke b\u00f8r g\u00e5 glipp av.<\/p>\n<\/div>\n<div>Iron Mech Anti-Hulk Armor er en fiktiv exo-drakt skapt av Tony Stark, ogs\u00e5 kjent som Iron Man, i Marvel Comics-universet. Den er spesielt designet for \u00e5 bekjempe Incredible Hulk, en av de mektigste og mest \u00f8deleggende kreftene i Marvel-universet. Iron Mech Anti-Hulk Armor er utstyrt med avanserte v\u00e5pen, teknologi og rustning for \u00e5 motvirke Hulkens enorme styrke og holdbarhet, noe som gj\u00f8r den til et av f\u00e5 v\u00e5pen som er i stand til \u00e5 stoppe den rasende superhelten. Denne rustningen blir sett p\u00e5 som en siste utvei for \u00e5 beskytte menneskeheten og opprettholde orden i m\u00f8te med Hulkens overveldende makt.<\/div>","protected":false},"excerpt":{"rendered":"<p>Merke: LW<br \/>\nKj\u00f8nn: Unisex<br \/>\nAldersgruppe: &gt; 6 \u00e5r gammel<br \/>\nModellnummer: 2098<br \/>\nKlassifisering: Montering<br \/>\nPlastblokkform: Selvl\u00e5sende murstein<br \/>\nMateriale: Plast<br \/>\nPlasttype: ABS<br \/>\nMursteinsblokker: 4448 +<br \/>\nIngen boks<\/p>","protected":false},"featured_media":41260,"comment_status":"open","ping_status":"closed","template":"","meta":{"_acf_changed":false},"product_cat":[1365,581,1408],"product_tag":[11234,11148,8452,9139,11232,11233,434,2462],"class_list":["product","first","instock","shipping-taxable","purchasable","product-type-simple"],"acf":[],"_links":{"self":[{"href":"https:\/\/mouldking.store\/nb\/wp-json\/wp\/v2\/product\/41265","targetHints":{"allow":["GET"]}}],"collection":[{"href":"https:\/\/mouldking.store\/nb\/wp-json\/wp\/v2\/product"}],"about":[{"href":"https:\/\/mouldking.store\/nb\/wp-json\/wp\/v2\/types\/product"}],"replies":[{"embeddable":true,"href":"https:\/\/mouldking.store\/nb\/wp-json\/wp\/v2\/comments?post=41265"}],"wp:featuredmedia":[{"embeddable":true,"href":"https:\/\/mouldking.store\/nb\/wp-json\/wp\/v2\/media\/41260"}],"wp:attachment":[{"href":"https:\/\/mouldking.store\/nb\/wp-json\/wp\/v2\/media?parent=41265"}],"wp:term":[{"taxonomy":"product_cat","embeddable":true,"href":"https:\/\/mouldking.store\/nb\/wp-json\/wp\/v2\/product_cat?post=41265"},{"taxonomy":"product_tag","embeddable":true,"href":"https:\/\/mouldking.store\/nb\/wp-json\/wp\/v2\/product_tag?post=41265"}],"curies":[{"name":"wp","href":"https:\/\/api.w.org\/{rel}","templated":true}]}}