{"id":41295,"date":"2023-02-07T11:36:56","date_gmt":"2023-02-07T04:36:56","guid":{"rendered":"https:\/\/mouldking.store\/shop\/moc-factory-76420-avengers-tower-with-923-pieces\/"},"modified":"2025-12-16T22:25:21","modified_gmt":"2025-12-16T15:25:21","slug":"moc-factory-76420-avengers-tower-with-923-pieces","status":"publish","type":"product","link":"https:\/\/mouldking.store\/nb\/shop\/moc-factory-76420-avengers-tower-with-923-pieces\/","title":{"rendered":"MOC Factory 76420 Avengers Tower med 923 stykker"},"content":{"rendered":"<div>\u2705 MOC-76420 Avengers Tower<\/p>\n<p>\u2705Avengers Tower er et fiktivt h\u00f8yhus i Marvel Comics-universet, og fungerer som hovedkvarteret for superheltteamet kjent som Avengers. Den er avbildet som en skyskraper i New York City og har dukket opp i ulike former for medier, inkludert tegneserier, filmer og TV-serier<\/p>\n<p>\ud83d\udeab VIKTIG!<\/p>\n<p>Produktnavn: Avengers Tower<\/p>\n<p>Kategori: Modulbygg<\/p>\n<p>Dette settet inneholder: MOC-76420<\/p>\n<p>923 stk Klosser av god kvalitet<\/p>\n<p>Vekt: 1300g<\/p>\n<p>PDF-instruksjoner<\/p>\n<p>\ud83d\udcccProtagonistens natur<\/p>\n<p>Vi introduserer v\u00e5r stolte samling kalt &quot;Avengers Tower&quot; du ikke b\u00f8r g\u00e5 glipp av.<\/p>\n<p>Gjenskap Avengers Tower med disse byggeklossene. Klossene er laget av h\u00f8ykvalitets, luktfritt ABS-materiale for jevn h\u00e5ndf\u00f8lelse og sikker montering. Modellen er fylt med komplette interi\u00f8rfasiliteter og delikate detaljer.<\/p><\/div>","protected":false},"excerpt":{"rendered":"<p>Merke: MOC Factory<br \/>\nKj\u00f8nn: Unisex<br \/>\nAldersgruppe: &gt; 12 \u00e5r gammel<br \/>\nModellnummer: 76420<br \/>\nKlassifisering: Montering<br \/>\nPlastblokkform: Selvl\u00e5sende murstein<br \/>\nMateriale: Plast<br \/>\nPlasttype: ABS<br \/>\nMursteinsblokker: 923 +<br \/>\nArrangementstid: 4-8 uker<\/p>","protected":false},"featured_media":41291,"comment_status":"open","ping_status":"closed","template":"","meta":{"_acf_changed":false},"product_cat":[1395,1848,390,581,1408],"product_tag":[11242,4883,392,434,11241,2302],"class_list":["product","first","instock","shipping-taxable","purchasable","product-type-simple"],"acf":[],"_links":{"self":[{"href":"https:\/\/mouldking.store\/nb\/wp-json\/wp\/v2\/product\/41295","targetHints":{"allow":["GET"]}}],"collection":[{"href":"https:\/\/mouldking.store\/nb\/wp-json\/wp\/v2\/product"}],"about":[{"href":"https:\/\/mouldking.store\/nb\/wp-json\/wp\/v2\/types\/product"}],"replies":[{"embeddable":true,"href":"https:\/\/mouldking.store\/nb\/wp-json\/wp\/v2\/comments?post=41295"}],"wp:featuredmedia":[{"embeddable":true,"href":"https:\/\/mouldking.store\/nb\/wp-json\/wp\/v2\/media\/41291"}],"wp:attachment":[{"href":"https:\/\/mouldking.store\/nb\/wp-json\/wp\/v2\/media?parent=41295"}],"wp:term":[{"taxonomy":"product_cat","embeddable":true,"href":"https:\/\/mouldking.store\/nb\/wp-json\/wp\/v2\/product_cat?post=41295"},{"taxonomy":"product_tag","embeddable":true,"href":"https:\/\/mouldking.store\/nb\/wp-json\/wp\/v2\/product_tag?post=41295"}],"curies":[{"name":"wp","href":"https:\/\/api.w.org\/{rel}","templated":true}]}}