{"id":41320,"date":"2023-02-07T12:16:53","date_gmt":"2023-02-07T05:16:53","guid":{"rendered":"https:\/\/mouldking.store\/shop\/moc-factory-49304-rocinante-the-expanse-with-5351-pieces\/"},"modified":"2025-12-16T22:25:21","modified_gmt":"2025-12-16T15:25:21","slug":"moc-factory-49304-rocinante-the-expanse-with-5351-pieces","status":"publish","type":"product","link":"https:\/\/mouldking.store\/nb\/shop\/moc-factory-49304-rocinante-the-expanse-with-5351-pieces\/","title":{"rendered":"MOC Factory 49304 Rocinante \u2013 The Expanse med 5351 stykker"},"content":{"rendered":"<div>\u2705 MOC-49304 Rocinante \u2013 The Expanse<\/p>\n<p>\u2705 Rocinante er et fiktivt romskip i TV-serien \u00abThe Expanse\u00bb. Det er et Mars-v\u00e5penskip som har blitt omgjort til et transportskip og fungerer som den prim\u00e6re rammen for store deler av serien. Skipet er kaptein av hovedpersonen, James Holden, og fungerer som hjemmet og operasjonsbasen for mannskapet hans n\u00e5r de navigerer i det komplekse og farlige politiske landskapet i det fremtidige solsystemet. Navnet &quot;Rocinante&quot; er en referanse til Don Quijotes hest i Miguel de Cervantes&#039; roman &quot;Don Quixote&quot;.<\/p>\n<p>\ud83d\udeab VIKTIG!<\/p>\n<p>Produktnavn: Rocinante \u2013 The Expanse<\/p>\n<p>Kategori: Rom<\/p>\n<p>Dette settet inneholder: MOC-49304<\/p>\n<p>5351 stk Klosser av god kvalitet<\/p>\n<p>Vekt: 6000g<\/p>\n<p>PDF-instruksjoner<\/p>\n<p>\ud83d\udcccProtagonistens natur<\/p>\n<p>Vi introduserer v\u00e5r stolte kolleksjon kalt \u00abRocinante \u2013 The Expanse\u00bb du ikke b\u00f8r g\u00e5 glipp av.<\/p>\n<p>Rocinante er romskipet i The Expanse. Dette modellsettet er laget av h\u00f8ykvalitets, luktfritt og milj\u00f8vennlig ABS-materiale for en jevn h\u00e5ndf\u00f8lelse og sikker montering. Det er kostnadseffektivt med fullstendig perfeksjon og simulering av det originale designet. Modellen er fylt med komplette interi\u00f8rfasiliteter og delikate detaljer for \u00e5 bringe dr\u00f8mmene dine om verdensrommet til live!<\/p>\n<\/div>","protected":false},"excerpt":{"rendered":"<p>Merke: MOC Factory<br \/>\nKj\u00f8nn: Unisex<br \/>\nAldersgruppe: &gt; 12 \u00e5r gammel<br \/>\nModellnummer: 49304<br \/>\nKlassifisering: Montering<br \/>\nPlastblokkform: Selvl\u00e5sende murstein<br \/>\nMateriale: Plast<br \/>\nPlasttype: ABS<br \/>\nMursteinsblokker: 5351 +<br \/>\nArrangementstid: 4-8 uker<\/p>","protected":false},"featured_media":41314,"comment_status":"open","ping_status":"closed","template":"","meta":{"_acf_changed":false},"product_cat":[1357,6016,364],"product_tag":[9338,2276,389],"class_list":["product","first","instock","shipping-taxable","purchasable","product-type-simple"],"acf":[],"_links":{"self":[{"href":"https:\/\/mouldking.store\/nb\/wp-json\/wp\/v2\/product\/41320","targetHints":{"allow":["GET"]}}],"collection":[{"href":"https:\/\/mouldking.store\/nb\/wp-json\/wp\/v2\/product"}],"about":[{"href":"https:\/\/mouldking.store\/nb\/wp-json\/wp\/v2\/types\/product"}],"replies":[{"embeddable":true,"href":"https:\/\/mouldking.store\/nb\/wp-json\/wp\/v2\/comments?post=41320"}],"wp:featuredmedia":[{"embeddable":true,"href":"https:\/\/mouldking.store\/nb\/wp-json\/wp\/v2\/media\/41314"}],"wp:attachment":[{"href":"https:\/\/mouldking.store\/nb\/wp-json\/wp\/v2\/media?parent=41320"}],"wp:term":[{"taxonomy":"product_cat","embeddable":true,"href":"https:\/\/mouldking.store\/nb\/wp-json\/wp\/v2\/product_cat?post=41320"},{"taxonomy":"product_tag","embeddable":true,"href":"https:\/\/mouldking.store\/nb\/wp-json\/wp\/v2\/product_tag?post=41320"}],"curies":[{"name":"wp","href":"https:\/\/api.w.org\/{rel}","templated":true}]}}