{"id":41340,"date":"2023-02-07T14:13:17","date_gmt":"2023-02-07T07:13:17","guid":{"rendered":"https:\/\/mouldking.store\/shop\/moc-factory-44705-swiss-mountain-chalet-with-3942-pieces\/"},"modified":"2025-12-16T22:25:21","modified_gmt":"2025-12-16T15:25:21","slug":"moc-factory-44705-swiss-mountain-chalet-with-3942-pieces","status":"publish","type":"product","link":"https:\/\/mouldking.store\/nb\/shop\/moc-factory-44705-swiss-mountain-chalet-with-3942-pieces\/","title":{"rendered":"MOC Factory 44705 Swiss Mountain Chalet med 3942 stk"},"content":{"rendered":"<div>\u2705 MOC-44705 Swiss Mountain Chalet<\/p>\n<p>\u2705Swiss Mountain Chalet er et modulbyggesett. Byggeklossene er laget av f\u00f8rsteklasses kvalitet, luktfritt og milj\u00f8vennlig ABS-materiale for jevn h\u00e5ndf\u00f8lelse og sikker montering.<\/p>\n<p>\ud83d\udeab VIKTIG!<\/p>\n<p>Produktnavn: Swiss Mountain Chalet<\/p>\n<p>Kategori: Modulbygg<\/p>\n<p>Dette settet inneholder: MOC-44705<\/p>\n<p>3942 stk Klosser av god kvalitet<\/p>\n<p>Vekt: 4500g<\/p>\n<p>PDF-instruksjoner<\/p>\n<p>\ud83d\udcccProtagonistens natur<\/p>\n<p>Vi introduserer v\u00e5r stolte kolleksjon kalt &quot;Swiss Mountain Chalet&quot; du ikke b\u00f8r g\u00e5 glipp av.<\/p>\n<p>Swiss Mountain Chalet-byggeklossene er et perfekt leket\u00f8y for enhver byggeelsker. De er milj\u00f8vennlige og fri for giftige materialer som kan skade barn som bly og kvikks\u00f8lv, s\u00e5 de er et trygt leket\u00f8y for den lille \u00e5 leke med. Byggesettet er kompatibelt med andre merker byggeklosser og kommer i tofargede farger slik at du kan mikse og matche dem for \u00e5 lage dine egne design.<\/p><\/div>","protected":false},"excerpt":{"rendered":"<p>Merke: MOC Factory<br \/>\nKj\u00f8nn: Unisex<br \/>\nAldersgruppe: &gt; 12 \u00e5r gammel<br \/>\nModellnummer: 44705<br \/>\nKlassifisering: Montering<br \/>\nPlastblokkform: Selvl\u00e5sende murstein<br \/>\nMateriale: Plast<br \/>\nPlasttype: ABS<br \/>\nMursteinsblokker: 3942 +<br \/>\nArrangementstid: 4-8 uker<\/p>","protected":false},"featured_media":41334,"comment_status":"open","ping_status":"closed","template":"","meta":{"_acf_changed":false},"product_cat":[1395,390],"product_tag":[11248,4883,392,9602],"class_list":["product","first","instock","shipping-taxable","purchasable","product-type-simple"],"acf":[],"_links":{"self":[{"href":"https:\/\/mouldking.store\/nb\/wp-json\/wp\/v2\/product\/41340","targetHints":{"allow":["GET"]}}],"collection":[{"href":"https:\/\/mouldking.store\/nb\/wp-json\/wp\/v2\/product"}],"about":[{"href":"https:\/\/mouldking.store\/nb\/wp-json\/wp\/v2\/types\/product"}],"replies":[{"embeddable":true,"href":"https:\/\/mouldking.store\/nb\/wp-json\/wp\/v2\/comments?post=41340"}],"wp:featuredmedia":[{"embeddable":true,"href":"https:\/\/mouldking.store\/nb\/wp-json\/wp\/v2\/media\/41334"}],"wp:attachment":[{"href":"https:\/\/mouldking.store\/nb\/wp-json\/wp\/v2\/media?parent=41340"}],"wp:term":[{"taxonomy":"product_cat","embeddable":true,"href":"https:\/\/mouldking.store\/nb\/wp-json\/wp\/v2\/product_cat?post=41340"},{"taxonomy":"product_tag","embeddable":true,"href":"https:\/\/mouldking.store\/nb\/wp-json\/wp\/v2\/product_tag?post=41340"}],"curies":[{"name":"wp","href":"https:\/\/api.w.org\/{rel}","templated":true}]}}