{"id":41353,"date":"2023-02-08T09:55:23","date_gmt":"2023-02-08T02:55:23","guid":{"rendered":"https:\/\/mouldking.store\/shop\/zhegao-dz6007-harry-potter-magic-railway-station-with-1308-pieces\/"},"modified":"2023-02-08T09:55:23","modified_gmt":"2023-02-08T02:55:23","slug":"zhegao-dz6007-harry-potter-magic-railway-station-with-1308-pieces","status":"publish","type":"product","link":"https:\/\/mouldking.store\/nb\/shop\/zhegao-dz6007-harry-potter-magic-railway-station-with-1308-pieces\/","title":{"rendered":"ZHEGAO DZ6007 Harry Potter Magic Railway Station med 1308 stykker"},"content":{"rendered":"<div>\u2705 ZHEGAO DZ6007 Harry Potter Magic Railway Station<\/p>\n<p>\u2705 \u00abHogsmeade\u00bb-stasjonen er en fiktiv jernbanestasjon i Harry Potter-universet, som betjener trollmannslandsbyen Hogsmeade. Det ligger i n\u00e6rheten av Galtvort skole for hekseri og trolldom og er utgangspunktet for Galtvortekspressen, toget som frakter elever til og fra skolen. I b\u00f8kene og filmene er studenter, sammen med noen ansatte, hovedbrukerne av denne stasjonen. Den er avbildet som en skjult plattform plassert p\u00e5 King&#039;s Cross Station i London og er kun tilgjengelig for de som vet om dens eksistens og kan produsere en gyldig trollmannsbillett.<\/p>\n<p>\ud83d\udeab VIKTIG!<\/p>\n<p>Produktnavn: Harry Potter Magic Railway Station<\/p>\n<p>Kategori: Film<\/p>\n<p>Dette settet inneholder: ZHEGAO DZ6007<\/p>\n<p>1308 stk Klosser av god kvalitet<\/p>\n<p>St\u00f8rrelse: 22,5 \u00d7 15 \u00d7 15 cm<\/p>\n<p>Manuelle instruksjoner<\/p>\n<p>\ud83d\udcccProtagonistens natur<\/p>\n<p>Vi introduserer v\u00e5r stolte kolleksjon kalt &quot;Harry Potter Magic Railway Station&quot; du ikke b\u00f8r g\u00e5 glipp av.<\/p>\n<p>Harry Potter Magic Railway Station er en enkel \u00e5 bygge modell for barn fra 6 \u00e5r og oppover. Dette gir barna en god start p\u00e5 \u00e5 komme inn i Harry Potter-temaet.<\/p><\/div>","protected":false},"excerpt":{"rendered":"<p>Merke: ZHEGAO<br \/>\nKj\u00f8nn: Unisex<br \/>\nAldersgruppe: &gt; 6 \u00e5r gammel<br \/>\nModellnummer: DZ6007<br \/>\nKlassifisering: Montering<br \/>\nPlastblokkform: Selvl\u00e5sende murstein<br \/>\nMateriale: Plast<br \/>\nPlasttype: ABS<br \/>\nMursteinsblokker: 1308+<br \/>\nIngen boks<\/p>","protected":false},"featured_media":41349,"comment_status":"open","ping_status":"closed","template":"","meta":{"_acf_changed":false},"product_cat":[1365,581,1408],"product_tag":[8452,5724,8858,434,11250,2309,300],"class_list":["product","first","instock","shipping-taxable","purchasable","product-type-simple"],"acf":[],"_links":{"self":[{"href":"https:\/\/mouldking.store\/nb\/wp-json\/wp\/v2\/product\/41353","targetHints":{"allow":["GET"]}}],"collection":[{"href":"https:\/\/mouldking.store\/nb\/wp-json\/wp\/v2\/product"}],"about":[{"href":"https:\/\/mouldking.store\/nb\/wp-json\/wp\/v2\/types\/product"}],"replies":[{"embeddable":true,"href":"https:\/\/mouldking.store\/nb\/wp-json\/wp\/v2\/comments?post=41353"}],"wp:featuredmedia":[{"embeddable":true,"href":"https:\/\/mouldking.store\/nb\/wp-json\/wp\/v2\/media\/41349"}],"wp:attachment":[{"href":"https:\/\/mouldking.store\/nb\/wp-json\/wp\/v2\/media?parent=41353"}],"wp:term":[{"taxonomy":"product_cat","embeddable":true,"href":"https:\/\/mouldking.store\/nb\/wp-json\/wp\/v2\/product_cat?post=41353"},{"taxonomy":"product_tag","embeddable":true,"href":"https:\/\/mouldking.store\/nb\/wp-json\/wp\/v2\/product_tag?post=41353"}],"curies":[{"name":"wp","href":"https:\/\/api.w.org\/{rel}","templated":true}]}}