{"id":41397,"date":"2023-02-08T11:36:15","date_gmt":"2023-02-08T04:36:15","guid":{"rendered":"https:\/\/mouldking.store\/shop\/moc-factory-60901-the-crystal-ship-with-662-pieces\/"},"modified":"2025-12-16T22:25:20","modified_gmt":"2025-12-16T15:25:20","slug":"moc-factory-60901-the-crystal-ship-with-662-pieces","status":"publish","type":"product","link":"https:\/\/mouldking.store\/nb\/shop\/moc-factory-60901-the-crystal-ship-with-662-pieces\/","title":{"rendered":"MOC Factory 60901 Krystallskipet med 662 stykker"},"content":{"rendered":"<div>\u2705 MOC-60901 Krystallskipet<\/p>\n<p>\u2705 Krystallskipet er et unikt, h\u00e5ndlaget byggesett som er laget av h\u00f8ykvalitets og milj\u00f8vennlige materialer. Blokkene kommer med en USB-stasjon som inneholder instruksjoner som er enkle \u00e5 f\u00f8lge. Den oppmuntrer barn helt ned til tre \u00e5r til \u00e5 l\u00e6re \u00e5 bygge grunnleggende strukturer til mer komplekse strukturer.<\/p>\n<p>\ud83d\udeab VIKTIG!<\/p>\n<p>Produktnavn: Krystallskipet<\/p>\n<p>Kategori: Teknikk<\/p>\n<p>Dette settet inneholder: MOC-60901&nbsp;<\/p>\n<p>662 stk Klosser av god kvalitet<\/p>\n<p>Vekt: 1000g<\/p>\n<p>PDF-instruksjoner<\/p>\n<p>\ud83d\udcccProtagonistens natur<\/p>\n<p>Vi introduserer v\u00e5r stolte kolleksjon kalt &quot;The Crystal Ship&quot; du ikke b\u00f8r g\u00e5 glipp av.<\/p>\n<p>Crystal Ship er et innovativt byggeklosssett som kombinerer gammeldags leket\u00f8y med teknologi, og gir deg b\u00e5de interaktive elektroniske instruksjoner og tydelig monteringsh\u00e5ndbok<\/p><\/div>","protected":false},"excerpt":{"rendered":"<p>Merke: MOC Factory<br \/>\nKj\u00f8nn: Unisex<br \/>\nAldersgruppe: &gt; 12 \u00e5r gammel<br \/>\nModellnummer: 60901<br \/>\nKlassifisering: Montering<br \/>\nPlastblokkform: Selvl\u00e5sende murstein<br \/>\nMateriale: Plast<br \/>\nPlasttype: ABS<br \/>\nMursteinsblokker: 662 +<br \/>\nArrangementstid: 4-8 uker<\/p>","protected":false},"featured_media":41393,"comment_status":"open","ping_status":"closed","template":"","meta":{"_acf_changed":false},"product_cat":[1357,364],"product_tag":[729,304,389,11080],"class_list":["product","first","instock","shipping-taxable","purchasable","product-type-simple"],"acf":[],"_links":{"self":[{"href":"https:\/\/mouldking.store\/nb\/wp-json\/wp\/v2\/product\/41397","targetHints":{"allow":["GET"]}}],"collection":[{"href":"https:\/\/mouldking.store\/nb\/wp-json\/wp\/v2\/product"}],"about":[{"href":"https:\/\/mouldking.store\/nb\/wp-json\/wp\/v2\/types\/product"}],"replies":[{"embeddable":true,"href":"https:\/\/mouldking.store\/nb\/wp-json\/wp\/v2\/comments?post=41397"}],"wp:featuredmedia":[{"embeddable":true,"href":"https:\/\/mouldking.store\/nb\/wp-json\/wp\/v2\/media\/41393"}],"wp:attachment":[{"href":"https:\/\/mouldking.store\/nb\/wp-json\/wp\/v2\/media?parent=41397"}],"wp:term":[{"taxonomy":"product_cat","embeddable":true,"href":"https:\/\/mouldking.store\/nb\/wp-json\/wp\/v2\/product_cat?post=41397"},{"taxonomy":"product_tag","embeddable":true,"href":"https:\/\/mouldking.store\/nb\/wp-json\/wp\/v2\/product_tag?post=41397"}],"curies":[{"name":"wp","href":"https:\/\/api.w.org\/{rel}","templated":true}]}}