{"id":41408,"date":"2023-02-08T11:56:29","date_gmt":"2023-02-08T04:56:29","guid":{"rendered":"https:\/\/mouldking.store\/shop\/moc-factory-47299-acropolis-microscale-with-2139-pieces\/"},"modified":"2025-12-16T22:25:20","modified_gmt":"2025-12-16T15:25:20","slug":"moc-factory-47299-acropolis-microscale-with-2139-pieces","status":"publish","type":"product","link":"https:\/\/mouldking.store\/nb\/shop\/moc-factory-47299-acropolis-microscale-with-2139-pieces\/","title":{"rendered":"MOC Factory 47299 Akropolis \u2013 Mikroskala med 2139 stykker"},"content":{"rendered":"<div>\u2705 MOC-47299 Akropolis \u2013 Mikroskala<\/p>\n<p>\u2705 Akropolis refererer til en gammel gresk befestet citadell, typisk plassert p\u00e5 en bakketopp. Det mest kjente eksemplet p\u00e5 en akropolis er Akropolis i Athen, som var et viktig senter for gammel gresk kultur og huset flere kjente bygninger som Parthenon-tempelet. Akropoliser fungerte som et symbol p\u00e5 en bys makt og ble brukt til b\u00e5de defensive og religi\u00f8se form\u00e5l.<\/p>\n<p>\ud83d\udeab VIKTIG!<\/p>\n<p>Produktnavn: Akropolis \u2013 Mikroskala<\/p>\n<p>Kategori: Modulbygg<\/p>\n<p>Dette settet inneholder: MOC-47299<\/p>\n<p>2139 stk Klosser av god kvalitet<\/p>\n<p>Vekt: 2500g<\/p>\n<p>PDF-instruksjoner<\/p>\n<p>\ud83d\udcccProtagonistens natur<\/p>\n<p>Vi introduserer v\u00e5r stolte kolleksjon kalt &quot;Acropolis \u2013 Microscale&quot; du ikke b\u00f8r g\u00e5 glipp av.<\/p>\n<p>Akropolis \u2013 Microscale er et byggesett med sm\u00e5 klosser laget av f\u00f8rsteklasses kvalitet og milj\u00f8vennlig ABS-materiale. Den er designet for \u00e5 brukes av personer med alle niv\u00e5er av ekspertise, siden den har klare instruksjoner tilgjengelig p\u00e5 USB-stasjonen. Blokkene er luktfrie og trygge for barn, noe som gj\u00f8r dem til et perfekt leket\u00f8y.<\/p><\/div>","protected":false},"excerpt":{"rendered":"<p>Merke: MOC Factory<br \/>\nKj\u00f8nn: Unisex<br \/>\nAldersgruppe: &gt; 12 \u00e5r gammel<br \/>\nModellnummer: 47299<br \/>\nKlassifisering: Montering<br \/>\nPlastblokkform: Selvl\u00e5sende murstein<br \/>\nMateriale: Plast<br \/>\nPlasttype: ABS<br \/>\nMursteinsblokker: 2139 +<br \/>\nArrangementstid: 4-8 uker<\/p>","protected":false},"featured_media":41404,"comment_status":"open","ping_status":"closed","template":"","meta":{"_acf_changed":false},"product_cat":[1395,390],"product_tag":[11263,11260,4883,11264,392],"class_list":["product","first","instock","shipping-taxable","purchasable","product-type-simple"],"acf":[],"_links":{"self":[{"href":"https:\/\/mouldking.store\/nb\/wp-json\/wp\/v2\/product\/41408","targetHints":{"allow":["GET"]}}],"collection":[{"href":"https:\/\/mouldking.store\/nb\/wp-json\/wp\/v2\/product"}],"about":[{"href":"https:\/\/mouldking.store\/nb\/wp-json\/wp\/v2\/types\/product"}],"replies":[{"embeddable":true,"href":"https:\/\/mouldking.store\/nb\/wp-json\/wp\/v2\/comments?post=41408"}],"wp:featuredmedia":[{"embeddable":true,"href":"https:\/\/mouldking.store\/nb\/wp-json\/wp\/v2\/media\/41404"}],"wp:attachment":[{"href":"https:\/\/mouldking.store\/nb\/wp-json\/wp\/v2\/media?parent=41408"}],"wp:term":[{"taxonomy":"product_cat","embeddable":true,"href":"https:\/\/mouldking.store\/nb\/wp-json\/wp\/v2\/product_cat?post=41408"},{"taxonomy":"product_tag","embeddable":true,"href":"https:\/\/mouldking.store\/nb\/wp-json\/wp\/v2\/product_tag?post=41408"}],"curies":[{"name":"wp","href":"https:\/\/api.w.org\/{rel}","templated":true}]}}