{"id":41416,"date":"2023-02-08T12:10:57","date_gmt":"2023-02-08T05:10:57","guid":{"rendered":"https:\/\/mouldking.store\/shop\/moc-factory-108238-the-daimyos-palace-with-1762-pieces\/"},"modified":"2025-12-16T22:25:20","modified_gmt":"2025-12-16T15:25:20","slug":"moc-factory-108238-the-daimyos-palace-with-1762-pieces","status":"publish","type":"product","link":"https:\/\/mouldking.store\/nb\/shop\/moc-factory-108238-the-daimyos-palace-with-1762-pieces\/","title":{"rendered":"MOC Factory 108238 Daimyos palass med 1762 stykker"},"content":{"rendered":"<div>\u2705 MOC-108238 Daimyos palass<\/p>\n<p>\u2705Daimyos palass er en bygning eller et kompleks av bygninger som fungerer som bolig og administrativt hovedkvarter for en Daimyo, en f\u00f8ydalherre i Japan under Edo-perioden (1603-1868). Daimyos palass var typisk plassert i sentrum av Daimyos domene og var et symbol p\u00e5 deres rikdom og makt. St\u00f8rrelsen og storheten til palasset reflekterte ofte Daimyos status og innflytelse.<\/p>\n<p>\ud83d\udeab VIKTIG!<\/p>\n<p>Produktnavn: Daimyos palass<\/p>\n<p>Kategori: Modulbygg<\/p>\n<p>Dette settet inneholder: MOC-108238<\/p>\n<p>1762 stk Klosser av god kvalitet<\/p>\n<p>Vekt: 2000g<\/p>\n<p>PDF-instruksjoner<\/p>\n<p>\ud83d\udcccProtagonistens natur<\/p>\n<p>Vi introduserer v\u00e5r stolte kolleksjon kalt &quot;The Daimyo&#039;s Palace&quot; du ikke b\u00f8r g\u00e5 glipp av.<\/p>\n<p>Med en enkel og oversiktlig design er byggeklosssettet et ideelt leket\u00f8y for \u00e5 fremme barnas kreativitet. &quot;Daimyo&#039;s palace&quot;-settet tilbyr ikke bare en hyggelig monteringsopplevelse for nybegynnere, men kommer ogs\u00e5 med klare og enkle \u00e5 f\u00f8lge elektroniske instruksjoner p\u00e5 USB-stasjonen for de som \u00f8nsker \u00e5 ha det ekstra moro.<\/p><\/div>","protected":false},"excerpt":{"rendered":"<p>Merke: MOC Factory<br \/>\nKj\u00f8nn: Unisex<br \/>\nAldersgruppe: &gt; 12 \u00e5r gammel<br \/>\nModellnummer: 108238<br \/>\nKlassifisering: Montering<br \/>\nPlastblokkform: Selvl\u00e5sende murstein<br \/>\nMateriale: Plast<br \/>\nPlasttype: ABS<br \/>\nMursteinsblokker: 1762 +<br \/>\nArrangementstid: 4-8 uker<\/p>","protected":false},"featured_media":41410,"comment_status":"open","ping_status":"closed","template":"","meta":{"_acf_changed":false},"product_cat":[1395,390],"product_tag":[4883,11265,392,4581],"class_list":["product","first","instock","shipping-taxable","purchasable","product-type-simple"],"acf":[],"_links":{"self":[{"href":"https:\/\/mouldking.store\/nb\/wp-json\/wp\/v2\/product\/41416","targetHints":{"allow":["GET"]}}],"collection":[{"href":"https:\/\/mouldking.store\/nb\/wp-json\/wp\/v2\/product"}],"about":[{"href":"https:\/\/mouldking.store\/nb\/wp-json\/wp\/v2\/types\/product"}],"replies":[{"embeddable":true,"href":"https:\/\/mouldking.store\/nb\/wp-json\/wp\/v2\/comments?post=41416"}],"wp:featuredmedia":[{"embeddable":true,"href":"https:\/\/mouldking.store\/nb\/wp-json\/wp\/v2\/media\/41410"}],"wp:attachment":[{"href":"https:\/\/mouldking.store\/nb\/wp-json\/wp\/v2\/media?parent=41416"}],"wp:term":[{"taxonomy":"product_cat","embeddable":true,"href":"https:\/\/mouldking.store\/nb\/wp-json\/wp\/v2\/product_cat?post=41416"},{"taxonomy":"product_tag","embeddable":true,"href":"https:\/\/mouldking.store\/nb\/wp-json\/wp\/v2\/product_tag?post=41416"}],"curies":[{"name":"wp","href":"https:\/\/api.w.org\/{rel}","templated":true}]}}