{"id":41495,"date":"2023-02-13T10:16:51","date_gmt":"2023-02-13T03:16:51","guid":{"rendered":"https:\/\/mouldking.store\/shop\/cada-c51082-zonda-z-wind-with-258-pieces\/"},"modified":"2023-12-27T16:33:13","modified_gmt":"2023-12-27T09:33:13","slug":"cada-c51082-zonda-z-wind-with-258-pieces","status":"publish","type":"product","link":"https:\/\/mouldking.store\/nb\/shop\/cada-c51082-zonda-z-wind-with-258-pieces\/","title":{"rendered":"CaDa C51082 Zonda Z-Wind med 258 stk"},"content":{"rendered":"<div>\u2705 CaDA C51082 Zonda Z-Wind<\/p>\n<p>\u2705Z-Wind er et sett med byggesteinspartikler for racingserien. De enkelte blokkene kan brukes til \u00e5 lage fantastiske modeller, biler og alle slags andre kreasjoner. Ved \u00e5 bruke disse er du i stand til \u00e5 bringe fantasien til live og gj\u00f8re den til virkelighet.<\/p>\n<p>\ud83d\udeab VIKTIG!<\/p>\n<p>Produktnavn: Zonda Z-Wind<\/p>\n<p>Kategori: Teknikk<\/p>\n<p>Dette settet inneholder: CaDA C51082<\/p>\n<p>258 stk god kvalitet murstein<\/p>\n<p>St\u00f8rrelse: 19,8 \u00d7 8,9 \u00d7 5,8 cm<\/p>\n<p>Manuelle instruksjoner<\/p>\n<p>\ud83d\udcccProtagonistens natur<\/p>\n<p>Vi introduserer v\u00e5r stolte kolleksjon kalt &quot;Zonda Z-Wind&quot; du ikke b\u00f8r g\u00e5 glipp av.<\/p>\n<p>Zonda Z-Wind er et byggeklosssett med racing-tema som inkluderer 258 byggeklosser. Den ble f\u00f8rst utgitt i 2023.<\/p><\/div>","protected":false},"excerpt":{"rendered":"<p>Merke: CaDa<br \/>\nKj\u00f8nn: Unisex<br \/>\nAldersgruppe: &gt; 6 \u00e5r gammel<br \/>\nModellnummer: C51082<br \/>\nKlassifisering: Montering<br \/>\nPlastblokkform: Selvl\u00e5sende murstein<br \/>\nMateriale: Plast<br \/>\nPlasttype: ABS<br \/>\nMursteinsblokker: 258 +<br \/>\nIngen boks<br \/>\nForh\u00e5ndssalg<\/p>","protected":false},"featured_media":41493,"comment_status":"open","ping_status":"closed","template":"","meta":{"_acf_changed":false},"product_cat":[1360,1357,364],"product_tag":[457,389,11080,11274,6304],"class_list":["product","first","instock","shipping-taxable","purchasable","product-type-simple"],"acf":[],"_links":{"self":[{"href":"https:\/\/mouldking.store\/nb\/wp-json\/wp\/v2\/product\/41495","targetHints":{"allow":["GET"]}}],"collection":[{"href":"https:\/\/mouldking.store\/nb\/wp-json\/wp\/v2\/product"}],"about":[{"href":"https:\/\/mouldking.store\/nb\/wp-json\/wp\/v2\/types\/product"}],"replies":[{"embeddable":true,"href":"https:\/\/mouldking.store\/nb\/wp-json\/wp\/v2\/comments?post=41495"}],"wp:featuredmedia":[{"embeddable":true,"href":"https:\/\/mouldking.store\/nb\/wp-json\/wp\/v2\/media\/41493"}],"wp:attachment":[{"href":"https:\/\/mouldking.store\/nb\/wp-json\/wp\/v2\/media?parent=41495"}],"wp:term":[{"taxonomy":"product_cat","embeddable":true,"href":"https:\/\/mouldking.store\/nb\/wp-json\/wp\/v2\/product_cat?post=41495"},{"taxonomy":"product_tag","embeddable":true,"href":"https:\/\/mouldking.store\/nb\/wp-json\/wp\/v2\/product_tag?post=41495"}],"curies":[{"name":"wp","href":"https:\/\/api.w.org\/{rel}","templated":true}]}}