{"id":41499,"date":"2023-02-13T10:37:24","date_gmt":"2023-02-13T03:37:24","guid":{"rendered":"https:\/\/mouldking.store\/shop\/cada-c61503-mercedes-benz-amg-one-with-3290-pieces\/"},"modified":"2024-01-16T15:46:19","modified_gmt":"2024-01-16T08:46:19","slug":"cada-c61503-mercedes-benz-amg-one-with-3290-pieces","status":"publish","type":"product","link":"https:\/\/mouldking.store\/nb\/shop\/cada-c61503-mercedes-benz-amg-one-with-3290-pieces\/","title":{"rendered":"CaDa C61503 Mercedes-Benz AMG ONE med 3290 stk"},"content":{"rendered":"<div>\u2705 CaDA C61503 Mercedes-Benz AMG ONE<\/p>\n<p>\u2705Mercedes-Benz AMG ONE er en hyperbil i begrenset opplag produsert av Mercedes-AMG, h\u00f8yytelsesavdelingen til Mercedes-Benz. Den ble f\u00f8rst introdusert i 2018 og drives av en hybrid drivlinje som kombinerer en turboladet forbrenningsmotor med fire elektriske motorer, og produserer en total effekt p\u00e5 over 1000 hestekrefter.<\/p>\n<p>\ud83d\udeab VIKTIG!<\/p>\n<p>Produktnavn: Mercedes-Benz AMG ONE<\/p>\n<p>Kategori: Teknikk<\/p>\n<p>Dette settet inneholder: CaDA C61503<\/p>\n<p>3290 stk Klosser av god kvalitet<\/p>\n<p>Manuelle instruksjoner<\/p>\n<p>\ud83d\udcccProtagonistens natur<\/p>\n<p>Vi introduserer v\u00e5r stolte kolleksjon kalt &quot;Mercedes-Benz AMG ONE&quot; du ikke b\u00f8r g\u00e5 glipp av.<\/p>\n<p>Mercedes-Benz har skapt et helt nytt leket\u00f8y for enhver bilelsker, med Mercedes-AMG ONE. Dette settet inneholder 3290 byggesteinspartikler, og kan kj\u00f8pes i gjennomskinnelig eller svart. Den f\u00f8rste utgivelsen av Mercedes-AMG ONE kommer i 2023. AMG ONE er designet for banefokusert kj\u00f8ring, med avansert aerodynamikk og lettvektskonstruksjon for \u00e5 levere h\u00f8y ytelse og smidighet. Bilen er utstyrt med avanserte teknologiske funksjoner som et avansert fj\u00e6ringssystem og avanserte stabilitetskontrollsystemer, sammen med funksjoner som en monocoque av karbonfiber, pushrod-fj\u00e6ring og aktiv aerodynamikk. Med bare 275 enheter planlagt for produksjon, er Mercedes-Benz AMG ONE en sv\u00e6rt eksklusiv og ettertraktet bil.<\/p><\/div>","protected":false},"excerpt":{"rendered":"<p>Merke: CaDa<br \/>\nKj\u00f8nn: Unisex<br \/>\nAldersgruppe: &gt; 14 \u00e5r gammel<br \/>\nModellnummer: C61503<br \/>\nKlassifisering: Montering<br \/>\nPlastblokkform: Selvl\u00e5sende murstein<br \/>\nMateriale: Plast<br \/>\nPlasttype: ABS<br \/>\nMursteinsblokker: 3290 +<br \/>\nIts production materials are very special. The tires and wheels are customized by Michelin, and authorization from Mercedes<\/p>","protected":false},"featured_media":41496,"comment_status":"open","ping_status":"closed","template":"","meta":{"_acf_changed":false},"product_cat":[1360,1357,364],"product_tag":[1456,457,4983,11275,1413,389,11080],"class_list":["product","first","outofstock","shipping-taxable","purchasable","product-type-simple"],"acf":[],"_links":{"self":[{"href":"https:\/\/mouldking.store\/nb\/wp-json\/wp\/v2\/product\/41499","targetHints":{"allow":["GET"]}}],"collection":[{"href":"https:\/\/mouldking.store\/nb\/wp-json\/wp\/v2\/product"}],"about":[{"href":"https:\/\/mouldking.store\/nb\/wp-json\/wp\/v2\/types\/product"}],"replies":[{"embeddable":true,"href":"https:\/\/mouldking.store\/nb\/wp-json\/wp\/v2\/comments?post=41499"}],"wp:featuredmedia":[{"embeddable":true,"href":"https:\/\/mouldking.store\/nb\/wp-json\/wp\/v2\/media\/41496"}],"wp:attachment":[{"href":"https:\/\/mouldking.store\/nb\/wp-json\/wp\/v2\/media?parent=41499"}],"wp:term":[{"taxonomy":"product_cat","embeddable":true,"href":"https:\/\/mouldking.store\/nb\/wp-json\/wp\/v2\/product_cat?post=41499"},{"taxonomy":"product_tag","embeddable":true,"href":"https:\/\/mouldking.store\/nb\/wp-json\/wp\/v2\/product_tag?post=41499"}],"curies":[{"name":"wp","href":"https:\/\/api.w.org\/{rel}","templated":true}]}}