{"id":41547,"date":"2023-02-15T10:33:12","date_gmt":"2023-02-15T03:33:12","guid":{"rendered":"https:\/\/mouldking.store\/shop\/moc-factory-89481-goose-goose-duck-werewolf-with-202-pieces\/"},"modified":"2025-12-16T22:25:18","modified_gmt":"2025-12-16T15:25:18","slug":"moc-factory-89481-goose-goose-duck-werewolf-with-202-pieces","status":"publish","type":"product","link":"https:\/\/mouldking.store\/nb\/shop\/moc-factory-89481-goose-goose-duck-werewolf-with-202-pieces\/","title":{"rendered":"MOC Factory 89481 Goose Goose Duck Varulv med 202 stk"},"content":{"rendered":"<div>\u2705 MOC-89481 Goose Goose Duck Varulv<\/p>\n<p>\u2705&quot;Goose Goose Duck&quot; er et flerspiller online videospill som ofte sammenlignes med det popul\u00e6re spillet &quot;Among Us&quot;. Spillerne p\u00e5tar seg rollene som besetningskamerater p\u00e5 et romskip og m\u00e5 fullf\u00f8re ulike oppgaver samtidig som de identifiserer og eliminerer eventuelle bedragere om bord.<\/p>\n<p>\ud83d\udeab VIKTIG!<\/p>\n<p>Produktnavn: Goose Goose Duck Werewolf<\/p>\n<p>Kategori: Skaper<\/p>\n<p>Dette settet inneholder: MOC-89481<\/p>\n<p>202 stk god kvalitet murstein<\/p>\n<p>St\u00f8rrelse: 4 x 3,7 x 5,9 cm<\/p>\n<p>Vekt: 0,07 kg<\/p>\n<p>PDF-instruksjoner<\/p>\n<p>\ud83d\udcccProtagonistens natur<\/p>\n<p>Vi introduserer v\u00e5r stolte kolleksjon kalt &quot;Goose Goose Duck Werewolf&quot; du ikke b\u00f8r g\u00e5 glipp av.<\/p>\n<p>Varulven er en type &quot;bedrager&quot; som har evnen til \u00e5 forvandle seg til en kraftigere form og eliminere andre spillere, mens de andre spillerne m\u00e5 jobbe sammen for \u00e5 identifisere og eliminere varulven. Spillet til Goose Goose Duck involverer spillere som beveger seg rundt i romskipet og utf\u00f8rer oppgaver, som kan omfatte reparasjon av utstyr, avledning av str\u00f8m eller opprydding. Imidlertid er det en eller flere bedragere blant mannskapet som pr\u00f8ver \u00e5 sabotere oppdraget og eliminere de andre spillerne. Bedragerne kan bevege seg rundt p\u00e5 skipet uoppdaget, men de m\u00e5 passe p\u00e5 \u00e5 ikke vekke mistanke ved \u00e5 opptre mistenkelig eller bli sett p\u00e5 steder de ikke burde v\u00e6re.<\/p><\/div>","protected":false},"excerpt":{"rendered":"<p>Merke: MOC Factory<br \/>\nKj\u00f8nn: Unisex<br \/>\nAldersgruppe: &gt; 6 \u00e5r gammel<br \/>\nModellnummer: 89481<br \/>\nKlassifisering: Montering<br \/>\nPlastblokkform: Selvl\u00e5sende murstein<br \/>\nMateriale: Plast<br \/>\nPlasttype: ABS<br \/>\nMursteinsblokker: 202+<br \/>\nIngen boks<\/p>","protected":false},"featured_media":41541,"comment_status":"open","ping_status":"closed","template":"","meta":{"_acf_changed":false},"product_cat":[1365,371,581,1408],"product_tag":[11072,8452,11282,9139,11281,434,11283],"class_list":["product","first","instock","shipping-taxable","purchasable","product-type-simple"],"acf":[],"_links":{"self":[{"href":"https:\/\/mouldking.store\/nb\/wp-json\/wp\/v2\/product\/41547","targetHints":{"allow":["GET"]}}],"collection":[{"href":"https:\/\/mouldking.store\/nb\/wp-json\/wp\/v2\/product"}],"about":[{"href":"https:\/\/mouldking.store\/nb\/wp-json\/wp\/v2\/types\/product"}],"replies":[{"embeddable":true,"href":"https:\/\/mouldking.store\/nb\/wp-json\/wp\/v2\/comments?post=41547"}],"wp:featuredmedia":[{"embeddable":true,"href":"https:\/\/mouldking.store\/nb\/wp-json\/wp\/v2\/media\/41541"}],"wp:attachment":[{"href":"https:\/\/mouldking.store\/nb\/wp-json\/wp\/v2\/media?parent=41547"}],"wp:term":[{"taxonomy":"product_cat","embeddable":true,"href":"https:\/\/mouldking.store\/nb\/wp-json\/wp\/v2\/product_cat?post=41547"},{"taxonomy":"product_tag","embeddable":true,"href":"https:\/\/mouldking.store\/nb\/wp-json\/wp\/v2\/product_tag?post=41547"}],"curies":[{"name":"wp","href":"https:\/\/api.w.org\/{rel}","templated":true}]}}