{"id":41583,"date":"2023-02-15T11:11:08","date_gmt":"2023-02-15T04:11:08","guid":{"rendered":"https:\/\/mouldking.store\/shop\/moc-factory-92265-sls-block-1b-cargo-rocket-with-2786-pieces\/"},"modified":"2025-12-16T22:25:18","modified_gmt":"2025-12-16T15:25:18","slug":"moc-factory-92265-sls-block-1b-cargo-rocket-with-2786-pieces","status":"publish","type":"product","link":"https:\/\/mouldking.store\/nb\/shop\/moc-factory-92265-sls-block-1b-cargo-rocket-with-2786-pieces\/","title":{"rendered":"MOC Factory 92265 SLS Block 1B Cargo Rakett med 2786 stykker"},"content":{"rendered":"<div>\u2705 MOC-92265 SLS Block 1B Cargo Rocket<\/p>\n<p>\u2705SLS Block 1B Cargo Rocket er en type romfart\u00f8y som utvikles av NASA som en del av Space Launch System (SLS)-programmet. SLS Block 1B Cargo Rocket er en oppgradert versjon av den originale SLS Block 1-konfigurasjonen, og den er designet for \u00e5 frakte tung nyttelast og moduler til destinasjoner i dype rom, som M\u00e5nen, Mars og videre.<\/p>\n<p>\ud83d\udeab VIKTIG!<\/p>\n<p>Produktnavn: SLS Block 1B Cargo Rocket<\/p>\n<p>Kategori: Rom<\/p>\n<p>Dette settet inneholder: MOC-92265<\/p>\n<p>2786 stk Klosser av god kvalitet<\/p>\n<p>St\u00f8rrelse: 24 x 24 x 90,1 cm<\/p>\n<p>Vekt: 2,12 kg<\/p>\n<p>PDF-instruksjoner<\/p>\n<p>\ud83d\udcccProtagonistens natur<\/p>\n<p>Vi introduserer v\u00e5r stolte kolleksjon kalt &quot;SLS Block 1B Cargo Rocket&quot; du ikke b\u00f8r g\u00e5 glipp av.<\/p>\n<p>SLS Block 1B Cargo Rocket er en del av NASAs st\u00f8rre Artemis-program, som har som m\u00e5l \u00e5 sende mennesker tilbake til m\u00e5nen innen 2024 og etablere en vedvarende tilstedev\u00e6relse p\u00e5 m\u00e5nens overflate. SLS-raketten skal brukes til \u00e5 skyte opp Orion-romfart\u00f8yet, som skal frakte astronauter p\u00e5 disse dype romfartene. SLS Block 1B Cargo Rocket forventes \u00e5 gj\u00f8re sin f\u00f8rste oppskyting p\u00e5 slutten av 2020-tallet.<\/p><\/div>","protected":false},"excerpt":{"rendered":"<p>Merke: MOC Factory<br \/>\nKj\u00f8nn: Unisex<br \/>\nAldersgruppe: &gt; 12 \u00e5r gammel<br \/>\nModellnummer: 92265<br \/>\nKlassifisering: Montering<br \/>\nPlastblokkform: Selvl\u00e5sende murstein<br \/>\nMateriale: Plast<br \/>\nPlasttype: ABS<br \/>\nMursteinsblokker: 2786 +<br \/>\nIngen boks<\/p>","protected":false},"featured_media":41577,"comment_status":"open","ping_status":"closed","template":"","meta":{"_acf_changed":false},"product_cat":[1357,6016,364],"product_tag":[10487,8162,11129,2276,389],"class_list":["product","first","instock","shipping-taxable","purchasable","product-type-simple"],"acf":[],"_links":{"self":[{"href":"https:\/\/mouldking.store\/nb\/wp-json\/wp\/v2\/product\/41583","targetHints":{"allow":["GET"]}}],"collection":[{"href":"https:\/\/mouldking.store\/nb\/wp-json\/wp\/v2\/product"}],"about":[{"href":"https:\/\/mouldking.store\/nb\/wp-json\/wp\/v2\/types\/product"}],"replies":[{"embeddable":true,"href":"https:\/\/mouldking.store\/nb\/wp-json\/wp\/v2\/comments?post=41583"}],"wp:featuredmedia":[{"embeddable":true,"href":"https:\/\/mouldking.store\/nb\/wp-json\/wp\/v2\/media\/41577"}],"wp:attachment":[{"href":"https:\/\/mouldking.store\/nb\/wp-json\/wp\/v2\/media?parent=41583"}],"wp:term":[{"taxonomy":"product_cat","embeddable":true,"href":"https:\/\/mouldking.store\/nb\/wp-json\/wp\/v2\/product_cat?post=41583"},{"taxonomy":"product_tag","embeddable":true,"href":"https:\/\/mouldking.store\/nb\/wp-json\/wp\/v2\/product_tag?post=41583"}],"curies":[{"name":"wp","href":"https:\/\/api.w.org\/{rel}","templated":true}]}}