{"id":41641,"date":"2023-02-15T12:05:39","date_gmt":"2023-02-15T05:05:39","guid":{"rendered":"https:\/\/mouldking.store\/shop\/moc-factory-89477-bendy-boris-the-wolf-with-535-pieces\/"},"modified":"2025-12-16T22:25:18","modified_gmt":"2025-12-16T15:25:18","slug":"moc-factory-89477-bendy-boris-the-wolf-with-535-pieces","status":"publish","type":"product","link":"https:\/\/mouldking.store\/nb\/shop\/moc-factory-89477-bendy-boris-the-wolf-with-535-pieces\/","title":{"rendered":"MOC Factory 89477 Bendy Boris the Wolf med 535 stykker"},"content":{"rendered":"<div>\u2705 MOC-89477 Bendy Boris the Wolf<\/p>\n<p>\u2705Bendy Boris the Wolf er en karakter fra videospillet \u00abBendy and the Ink Machine\u00bb. Han er en tegneserieulv som jobber som en sidekick til spillets titul\u00e6re karakter, Bendy. Boris er avbildet som en vennlig, lojal karakter med en leken oppf\u00f8rsel, og blir ofte sett p\u00e5 \u00e5 hjelpe spillerkarakteren med \u00e5 navigere gjennom spillets ulike niv\u00e5er.<\/p>\n<p>\ud83d\udeab VIKTIG!<\/p>\n<p>Produktnavn: Bendy Boris the Wolf<\/p>\n<p>Kategori: Skaper<\/p>\n<p>Dette settet inneholder: MOC-89477<\/p>\n<p>535 stk Klosser av god kvalitet<\/p>\n<p>St\u00f8rrelse: 20,2 x 12 x 34,3 cm<\/p>\n<p>Vekt: 0,36 kg<\/p>\n<p>PDF-instruksjoner<\/p>\n<p>\ud83d\udcccProtagonistens natur<\/p>\n<p>Vi introduserer v\u00e5r stolte kolleksjon kalt &quot;Bendy Boris the Wolf&quot; du ikke b\u00f8r g\u00e5 glipp av.<\/p>\n<p>I spillet blir karakteren til Bendy Boris ofte fremstilt som et offer for den onde Ink Machine, som har forvandlet mange av de andre karakterene i spillet til marerittaktige skapninger. Til tross for dette forblir han standhaftig i sin lojalitet til spillerkarakteren og er en elsket karakter av mange fans av spillet.<\/p><\/div>","protected":false},"excerpt":{"rendered":"<p>Merke: MOC Factory<br \/>\nKj\u00f8nn: Unisex<br \/>\nAldersgruppe: &gt; 8 \u00e5r gammel<br \/>\nModellnummer: 89477<br \/>\nKlassifisering: Montering<br \/>\nPlastblokkform: Selvl\u00e5sende murstein<br \/>\nMateriale: Plast<br \/>\nPlasttype: ABS<br \/>\nMursteinsblokker: 535+<br \/>\nIngen boks<\/p>","protected":false},"featured_media":41633,"comment_status":"open","ping_status":"closed","template":"","meta":{"_acf_changed":false},"product_cat":[1365,371],"product_tag":[11300,11072,8452,9139,10010],"class_list":["product","first","instock","shipping-taxable","purchasable","product-type-simple"],"acf":[],"_links":{"self":[{"href":"https:\/\/mouldking.store\/nb\/wp-json\/wp\/v2\/product\/41641","targetHints":{"allow":["GET"]}}],"collection":[{"href":"https:\/\/mouldking.store\/nb\/wp-json\/wp\/v2\/product"}],"about":[{"href":"https:\/\/mouldking.store\/nb\/wp-json\/wp\/v2\/types\/product"}],"replies":[{"embeddable":true,"href":"https:\/\/mouldking.store\/nb\/wp-json\/wp\/v2\/comments?post=41641"}],"wp:featuredmedia":[{"embeddable":true,"href":"https:\/\/mouldking.store\/nb\/wp-json\/wp\/v2\/media\/41633"}],"wp:attachment":[{"href":"https:\/\/mouldking.store\/nb\/wp-json\/wp\/v2\/media?parent=41641"}],"wp:term":[{"taxonomy":"product_cat","embeddable":true,"href":"https:\/\/mouldking.store\/nb\/wp-json\/wp\/v2\/product_cat?post=41641"},{"taxonomy":"product_tag","embeddable":true,"href":"https:\/\/mouldking.store\/nb\/wp-json\/wp\/v2\/product_tag?post=41641"}],"curies":[{"name":"wp","href":"https:\/\/api.w.org\/{rel}","templated":true}]}}