{"id":41667,"date":"2023-02-15T12:33:24","date_gmt":"2023-02-15T05:33:24","guid":{"rendered":"https:\/\/mouldking.store\/shop\/moc-factory-89474-stranger-things-eddie-munsons-campervan-with-1059-pieces\/"},"modified":"2025-12-16T22:25:17","modified_gmt":"2025-12-16T15:25:17","slug":"moc-factory-89474-stranger-things-eddie-munsons-campervan-with-1059-pieces","status":"publish","type":"product","link":"https:\/\/mouldking.store\/nb\/shop\/moc-factory-89474-stranger-things-eddie-munsons-campervan-with-1059-pieces\/","title":{"rendered":"MOC Factory 89474 Stranger Things Eddie Munsons bobil med 1059 stykker"},"content":{"rendered":"<div>\u2705 MOC-89474 Stranger Things Eddie Munsons bobil<\/p>\n<p>\u2705Eddie Munsons Campervan er et kj\u00f8ret\u00f8y som vises i den tredje sesongen av den popul\u00e6re Netflix-serien \u00abStranger Things\u00bb. Den er drevet av karakteren Eddie Munson, som er livredder ved Hawkins felles sv\u00f8mmebasseng.<\/p>\n<p>\ud83d\udeab VIKTIG!<\/p>\n<p>Produktnavn: Stranger Things Eddie Munsons bobil<\/p>\n<p>Kategori: Skaper<\/p>\n<p>Dette settet inneholder: MOC-89474<\/p>\n<p>1059 stk Klosser av god kvalitet<\/p>\n<p>St\u00f8rrelse: 30 x 18,7 x 18,9 cm<\/p>\n<p>St\u00f8rrelse: 37 \u00d7 17 \u00d7 45,5 cm<\/p>\n<p>Vekt: 1,2 kg<\/p>\n<p>\ud83d\udcccProtagonistens natur<\/p>\n<p>Vi introduserer v\u00e5r stolte kolleksjon kalt &quot;Stranger Things Eddie Munson&#039;s Campervan&quot; du ikke b\u00f8r g\u00e5 glipp av.<\/p>\n<p>Varebilen spiller en betydelig rolle i den tredje sesongen, ettersom den brukes av hovedpersonene som transportmiddel til forskjellige steder rundt Hawkins, Indiana. Interi\u00f8ret i bobilen vises ogs\u00e5 i flere scener, med en koselig og nostalgisk 1970-tallsinspirert design.<\/p><\/div>","protected":false},"excerpt":{"rendered":"<p>Merke: MOC Factory<br \/>\nKj\u00f8nn: Unisex<br \/>\nAldersgruppe: &gt; 8 \u00e5r gammel<br \/>\nModellnummer: 89474<br \/>\nKlassifisering: Montering<br \/>\nPlastblokkform: Selvl\u00e5sende murstein<br \/>\nMateriale: Plast<br \/>\nPlasttype: ABS<br \/>\nMursteinsblokker: 1059 +<br \/>\nIngen boks<\/p>","protected":false},"featured_media":41658,"comment_status":"open","ping_status":"closed","template":"","meta":{"_acf_changed":false},"product_cat":[1365,371],"product_tag":[11072,8452,11302,11301,11303,5944],"class_list":["product","first","instock","shipping-taxable","purchasable","product-type-simple"],"acf":[],"_links":{"self":[{"href":"https:\/\/mouldking.store\/nb\/wp-json\/wp\/v2\/product\/41667","targetHints":{"allow":["GET"]}}],"collection":[{"href":"https:\/\/mouldking.store\/nb\/wp-json\/wp\/v2\/product"}],"about":[{"href":"https:\/\/mouldking.store\/nb\/wp-json\/wp\/v2\/types\/product"}],"replies":[{"embeddable":true,"href":"https:\/\/mouldking.store\/nb\/wp-json\/wp\/v2\/comments?post=41667"}],"wp:featuredmedia":[{"embeddable":true,"href":"https:\/\/mouldking.store\/nb\/wp-json\/wp\/v2\/media\/41658"}],"wp:attachment":[{"href":"https:\/\/mouldking.store\/nb\/wp-json\/wp\/v2\/media?parent=41667"}],"wp:term":[{"taxonomy":"product_cat","embeddable":true,"href":"https:\/\/mouldking.store\/nb\/wp-json\/wp\/v2\/product_cat?post=41667"},{"taxonomy":"product_tag","embeddable":true,"href":"https:\/\/mouldking.store\/nb\/wp-json\/wp\/v2\/product_tag?post=41667"}],"curies":[{"name":"wp","href":"https:\/\/api.w.org\/{rel}","templated":true}]}}