{"id":41709,"date":"2023-02-15T14:47:34","date_gmt":"2023-02-15T07:47:34","guid":{"rendered":"https:\/\/mouldking.store\/shop\/moc-factory-73911-falcon-9-heavy-with-1797-pieces\/"},"modified":"2025-12-16T22:25:17","modified_gmt":"2025-12-16T15:25:17","slug":"moc-factory-73911-falcon-9-heavy-with-1797-pieces","status":"publish","type":"product","link":"https:\/\/mouldking.store\/nb\/shop\/moc-factory-73911-falcon-9-heavy-with-1797-pieces\/","title":{"rendered":"MOC Factory 73911 Falcon 9 Tung med 1797 stk"},"content":{"rendered":"<div>\u2705 MOC-73911 Falcon 9 Heavy<\/p>\n<p>\u2705The Falcon Heavy er en tungl\u00f8ftsrakett utviklet og drevet av SpaceX, et privat luftfartsselskap grunnlagt av Elon Musk. Den er designet for \u00e5 v\u00e6re i stand til \u00e5 skyte opp store nyttelaster, inkludert satellitter og romfart\u00f8yer, i bane rundt jorden eller utover.<\/p>\n<p>\ud83d\udeab VIKTIG!<\/p>\n<p>Produktnavn: Falcon 9 Heavy<\/p>\n<p>Kategori: Rom<\/p>\n<p>Dette settet inneholder: MOC-73911<\/p>\n<p>1797 stk Klosser av god kvalitet<\/p>\n<p>St\u00f8rrelse: 12,56 x 4,88 x 70 cm<\/p>\n<p>Vekt: 0,87 kg<\/p>\n<p>PDF-instruksjoner<\/p>\n<p>\ud83d\udcccProtagonistens natur<\/p>\n<p>Vi introduserer v\u00e5r stolte kolleksjon kalt &quot;Falcon 9 Heavy&quot; du ikke b\u00f8r g\u00e5 glipp av.<\/p>\n<p>Falcon Heavy er en variant av Falcon 9-raketten, som er SpaceX sin arbeidshesterakett for \u00e5 levere nyttelast til verdensrommet. Falcon Heavy er i hovedsak tre Falcon 9-boostere festet sammen, med totalt 27 Merlin-motorer som gir kraften som trengs for oppskyting. Den inkluderer ogs\u00e5 et andre trinn, som brukes til \u00e5 levere nyttelast til deres tiltenkte bane eller destinasjon.<\/p><\/div>","protected":false},"excerpt":{"rendered":"<p>Merke: MOC Factory<br \/>\nKj\u00f8nn: Unisex<br \/>\nAldersgruppe: &gt; 12 \u00e5r gammel<br \/>\nModellnummer: 73911<br \/>\nKlassifisering: Montering<br \/>\nPlastblokkform: Selvl\u00e5sende murstein<br \/>\nMateriale: Plast<br \/>\nPlasttype: ABS<br \/>\nMursteinsblokker: 1797 +<br \/>\nIngen boks<\/p>","protected":false},"featured_media":41695,"comment_status":"open","ping_status":"closed","template":"","meta":{"_acf_changed":false},"product_cat":[1357,6016,364],"product_tag":[5349,8162,2276,389],"class_list":["product","first","instock","shipping-taxable","purchasable","product-type-simple"],"acf":[],"_links":{"self":[{"href":"https:\/\/mouldking.store\/nb\/wp-json\/wp\/v2\/product\/41709","targetHints":{"allow":["GET"]}}],"collection":[{"href":"https:\/\/mouldking.store\/nb\/wp-json\/wp\/v2\/product"}],"about":[{"href":"https:\/\/mouldking.store\/nb\/wp-json\/wp\/v2\/types\/product"}],"replies":[{"embeddable":true,"href":"https:\/\/mouldking.store\/nb\/wp-json\/wp\/v2\/comments?post=41709"}],"wp:featuredmedia":[{"embeddable":true,"href":"https:\/\/mouldking.store\/nb\/wp-json\/wp\/v2\/media\/41695"}],"wp:attachment":[{"href":"https:\/\/mouldking.store\/nb\/wp-json\/wp\/v2\/media?parent=41709"}],"wp:term":[{"taxonomy":"product_cat","embeddable":true,"href":"https:\/\/mouldking.store\/nb\/wp-json\/wp\/v2\/product_cat?post=41709"},{"taxonomy":"product_tag","embeddable":true,"href":"https:\/\/mouldking.store\/nb\/wp-json\/wp\/v2\/product_tag?post=41709"}],"curies":[{"name":"wp","href":"https:\/\/api.w.org\/{rel}","templated":true}]}}