{"id":41736,"date":"2023-02-16T09:24:44","date_gmt":"2023-02-16T02:24:44","guid":{"rendered":"https:\/\/mouldking.store\/shop\/moc-factory-70542-gunpowder-barrel-with-744-pieces\/"},"modified":"2025-12-16T22:25:17","modified_gmt":"2025-12-16T15:25:17","slug":"moc-factory-70542-gunpowder-barrel-with-744-pieces","status":"publish","type":"product","link":"https:\/\/mouldking.store\/nb\/shop\/moc-factory-70542-gunpowder-barrel-with-744-pieces\/","title":{"rendered":"MOC Factory 70542 Kruttfat med 744 stk"},"content":{"rendered":"<div>\u2705 MOC-70542 Kruttfat<\/p>\n<p>\u2705Kruttfat er en tret\u00f8nne eller t\u00f8nne fylt med krutt, som er et h\u00f8yeksplosivt stoff. I filmene blir krutt\u00f8nner ofte brukt som plottenhet for \u00e5 lage intense actionsekvenser, for eksempel n\u00e5r de brukes til \u00e5 sprenge skip eller festningsverk.<\/p>\n<p>\ud83d\udeab VIKTIG!<\/p>\n<p>Produktnavn: Gunpowder Barrel<\/p>\n<p>Kategori: Skaper<\/p>\n<p>Dette settet inneholder: MOC-70542<\/p>\n<p>744 stk Klosser av god kvalitet<\/p>\n<p>PDF-instruksjoner<\/p>\n<p>\ud83d\udcccProtagonistens natur<\/p>\n<p>Vi introduserer v\u00e5r stolte kolleksjon kalt &quot;Gunpowder Barrel&quot; du ikke b\u00f8r g\u00e5 glipp av.<\/p>\n<p>Pirater brukte ofte krutt\u00f8nner som et v\u00e5pen, enten ved \u00e5 kaste dem p\u00e5 et fiendtlig skip eller plassere dem strategisk i et fort eller annen defensiv struktur. Tanken er at hvis t\u00f8nnen blir truffet av skudd, kan den detonere og for\u00e5rsake en massiv eksplosjon, potensielt drepe mange mennesker og for\u00e5rsake betydelig skade.<\/p><\/div>","protected":false},"excerpt":{"rendered":"<p>Merke: MOC Factory<br \/>\nKj\u00f8nn: Unisex<br \/>\nAldersgruppe: &gt; 12 \u00e5r gammel<br \/>\nModellnummer: 70542<br \/>\nKlassifisering: Montering<br \/>\nPlastblokkform: Selvl\u00e5sende murstein<br \/>\nMateriale: Plast<br \/>\nPlasttype: ABS<br \/>\nMursteinsblokker: 744 +<br \/>\nArrangementstid: 4-8 uker<\/p>","protected":false},"featured_media":41735,"comment_status":"open","ping_status":"closed","template":"","meta":{"_acf_changed":false},"product_cat":[1365,371,581,1408],"product_tag":[11312,11072,8452,6942,434,2429],"class_list":["product","first","instock","shipping-taxable","purchasable","product-type-simple"],"acf":[],"_links":{"self":[{"href":"https:\/\/mouldking.store\/nb\/wp-json\/wp\/v2\/product\/41736","targetHints":{"allow":["GET"]}}],"collection":[{"href":"https:\/\/mouldking.store\/nb\/wp-json\/wp\/v2\/product"}],"about":[{"href":"https:\/\/mouldking.store\/nb\/wp-json\/wp\/v2\/types\/product"}],"replies":[{"embeddable":true,"href":"https:\/\/mouldking.store\/nb\/wp-json\/wp\/v2\/comments?post=41736"}],"wp:featuredmedia":[{"embeddable":true,"href":"https:\/\/mouldking.store\/nb\/wp-json\/wp\/v2\/media\/41735"}],"wp:attachment":[{"href":"https:\/\/mouldking.store\/nb\/wp-json\/wp\/v2\/media?parent=41736"}],"wp:term":[{"taxonomy":"product_cat","embeddable":true,"href":"https:\/\/mouldking.store\/nb\/wp-json\/wp\/v2\/product_cat?post=41736"},{"taxonomy":"product_tag","embeddable":true,"href":"https:\/\/mouldking.store\/nb\/wp-json\/wp\/v2\/product_tag?post=41736"}],"curies":[{"name":"wp","href":"https:\/\/api.w.org\/{rel}","templated":true}]}}