{"id":41743,"date":"2023-02-16T09:41:57","date_gmt":"2023-02-16T02:41:57","guid":{"rendered":"https:\/\/mouldking.store\/shop\/moc-factory-51547-sheriffs-office-with-1133-pieces\/"},"modified":"2025-12-16T22:25:17","modified_gmt":"2025-12-16T15:25:17","slug":"moc-factory-51547-sheriffs-office-with-1133-pieces","status":"publish","type":"product","link":"https:\/\/mouldking.store\/nb\/shop\/moc-factory-51547-sheriffs-office-with-1133-pieces\/","title":{"rendered":"MOC Factory 51547 Sheriff&#039;s Office med 1133 stykker"},"content":{"rendered":"<div>\u2705 MOC-51547 Sheriff&#039;s Office<\/p>\n<p>\u2705A Sheriff&#039;s Office er et rettsh\u00e5ndhevelsesbyr\u00e5 som vanligvis er ansvarlig for \u00e5 opprettholde ro og orden i et fylke eller annen lokal jurisdiksjon. Sheriff&#039;s Office ledes av en lensmann, som vanligvis er en folkevalgt tjenestemann og fungerer som den \u00f8verste rettsh\u00e5ndheveren for fylket.<\/p>\n<p>\ud83d\udeab VIKTIG!<\/p>\n<p>Produktnavn: Sheriff&#039;s Office<\/p>\n<p>Kategori: Modulbygg<\/p>\n<p>Dette settet inneholder: MOC-51547<\/p>\n<p>1133 stk Klosser av god kvalitet<\/p>\n<p>PDF-instruksjoner<\/p>\n<p>\ud83d\udcccProtagonistens natur<\/p>\n<p>Vi introduserer v\u00e5r stolte samling kalt &quot;Sheriff&#039;s Office&quot; du ikke b\u00f8r g\u00e5 glipp av.<\/p>\n<p>Oppgavene til et sheriffkontor kan variere avhengig av den spesifikke jurisdiksjonen, men inkluderer vanligvis etterforskning av forbrytelser, serveringsordrer, opprettholde orden i rettssaler, f\u00f8re tilsyn med fylkesfengselet og gi generelle rettsh\u00e5ndhevelsestjenester til samfunnet. I tillegg til tradisjonelle rettsh\u00e5ndhevelsesoppgaver, tilbyr mange sheriffkontorer ogs\u00e5 tilleggstjenester til lokalsamfunnene deres, for eksempel s\u00f8ke- og redningsaksjoner, trafikkkontroll og tiltak for lokalpoliti. Noen sheriffkontorer har ogs\u00e5 spesialiserte enheter som SWAT-team, bombegrupper og K-9-enheter.<\/p><\/div>","protected":false},"excerpt":{"rendered":"<p>Merke: MOC Factory<br \/>\nKj\u00f8nn: Unisex<br \/>\nAldersgruppe: &gt; 12 \u00e5r gammel<br \/>\nModellnummer: 51547<br \/>\nKlassifisering: Montering<br \/>\nPlastblokkform: Selvl\u00e5sende murstein<br \/>\nMateriale: Plast<br \/>\nPlasttype: ABS<br \/>\nMursteinsblokker: 1133 +<br \/>\nArrangementstid: 4-8 uker<\/p>","protected":false},"featured_media":41739,"comment_status":"open","ping_status":"closed","template":"","meta":{"_acf_changed":false},"product_cat":[1395,390],"product_tag":[727,4883,392,11316,9100],"class_list":["product","first","instock","shipping-taxable","purchasable","product-type-simple"],"acf":[],"_links":{"self":[{"href":"https:\/\/mouldking.store\/nb\/wp-json\/wp\/v2\/product\/41743","targetHints":{"allow":["GET"]}}],"collection":[{"href":"https:\/\/mouldking.store\/nb\/wp-json\/wp\/v2\/product"}],"about":[{"href":"https:\/\/mouldking.store\/nb\/wp-json\/wp\/v2\/types\/product"}],"replies":[{"embeddable":true,"href":"https:\/\/mouldking.store\/nb\/wp-json\/wp\/v2\/comments?post=41743"}],"wp:featuredmedia":[{"embeddable":true,"href":"https:\/\/mouldking.store\/nb\/wp-json\/wp\/v2\/media\/41739"}],"wp:attachment":[{"href":"https:\/\/mouldking.store\/nb\/wp-json\/wp\/v2\/media?parent=41743"}],"wp:term":[{"taxonomy":"product_cat","embeddable":true,"href":"https:\/\/mouldking.store\/nb\/wp-json\/wp\/v2\/product_cat?post=41743"},{"taxonomy":"product_tag","embeddable":true,"href":"https:\/\/mouldking.store\/nb\/wp-json\/wp\/v2\/product_tag?post=41743"}],"curies":[{"name":"wp","href":"https:\/\/api.w.org\/{rel}","templated":true}]}}