{"id":41755,"date":"2023-02-16T10:10:36","date_gmt":"2023-02-16T03:10:36","guid":{"rendered":"https:\/\/mouldking.store\/shop\/moc-factory-58812-medieval-famous-castle-architecture-treasury-with-2482-pieces\/"},"modified":"2025-12-16T22:25:17","modified_gmt":"2025-12-16T15:25:17","slug":"moc-factory-58812-medieval-famous-castle-architecture-treasury-with-2482-pieces","status":"publish","type":"product","link":"https:\/\/mouldking.store\/nb\/shop\/moc-factory-58812-medieval-famous-castle-architecture-treasury-with-2482-pieces\/","title":{"rendered":"MOC Factory 58812 middelaldersk arkitekturskattkammer med 2482 stykker"},"content":{"rendered":"<div>\u2705 MOC-58812 Medieval Famous Castle Architecture Treasury<\/p>\n<p>\u2705Et middelalderskattkammer er vanligvis et rom eller en bygning som brukes til \u00e5 lagre verdifulle gjenstander, for eksempel gull- og s\u00f8lvmynter, edelstener, smykker og andre verdifulle gjenstander, som tilh\u00f8rte en monark, kirke eller annen velst\u00e5ende institusjon i middelalderen.<\/p>\n<p>\ud83d\udeab VIKTIG!<\/p>\n<p>Produktnavn: Medieval Famous Castle Architecture Treasury<\/p>\n<p>Kategori: Modulbygg<\/p>\n<p>Dette settet inneholder: MOC-58812<\/p>\n<p>2482 stk Klosser av god kvalitet<\/p>\n<p>PDF-instruksjoner<\/p>\n<p>\ud83d\udcccProtagonistens natur<\/p>\n<p>Vi introduserer v\u00e5r stolte samling kalt &quot;Medieval Famous Castle Architecture Treasury&quot; du ikke b\u00f8r g\u00e5 glipp av.<\/p>\n<p>Arkitekturen til et middelaldersk skattkammer vil variere avhengig av den spesifikke tidsperioden og plasseringen, men har vanligvis tykke steinvegger, sm\u00e5 vinduer og en sterk, sikker d\u00f8r for \u00e5 forhindre tyveri. Rommet kan v\u00e6re plassert i et slott, et palass eller en katedral, og ville v\u00e6rt tungt bevoktet av v\u00e6pnede vakter eller riddere. Innvendig ville middelalderskattkammeret v\u00e6rt organisert med kister, skap og hyller for \u00e5 oppbevare de forskjellige verdisakene. Rommet ville v\u00e6re svakt opplyst, med noen f\u00e5 flimrende fakler eller oljelamper for \u00e5 gi lys, og luften ville ha v\u00e6rt tung av duften av r\u00f8kelse og stearinlys.<\/p><\/div>","protected":false},"excerpt":{"rendered":"<p>Merke: MOC Factory<br \/>\nKj\u00f8nn: Unisex<br \/>\nAldersgruppe: &gt; 12 \u00e5r gammel<br \/>\nModellnummer: 58812<br \/>\nKlassifisering: Montering<br \/>\nPlastblokkform: Selvl\u00e5sende murstein<br \/>\nMateriale: Plast<br \/>\nPlasttype: ABS<br \/>\nMursteinsblokker: 2482 +<br \/>\nArrangementstid: 4-8 uker<\/p>","protected":false},"featured_media":41753,"comment_status":"open","ping_status":"closed","template":"","meta":{"_acf_changed":false},"product_cat":[1395,390],"product_tag":[11260,787,4883,11318,4996,392],"class_list":["product","first","instock","shipping-taxable","purchasable","product-type-simple"],"acf":[],"_links":{"self":[{"href":"https:\/\/mouldking.store\/nb\/wp-json\/wp\/v2\/product\/41755","targetHints":{"allow":["GET"]}}],"collection":[{"href":"https:\/\/mouldking.store\/nb\/wp-json\/wp\/v2\/product"}],"about":[{"href":"https:\/\/mouldking.store\/nb\/wp-json\/wp\/v2\/types\/product"}],"replies":[{"embeddable":true,"href":"https:\/\/mouldking.store\/nb\/wp-json\/wp\/v2\/comments?post=41755"}],"wp:featuredmedia":[{"embeddable":true,"href":"https:\/\/mouldking.store\/nb\/wp-json\/wp\/v2\/media\/41753"}],"wp:attachment":[{"href":"https:\/\/mouldking.store\/nb\/wp-json\/wp\/v2\/media?parent=41755"}],"wp:term":[{"taxonomy":"product_cat","embeddable":true,"href":"https:\/\/mouldking.store\/nb\/wp-json\/wp\/v2\/product_cat?post=41755"},{"taxonomy":"product_tag","embeddable":true,"href":"https:\/\/mouldking.store\/nb\/wp-json\/wp\/v2\/product_tag?post=41755"}],"curies":[{"name":"wp","href":"https:\/\/api.w.org\/{rel}","templated":true}]}}