{"id":41770,"date":"2023-02-16T10:52:49","date_gmt":"2023-02-16T03:52:49","guid":{"rendered":"https:\/\/mouldking.store\/shop\/panlosbrick-659009-multifunctional-rescue-team-urban-engineering-team-with-611-pieces\/"},"modified":"2023-02-16T10:52:49","modified_gmt":"2023-02-16T03:52:49","slug":"panlosbrick-659009-multifunctional-rescue-team-urban-engineering-team-with-611-pieces","status":"publish","type":"product","link":"https:\/\/mouldking.store\/nb\/shop\/panlosbrick-659009-multifunctional-rescue-team-urban-engineering-team-with-611-pieces\/","title":{"rendered":"PANLOSBRICK 659009 Multifunksjonelt redningsteam: Urban Engineering Team med 611 stykker"},"content":{"rendered":"<div>\u2705 Panlos 659009 Multifunksjonelt redningsteam: Urban Engineering Team<\/p>\n<p>\u2705Multifunksjonelt redningsteam: Urban Engineering Team er et byggeklosssett som tilh\u00f8rer City-serien med byggeklosssett designet for barn. Settet inneholder 611 byggesteinspartikler, som kan brukes til \u00e5 konstruere en rekke kj\u00f8ret\u00f8y og strukturer relatert til byteknikk og redningsoperasjoner.<\/p>\n<p>\ud83d\udeab VIKTIG!<\/p>\n<p>Produktnavn: Multifunksjonelt redningsteam: Urban Engineering Team<\/p>\n<p>Kategori: Teknikk<\/p>\n<p>Dette settet inneholder: Panlos 659009<\/p>\n<p>611 stk god kvalitet murstein<\/p>\n<p>St\u00f8rrelse: 22 \u00d7 5 \u00d7 8 cm<\/p>\n<p>Manuelle instruksjoner<\/p>\n<p>\ud83d\udcccProtagonistens natur<\/p>\n<p>Vi introduserer v\u00e5r stolte samling kalt &quot;Multifunctional Rescue Team: Urban Engineering Team&quot; du ikke b\u00f8r g\u00e5 glipp av.<\/p>\n<p>Multifunctional Rescue Team: Urban Engineering Team er et byggeklosssett som lar barn konstruere kj\u00f8ret\u00f8y og strukturer relatert til urban redning og konstruksjon og engasjere seg i fantasifulle lekescenarier relatert til urban engineering og redningsoperasjoner. Settet oppmuntrer til kreativitet, probleml\u00f8sning og utvikling av finmotorikk, samtidig som det fremmer interessen for byteknikk og redningsoperasjoner.<\/p><\/div>","protected":false},"excerpt":{"rendered":"<p>Merke: PANLOSBRICK<br \/>\nKj\u00f8nn: Unisex<br \/>\nAldersgruppe: &gt; 6 \u00e5r gammel<br \/>\nModellnummer: 659009<br \/>\nKlassifisering: Montering<br \/>\nPlastblokkform: Selvl\u00e5sende murstein<br \/>\nMateriale: Plast<br \/>\nPlasttype: ABS<br \/>\nMursteinsblokker: 611+<br \/>\nForh\u00e5ndssalg<\/p>","protected":false},"featured_media":41768,"comment_status":"open","ping_status":"closed","template":"","meta":{"_acf_changed":false},"product_cat":[1365,1357,371,364],"product_tag":[11072,8452,11140,11147,8493,11321,389,8697],"class_list":["product","first","instock","shipping-taxable","purchasable","product-type-simple"],"acf":[],"_links":{"self":[{"href":"https:\/\/mouldking.store\/nb\/wp-json\/wp\/v2\/product\/41770","targetHints":{"allow":["GET"]}}],"collection":[{"href":"https:\/\/mouldking.store\/nb\/wp-json\/wp\/v2\/product"}],"about":[{"href":"https:\/\/mouldking.store\/nb\/wp-json\/wp\/v2\/types\/product"}],"replies":[{"embeddable":true,"href":"https:\/\/mouldking.store\/nb\/wp-json\/wp\/v2\/comments?post=41770"}],"wp:featuredmedia":[{"embeddable":true,"href":"https:\/\/mouldking.store\/nb\/wp-json\/wp\/v2\/media\/41768"}],"wp:attachment":[{"href":"https:\/\/mouldking.store\/nb\/wp-json\/wp\/v2\/media?parent=41770"}],"wp:term":[{"taxonomy":"product_cat","embeddable":true,"href":"https:\/\/mouldking.store\/nb\/wp-json\/wp\/v2\/product_cat?post=41770"},{"taxonomy":"product_tag","embeddable":true,"href":"https:\/\/mouldking.store\/nb\/wp-json\/wp\/v2\/product_tag?post=41770"}],"curies":[{"name":"wp","href":"https:\/\/api.w.org\/{rel}","templated":true}]}}