{"id":41790,"date":"2023-02-16T11:50:13","date_gmt":"2023-02-16T04:50:13","guid":{"rendered":"https:\/\/mouldking.store\/shop\/mould-king-12022-world-railways-alligator-electric-locomotive-with-919-pieces\/"},"modified":"2023-02-16T11:50:13","modified_gmt":"2023-02-16T04:50:13","slug":"mould-king-12022-world-railways-alligator-electric-locomotive-with-919-pieces","status":"publish","type":"product","link":"https:\/\/mouldking.store\/nb\/shop\/mould-king-12022-world-railways-alligator-electric-locomotive-with-919-pieces\/","title":{"rendered":"MOLD KING 12022 World Railways: Alligator elektrisk lokomotiv med 919 stykker"},"content":{"rendered":"<div>\u2705MouldKing 12022 World Railways: Alligator elektrisk lokomotiv<\/p>\n<p>\u2705Alligator elektrisk lokomotiv er en type elektrisk lokomotiv som ble brukt p\u00e5 forskjellige jernbaner rundt om i verden. Lokomotivet har f\u00e5tt navnet sitt p\u00e5 grunn av det karakteristiske utseendet, som har en lang, smal kropp og en rekke hengslede seksjoner som ligner baksiden av en alligator.<\/p>\n<p>\ud83d\udeab VIKTIG!<\/p>\n<p>Produktnavn: World Railways: Alligator elektrisk lokomotiv<\/p>\n<p>Kategori: Teknikk<\/p>\n<p>Dette settet inneholder: MouldKing 12022<\/p>\n<p>919 stk Klosser av god kvalitet<\/p>\n<p>St\u00f8rrelse: 48 \u00d7 5,9 \u00d7 13,9 cm<\/p>\n<p>Manuelle instruksjoner<\/p>\n<p>\ud83d\udcccProtagonistens natur<\/p>\n<p>Vi introduserer v\u00e5r stolte kolleksjon kalt &quot;World Railways: Alligator Electric Locomotive&quot; du ikke b\u00f8r g\u00e5 glipp av.<\/p>\n<p>Alligator Electric Locomotive ble f\u00f8rst introdusert p\u00e5 begynnelsen av 1900-tallet og ble f\u00f8rst og fremst brukt til godstransport. Den ble designet for \u00e5 v\u00e6re kraftig og effektiv, med evnen til \u00e5 frakte tung last over lange avstander. Lokomotivet ble drevet av en elektrisk motor, som hentet energien fra overliggende kraftledninger eller et batteri ombord. Utformingen av lokomotivet tillot det \u00e5 operere i et bredt spekter av milj\u00f8er, inkludert bratte stigninger og trange kurver.<\/p><\/div>","protected":false},"excerpt":{"rendered":"<p>Merke: MOLD KING<br \/>\nKj\u00f8nn: Unisex<br \/>\nAldersgruppe: &gt; 8 \u00e5r gammel<br \/>\nModellnummer: 12022<br \/>\nKlassifisering: Montering<br \/>\nPlastblokkform: Selvl\u00e5sende murstein<br \/>\nMateriale: Plast<br \/>\nPlasttype: ABS<br \/>\nMursteinsblokker: 919+<br \/>\nForh\u00e5ndssalg<\/p>","protected":false},"featured_media":41789,"comment_status":"open","ping_status":"closed","template":"","meta":{"_acf_changed":false},"product_cat":[1357,364],"product_tag":[11330,9981,2635,389,11080,8802],"class_list":["product","first","instock","shipping-taxable","purchasable","product-type-simple"],"acf":[],"_links":{"self":[{"href":"https:\/\/mouldking.store\/nb\/wp-json\/wp\/v2\/product\/41790","targetHints":{"allow":["GET"]}}],"collection":[{"href":"https:\/\/mouldking.store\/nb\/wp-json\/wp\/v2\/product"}],"about":[{"href":"https:\/\/mouldking.store\/nb\/wp-json\/wp\/v2\/types\/product"}],"replies":[{"embeddable":true,"href":"https:\/\/mouldking.store\/nb\/wp-json\/wp\/v2\/comments?post=41790"}],"wp:featuredmedia":[{"embeddable":true,"href":"https:\/\/mouldking.store\/nb\/wp-json\/wp\/v2\/media\/41789"}],"wp:attachment":[{"href":"https:\/\/mouldking.store\/nb\/wp-json\/wp\/v2\/media?parent=41790"}],"wp:term":[{"taxonomy":"product_cat","embeddable":true,"href":"https:\/\/mouldking.store\/nb\/wp-json\/wp\/v2\/product_cat?post=41790"},{"taxonomy":"product_tag","embeddable":true,"href":"https:\/\/mouldking.store\/nb\/wp-json\/wp\/v2\/product_tag?post=41790"}],"curies":[{"name":"wp","href":"https:\/\/api.w.org\/{rel}","templated":true}]}}